{"id":985,"date":"2023-07-29T18:54:45","date_gmt":"2023-07-29T18:54:45","guid":{"rendered":"https:\/\/360aestheticsmedspa.com\/?page_id=985"},"modified":"2023-07-29T19:08:11","modified_gmt":"2023-07-29T19:08:11","slug":"velvet","status":"publish","type":"page","link":"https:\/\/360aestheticsmedspa.com\/es\/velvet\/","title":{"rendered":"Velvet"},"content":{"rendered":"<div data-elementor-type=\"wp-page\" data-elementor-id=\"985\" class=\"elementor elementor-985\" data-elementor-post-type=\"page\">\n\t\t\t\t\t\t<section class=\"elementor-section elementor-top-section elementor-element elementor-element-1891ee8 elementor-section-boxed elementor-section-height-default elementor-section-height-default\" data-id=\"1891ee8\" data-element_type=\"section\" data-settings=\"{&quot;background_background&quot;:&quot;classic&quot;}\">\n\t\t\t\t\t\t<div class=\"elementor-container elementor-column-gap-default\">\n\t\t\t\t\t<div class=\"elementor-column elementor-col-100 elementor-top-column elementor-element elementor-element-c07b0d1\" data-id=\"c07b0d1\" data-element_type=\"column\">\n\t\t\t<div class=\"elementor-widget-wrap elementor-element-populated\">\n\t\t\t\t\t\t<div class=\"elementor-element elementor-element-fb42dc4 elementor-widget elementor-widget-heading\" data-id=\"fb42dc4\" data-element_type=\"widget\" data-widget_type=\"heading.default\">\n\t\t\t\t<div class=\"elementor-widget-container\">\n\t\t\t\t\t<h3 class=\"elementor-heading-title elementor-size-default\">Velvet<\/h3>\t\t\t\t<\/div>\n\t\t\t\t<\/div>\n\t\t\t\t<section class=\"elementor-section elementor-inner-section elementor-element elementor-element-85d7937 elementor-section-content-middle elementor-section-boxed elementor-section-height-default elementor-section-height-default\" data-id=\"85d7937\" data-element_type=\"section\">\n\t\t\t\t\t\t<div class=\"elementor-container elementor-column-gap-default\">\n\t\t\t\t\t<div class=\"elementor-column elementor-col-50 elementor-inner-column elementor-element elementor-element-44261a7\" data-id=\"44261a7\" data-element_type=\"column\">\n\t\t\t<div class=\"elementor-widget-wrap elementor-element-populated\">\n\t\t\t\t\t\t<div class=\"elementor-element elementor-element-6ca8e75 elementor-widget elementor-widget-heading\" data-id=\"6ca8e75\" data-element_type=\"widget\" data-widget_type=\"heading.default\">\n\t\t\t\t<div class=\"elementor-widget-container\">\n\t\t\t\t\t<h3 class=\"elementor-heading-title elementor-size-default\">Velvet: Innovaci\u00f3n en rellenos de gl\u00fateos con \u00e1cido hialur\u00f3nico\n\n<\/h3>\t\t\t\t<\/div>\n\t\t\t\t<\/div>\n\t\t\t\t<div class=\"elementor-element elementor-element-da40cde elementor-widget elementor-widget-text-editor\" data-id=\"da40cde\" data-element_type=\"widget\" data-widget_type=\"text-editor.default\">\n\t\t\t\t<div class=\"elementor-widget-container\">\n\t\t\t\t\t\t\t\t\t<p>En el campo de la medicina est\u00e9tica es fundamental la b\u00fasqueda de productos y tratamientos avanzados que proporcionen resultados m\u00e1s naturales y c\u00f3modos para los pacientes. Con ese objetivo en mente, Velvet surge como un \u00e1cido hialur\u00f3nico revolucionario dise\u00f1ado espec\u00edficamente para el aumento de gl\u00fateos.<\/p>\t\t\t\t\t\t\t\t<\/div>\n\t\t\t\t<\/div>\n\t\t\t\t\t<\/div>\n\t\t<\/div>\n\t\t\t\t<div class=\"elementor-column elementor-col-50 elementor-inner-column elementor-element elementor-element-30507d0\" data-id=\"30507d0\" data-element_type=\"column\">\n\t\t\t<div class=\"elementor-widget-wrap elementor-element-populated\">\n\t\t\t\t\t\t<div class=\"elementor-element elementor-element-6cadd90 elementor-widget elementor-widget-image\" data-id=\"6cadd90\" data-element_type=\"widget\" data-widget_type=\"image.default\">\n\t\t\t\t<div class=\"elementor-widget-container\">\n\t\t\t\t\t\t\t\t\t\t\t\t\t\t\t<img fetchpriority=\"high\" decoding=\"async\" width=\"800\" height=\"534\" src=\"https:\/\/360aestheticsmedspa.com\/wp-content\/uploads\/2023\/07\/culo-femenino-fondo-blanco-hermoso-trasero-femenino-tanga.jpg\" class=\"attachment-large size-large wp-image-1054\" alt=\"\" srcset=\"https:\/\/360aestheticsmedspa.com\/wp-content\/uploads\/2023\/07\/culo-femenino-fondo-blanco-hermoso-trasero-femenino-tanga.jpg 1000w, https:\/\/360aestheticsmedspa.com\/wp-content\/uploads\/2023\/07\/culo-femenino-fondo-blanco-hermoso-trasero-femenino-tanga-300x200.jpg 300w, https:\/\/360aestheticsmedspa.com\/wp-content\/uploads\/2023\/07\/culo-femenino-fondo-blanco-hermoso-trasero-femenino-tanga-768x512.jpg 768w, https:\/\/360aestheticsmedspa.com\/wp-content\/uploads\/2023\/07\/culo-femenino-fondo-blanco-hermoso-trasero-femenino-tanga-18x12.jpg 18w\" sizes=\"(max-width: 800px) 100vw, 800px\" \/>\t\t\t\t\t\t\t\t\t\t\t\t\t\t\t<\/div>\n\t\t\t\t<\/div>\n\t\t\t\t\t<\/div>\n\t\t<\/div>\n\t\t\t\t\t<\/div>\n\t\t<\/section>\n\t\t\t\t<section class=\"elementor-section elementor-inner-section elementor-element elementor-element-4adfb82 elementor-section-content-middle elementor-section-boxed elementor-section-height-default elementor-section-height-default\" data-id=\"4adfb82\" data-element_type=\"section\">\n\t\t\t\t\t\t<div class=\"elementor-container elementor-column-gap-default\">\n\t\t\t\t\t<div class=\"elementor-column elementor-col-50 elementor-inner-column elementor-element elementor-element-a3d8e90\" data-id=\"a3d8e90\" data-element_type=\"column\">\n\t\t\t<div class=\"elementor-widget-wrap elementor-element-populated\">\n\t\t\t\t\t\t<div class=\"elementor-element elementor-element-951fb2f elementor-widget elementor-widget-image\" data-id=\"951fb2f\" data-element_type=\"widget\" data-widget_type=\"image.default\">\n\t\t\t\t<div class=\"elementor-widget-container\">\n\t\t\t\t\t\t\t\t\t\t\t\t\t\t\t<img decoding=\"async\" width=\"800\" height=\"534\" src=\"https:\/\/360aestheticsmedspa.com\/wp-content\/uploads\/2023\/07\/primer-plano-hermoso-cuerpo-mujer-delgada-nalgas-sexy-gran-culo.jpg\" class=\"attachment-large size-large wp-image-1055\" alt=\"\" srcset=\"https:\/\/360aestheticsmedspa.com\/wp-content\/uploads\/2023\/07\/primer-plano-hermoso-cuerpo-mujer-delgada-nalgas-sexy-gran-culo.jpg 1000w, https:\/\/360aestheticsmedspa.com\/wp-content\/uploads\/2023\/07\/primer-plano-hermoso-cuerpo-mujer-delgada-nalgas-sexy-gran-culo-300x200.jpg 300w, https:\/\/360aestheticsmedspa.com\/wp-content\/uploads\/2023\/07\/primer-plano-hermoso-cuerpo-mujer-delgada-nalgas-sexy-gran-culo-768x512.jpg 768w, https:\/\/360aestheticsmedspa.com\/wp-content\/uploads\/2023\/07\/primer-plano-hermoso-cuerpo-mujer-delgada-nalgas-sexy-gran-culo-18x12.jpg 18w\" sizes=\"(max-width: 800px) 100vw, 800px\" \/>\t\t\t\t\t\t\t\t\t\t\t\t\t\t\t<\/div>\n\t\t\t\t<\/div>\n\t\t\t\t\t<\/div>\n\t\t<\/div>\n\t\t\t\t<div class=\"elementor-column elementor-col-50 elementor-inner-column elementor-element elementor-element-c920d7f\" data-id=\"c920d7f\" data-element_type=\"column\">\n\t\t\t<div class=\"elementor-widget-wrap elementor-element-populated\">\n\t\t\t\t\t\t<div class=\"elementor-element elementor-element-ebba5b6 elementor-widget elementor-widget-heading\" data-id=\"ebba5b6\" data-element_type=\"widget\" data-widget_type=\"heading.default\">\n\t\t\t\t<div class=\"elementor-widget-container\">\n\t\t\t\t\t<h3 class=\"elementor-heading-title elementor-size-default\">Resultados m\u00e1s naturales y menos dolorosos<\/h3>\t\t\t\t<\/div>\n\t\t\t\t<\/div>\n\t\t\t\t<div class=\"elementor-element elementor-element-0cdf685 elementor-widget elementor-widget-text-editor\" data-id=\"0cdf685\" data-element_type=\"widget\" data-widget_type=\"text-editor.default\">\n\t\t\t\t<div class=\"elementor-widget-container\">\n\t\t\t\t\t\t\t\t\t<p>Una de las principales ventajas de Velvet es su capacidad para proporcionar resultados m\u00e1s naturales en el aumento y mejora de los gl\u00fateos. Gracias a su avanzada f\u00f3rmula de \u00e1cido hialur\u00f3nico, este producto consigue una integraci\u00f3n armoniosa con los tejidos de la zona tratada, ofreciendo un aspecto m\u00e1s suave y aut\u00e9ntico.<\/p><p>Una de las principales ventajas de Velvet es su capacidad para proporcionar resultados m\u00e1s naturales en el aumento y mejora de los gl\u00fateos. Gracias a su avanzada f\u00f3rmula de \u00e1cido hialur\u00f3nico, este producto consigue una integraci\u00f3n armoniosa con los tejidos de la zona tratada, ofreciendo un aspecto m\u00e1s suave y aut\u00e9ntico.<\/p>\t\t\t\t\t\t\t\t<\/div>\n\t\t\t\t<\/div>\n\t\t\t\t\t<\/div>\n\t\t<\/div>\n\t\t\t\t\t<\/div>\n\t\t<\/section>\n\t\t\t\t<section class=\"elementor-section elementor-inner-section elementor-element elementor-element-9e1768f elementor-section-content-middle elementor-section-boxed elementor-section-height-default elementor-section-height-default\" data-id=\"9e1768f\" data-element_type=\"section\">\n\t\t\t\t\t\t<div class=\"elementor-container elementor-column-gap-default\">\n\t\t\t\t\t<div class=\"elementor-column elementor-col-50 elementor-inner-column elementor-element elementor-element-b75dc24\" data-id=\"b75dc24\" data-element_type=\"column\">\n\t\t\t<div class=\"elementor-widget-wrap elementor-element-populated\">\n\t\t\t\t\t\t<div class=\"elementor-element elementor-element-d6b5a9f elementor-widget elementor-widget-heading\" data-id=\"d6b5a9f\" data-element_type=\"widget\" data-widget_type=\"heading.default\">\n\t\t\t\t<div class=\"elementor-widget-container\">\n\t\t\t\t\t<h3 class=\"elementor-heading-title elementor-size-default\">Nueva tecnolog\u00eda para resultados excepcionales\n\n<\/h3>\t\t\t\t<\/div>\n\t\t\t\t<\/div>\n\t\t\t\t<div class=\"elementor-element elementor-element-da2e2f7 elementor-widget elementor-widget-text-editor\" data-id=\"da2e2f7\" data-element_type=\"widget\" data-widget_type=\"text-editor.default\">\n\t\t\t\t<div class=\"elementor-widget-container\">\n\t\t\t\t\t\t\t\t\t<p>La f\u00f3rmula de \u00e1cido hialur\u00f3nico de Velvet representa un avance significativo en la tecnolog\u00eda de rellenos de gl\u00fateos. Con el uso de esta nueva tecnolog\u00eda los resultados obtenidos en los pacientes son m\u00e1s naturales y se adaptan armoniosamente al cuerpo, ofreciendo una apariencia m\u00e1s equilibrada y est\u00e9tica.<\/p><p>La innovaci\u00f3n detr\u00e1s de Velvet tambi\u00e9n se traduce en resultados m\u00e1s duraderos, lo que significa que los pacientes pueden disfrutar de su apariencia mejorada durante un per\u00edodo prolongado antes de necesitar sesiones de retoque. Esto lo convierte en una opci\u00f3n atractiva para quienes buscan una soluci\u00f3n duradera para realzar sus gl\u00fateos.<\/p><p>Velvet significa un avance apasionante en el campo de los rellenos de gl\u00fateos con \u00e1cido hialur\u00f3nico. Su f\u00f3rmula innovadora y tecnolog\u00eda avanzada brindan a los pacientes resultados m\u00e1s naturales, mientras que la comodidad y el m\u00ednimo dolor durante el procedimiento hacen que la experiencia sea m\u00e1s placentera.<\/p>\t\t\t\t\t\t\t\t<\/div>\n\t\t\t\t<\/div>\n\t\t\t\t\t<\/div>\n\t\t<\/div>\n\t\t\t\t<div class=\"elementor-column elementor-col-50 elementor-inner-column elementor-element elementor-element-03695a1\" data-id=\"03695a1\" data-element_type=\"column\">\n\t\t\t<div class=\"elementor-widget-wrap elementor-element-populated\">\n\t\t\t\t\t\t<div class=\"elementor-element elementor-element-8dd9aea elementor-widget elementor-widget-image\" data-id=\"8dd9aea\" data-element_type=\"widget\" data-widget_type=\"image.default\">\n\t\t\t\t<div class=\"elementor-widget-container\">\n\t\t\t\t\t\t\t\t\t\t\t\t\t\t\t<img decoding=\"async\" width=\"667\" height=\"1000\" src=\"https:\/\/360aestheticsmedspa.com\/wp-content\/uploads\/2023\/07\/retrato-mitad-cuerpo-femenino-sexy-ropa-interior.jpg\" class=\"attachment-large size-large wp-image-1056\" alt=\"\" srcset=\"https:\/\/360aestheticsmedspa.com\/wp-content\/uploads\/2023\/07\/retrato-mitad-cuerpo-femenino-sexy-ropa-interior.jpg 667w, https:\/\/360aestheticsmedspa.com\/wp-content\/uploads\/2023\/07\/retrato-mitad-cuerpo-femenino-sexy-ropa-interior-200x300.jpg 200w, https:\/\/360aestheticsmedspa.com\/wp-content\/uploads\/2023\/07\/retrato-mitad-cuerpo-femenino-sexy-ropa-interior-8x12.jpg 8w\" sizes=\"(max-width: 667px) 100vw, 667px\" \/>\t\t\t\t\t\t\t\t\t\t\t\t\t\t\t<\/div>\n\t\t\t\t<\/div>\n\t\t\t\t\t<\/div>\n\t\t<\/div>\n\t\t\t\t\t<\/div>\n\t\t<\/section>\n\t\t\t\t\t<\/div>\n\t\t<\/div>\n\t\t\t\t\t<\/div>\n\t\t<\/section>\n\t\t\t\t<section class=\"elementor-section elementor-top-section elementor-element elementor-element-8be9bdf elementor-section-full_width elementor-section-height-default elementor-section-height-default\" data-id=\"8be9bdf\" data-element_type=\"section\">\n\t\t\t\t\t\t<div class=\"elementor-container elementor-column-gap-no\">\n\t\t\t\t\t<div class=\"elementor-column elementor-col-100 elementor-top-column elementor-element elementor-element-dc3eab5\" data-id=\"dc3eab5\" data-element_type=\"column\">\n\t\t\t<div class=\"elementor-widget-wrap elementor-element-populated\">\n\t\t\t\t\t\t<div class=\"elementor-element elementor-element-cc0cf13 elementor-widget elementor-widget-image\" data-id=\"cc0cf13\" data-element_type=\"widget\" data-widget_type=\"image.default\">\n\t\t\t\t<div class=\"elementor-widget-container\">\n\t\t\t\t\t\t\t\t\t\t\t\t\t\t\t<img loading=\"lazy\" decoding=\"async\" width=\"1500\" height=\"490\" src=\"https:\/\/360aestheticsmedspa.com\/wp-content\/uploads\/2023\/07\/gluteo-vive.jpg\" class=\"attachment-full size-full wp-image-1057\" alt=\"\" srcset=\"https:\/\/360aestheticsmedspa.com\/wp-content\/uploads\/2023\/07\/gluteo-vive.jpg 1500w, https:\/\/360aestheticsmedspa.com\/wp-content\/uploads\/2023\/07\/gluteo-vive-300x98.jpg 300w, https:\/\/360aestheticsmedspa.com\/wp-content\/uploads\/2023\/07\/gluteo-vive-1024x335.jpg 1024w, https:\/\/360aestheticsmedspa.com\/wp-content\/uploads\/2023\/07\/gluteo-vive-768x251.jpg 768w, https:\/\/360aestheticsmedspa.com\/wp-content\/uploads\/2023\/07\/gluteo-vive-18x6.jpg 18w\" sizes=\"(max-width: 1500px) 100vw, 1500px\" \/>\t\t\t\t\t\t\t\t\t\t\t\t\t\t\t<\/div>\n\t\t\t\t<\/div>\n\t\t\t\t\t<\/div>\n\t\t<\/div>\n\t\t\t\t\t<\/div>\n\t\t<\/section>\n\t\t\t\t<section class=\"elementor-section elementor-top-section elementor-element elementor-element-a96503d elementor-section-boxed elementor-section-height-default elementor-section-height-default\" data-id=\"a96503d\" data-element_type=\"section\" data-settings=\"{&quot;background_background&quot;:&quot;classic&quot;}\">\n\t\t\t\t\t\t<div class=\"elementor-container elementor-column-gap-default\">\n\t\t\t\t\t<div class=\"elementor-column elementor-col-100 elementor-top-column elementor-element elementor-element-6d96489\" data-id=\"6d96489\" data-element_type=\"column\">\n\t\t\t<div class=\"elementor-widget-wrap elementor-element-populated\">\n\t\t\t\t\t\t<div class=\"elementor-element elementor-element-686de35 elementor-widget elementor-widget-text-editor\" data-id=\"686de35\" data-element_type=\"widget\" data-widget_type=\"text-editor.default\">\n\t\t\t\t<div class=\"elementor-widget-container\">\n\t\t\t\t\t\t\t\t\t<p>Los m\u00e9dicos est\u00e9ticos pueden confiar en Velvet como una herramienta eficaz y segura para realzar los gl\u00fateos de sus pacientes, proporcion\u00e1ndoles una apariencia m\u00e1s est\u00e9tica y atractiva. Si est\u00e1 interesado en mejorar de forma segura la forma y el volumen de sus gl\u00fateos con resultados sobresalientes, Velvet es una opci\u00f3n que definitivamente vale la pena considerar.<\/p>\t\t\t\t\t\t\t\t<\/div>\n\t\t\t\t<\/div>\n\t\t\t\t<div class=\"elementor-element elementor-element-08c7ea1 elementor-widget elementor-widget-spacer\" data-id=\"08c7ea1\" data-element_type=\"widget\" data-widget_type=\"spacer.default\">\n\t\t\t\t<div class=\"elementor-widget-container\">\n\t\t\t\t\t\t\t<div class=\"elementor-spacer\">\n\t\t\t<div class=\"elementor-spacer-inner\"><\/div>\n\t\t<\/div>\n\t\t\t\t\t\t<\/div>\n\t\t\t\t<\/div>\n\t\t\t\t\t<\/div>\n\t\t<\/div>\n\t\t\t\t\t<\/div>\n\t\t<\/section>\n\t\t\t\t<\/div>","protected":false},"excerpt":{"rendered":"<p>Velvet Velvet: Innovation in Gluteal Fillers with Hyaluronic Acid In the field of aesthetic medicine, the search for advanced products and treatments that provide more natural and comfortable results for patients is essential. With that goal in mind, Velvet emerges as a revolutionary hyaluronic acid specifically designed for gluteal (buttock) augmentation. More Natural and Less [&hellip;]<\/p>","protected":false},"author":1,"featured_media":0,"parent":0,"menu_order":0,"comment_status":"closed","ping_status":"closed","template":"elementor_header_footer","meta":{"_joinchat":[],"footnotes":""},"class_list":["post-985","page","type-page","status-publish","hentry"],"yoast_head":"<!-- This site is optimized with the Yoast SEO plugin v25.5 - https:\/\/yoast.com\/wordpress\/plugins\/seo\/ -->\n<title>Velvet - 360<\/title>\n<meta name=\"robots\" content=\"index, follow, max-snippet:-1, max-image-preview:large, max-video-preview:-1\" \/>\n<link rel=\"canonical\" href=\"https:\/\/360aestheticsmedspa.com\/es\/velvet\/\" \/>\n<meta property=\"og:locale\" content=\"es_MX\" \/>\n<meta property=\"og:type\" content=\"article\" \/>\n<meta property=\"og:title\" content=\"Velvet - 360\" \/>\n<meta property=\"og:description\" content=\"Velvet Velvet: Innovation in Gluteal Fillers with Hyaluronic Acid In the field of aesthetic medicine, the search for advanced products and treatments that provide more natural and comfortable results for patients is essential. With that goal in mind, Velvet emerges as a revolutionary hyaluronic acid specifically designed for gluteal (buttock) augmentation. More Natural and Less [&hellip;]\" \/>\n<meta property=\"og:url\" content=\"https:\/\/360aestheticsmedspa.com\/es\/velvet\/\" \/>\n<meta property=\"og:site_name\" content=\"360\" \/>\n<meta property=\"article:modified_time\" content=\"2023-07-29T19:08:11+00:00\" \/>\n<meta property=\"og:image\" content=\"https:\/\/360aestheticsmedspa.com\/wp-content\/uploads\/2023\/07\/culo-femenino-fondo-blanco-hermoso-trasero-femenino-tanga.jpg\" \/>\n<meta name=\"twitter:card\" content=\"summary_large_image\" \/>\n<meta name=\"twitter:label1\" content=\"Tiempo de lectura\" \/>\n\t<meta name=\"twitter:data1\" content=\"2 minutos\" \/>\n<script type=\"application\/ld+json\" class=\"yoast-schema-graph\">{\"@context\":\"https:\/\/schema.org\",\"@graph\":[{\"@type\":\"WebPage\",\"@id\":\"https:\/\/360aestheticsmedspa.com\/velvet\/\",\"url\":\"https:\/\/360aestheticsmedspa.com\/velvet\/\",\"name\":\"Velvet - 360\",\"isPartOf\":{\"@id\":\"https:\/\/360aestheticsmedspa.com\/#website\"},\"primaryImageOfPage\":{\"@id\":\"https:\/\/360aestheticsmedspa.com\/velvet\/#primaryimage\"},\"image\":{\"@id\":\"https:\/\/360aestheticsmedspa.com\/velvet\/#primaryimage\"},\"thumbnailUrl\":\"https:\/\/360aestheticsmedspa.com\/wp-content\/uploads\/2023\/07\/culo-femenino-fondo-blanco-hermoso-trasero-femenino-tanga.jpg\",\"datePublished\":\"2023-07-29T18:54:45+00:00\",\"dateModified\":\"2023-07-29T19:08:11+00:00\",\"breadcrumb\":{\"@id\":\"https:\/\/360aestheticsmedspa.com\/velvet\/#breadcrumb\"},\"inLanguage\":\"es\",\"potentialAction\":[{\"@type\":\"ReadAction\",\"target\":[\"https:\/\/360aestheticsmedspa.com\/velvet\/\"]}]},{\"@type\":\"ImageObject\",\"inLanguage\":\"es\",\"@id\":\"https:\/\/360aestheticsmedspa.com\/velvet\/#primaryimage\",\"url\":\"https:\/\/360aestheticsmedspa.com\/wp-content\/uploads\/2023\/07\/culo-femenino-fondo-blanco-hermoso-trasero-femenino-tanga.jpg\",\"contentUrl\":\"https:\/\/360aestheticsmedspa.com\/wp-content\/uploads\/2023\/07\/culo-femenino-fondo-blanco-hermoso-trasero-femenino-tanga.jpg\"},{\"@type\":\"BreadcrumbList\",\"@id\":\"https:\/\/360aestheticsmedspa.com\/velvet\/#breadcrumb\",\"itemListElement\":[{\"@type\":\"ListItem\",\"position\":1,\"name\":\"Home\",\"item\":\"https:\/\/360aestheticsmedspa.com\/\"},{\"@type\":\"ListItem\",\"position\":2,\"name\":\"Velvet\"}]},{\"@type\":\"WebSite\",\"@id\":\"https:\/\/360aestheticsmedspa.com\/#website\",\"url\":\"https:\/\/360aestheticsmedspa.com\/\",\"name\":\"360\",\"description\":\"Aesthetics\",\"potentialAction\":[{\"@type\":\"SearchAction\",\"target\":{\"@type\":\"EntryPoint\",\"urlTemplate\":\"https:\/\/360aestheticsmedspa.com\/?s={search_term_string}\"},\"query-input\":{\"@type\":\"PropertyValueSpecification\",\"valueRequired\":true,\"valueName\":\"search_term_string\"}}],\"inLanguage\":\"es\"}]}<\/script>\n<!-- \/ Yoast SEO plugin. -->","yoast_head_json":{"title":"Velvet - 360","robots":{"index":"index","follow":"follow","max-snippet":"max-snippet:-1","max-image-preview":"max-image-preview:large","max-video-preview":"max-video-preview:-1"},"canonical":"https:\/\/360aestheticsmedspa.com\/es\/velvet\/","og_locale":"es_MX","og_type":"article","og_title":"Velvet - 360","og_description":"Velvet Velvet: Innovation in Gluteal Fillers with Hyaluronic Acid In the field of aesthetic medicine, the search for advanced products and treatments that provide more natural and comfortable results for patients is essential. With that goal in mind, Velvet emerges as a revolutionary hyaluronic acid specifically designed for gluteal (buttock) augmentation. More Natural and Less [&hellip;]","og_url":"https:\/\/360aestheticsmedspa.com\/es\/velvet\/","og_site_name":"360","article_modified_time":"2023-07-29T19:08:11+00:00","og_image":[{"url":"https:\/\/360aestheticsmedspa.com\/wp-content\/uploads\/2023\/07\/culo-femenino-fondo-blanco-hermoso-trasero-femenino-tanga.jpg","type":"","width":"","height":""}],"twitter_card":"summary_large_image","twitter_misc":{"Tiempo de lectura":"2 minutos"},"schema":{"@context":"https:\/\/schema.org","@graph":[{"@type":"WebPage","@id":"https:\/\/360aestheticsmedspa.com\/velvet\/","url":"https:\/\/360aestheticsmedspa.com\/velvet\/","name":"Velvet - 360","isPartOf":{"@id":"https:\/\/360aestheticsmedspa.com\/#website"},"primaryImageOfPage":{"@id":"https:\/\/360aestheticsmedspa.com\/velvet\/#primaryimage"},"image":{"@id":"https:\/\/360aestheticsmedspa.com\/velvet\/#primaryimage"},"thumbnailUrl":"https:\/\/360aestheticsmedspa.com\/wp-content\/uploads\/2023\/07\/culo-femenino-fondo-blanco-hermoso-trasero-femenino-tanga.jpg","datePublished":"2023-07-29T18:54:45+00:00","dateModified":"2023-07-29T19:08:11+00:00","breadcrumb":{"@id":"https:\/\/360aestheticsmedspa.com\/velvet\/#breadcrumb"},"inLanguage":"es","potentialAction":[{"@type":"ReadAction","target":["https:\/\/360aestheticsmedspa.com\/velvet\/"]}]},{"@type":"ImageObject","inLanguage":"es","@id":"https:\/\/360aestheticsmedspa.com\/velvet\/#primaryimage","url":"https:\/\/360aestheticsmedspa.com\/wp-content\/uploads\/2023\/07\/culo-femenino-fondo-blanco-hermoso-trasero-femenino-tanga.jpg","contentUrl":"https:\/\/360aestheticsmedspa.com\/wp-content\/uploads\/2023\/07\/culo-femenino-fondo-blanco-hermoso-trasero-femenino-tanga.jpg"},{"@type":"BreadcrumbList","@id":"https:\/\/360aestheticsmedspa.com\/velvet\/#breadcrumb","itemListElement":[{"@type":"ListItem","position":1,"name":"Home","item":"https:\/\/360aestheticsmedspa.com\/"},{"@type":"ListItem","position":2,"name":"Velvet"}]},{"@type":"WebSite","@id":"https:\/\/360aestheticsmedspa.com\/#website","url":"https:\/\/360aestheticsmedspa.com\/","name":"360","description":"Aesthetics","potentialAction":[{"@type":"SearchAction","target":{"@type":"EntryPoint","urlTemplate":"https:\/\/360aestheticsmedspa.com\/?s={search_term_string}"},"query-input":{"@type":"PropertyValueSpecification","valueRequired":true,"valueName":"search_term_string"}}],"inLanguage":"es"}]}},"_links":{"self":[{"href":"https:\/\/360aestheticsmedspa.com\/es\/wp-json\/wp\/v2\/pages\/985","targetHints":{"allow":["GET"]}}],"collection":[{"href":"https:\/\/360aestheticsmedspa.com\/es\/wp-json\/wp\/v2\/pages"}],"about":[{"href":"https:\/\/360aestheticsmedspa.com\/es\/wp-json\/wp\/v2\/types\/page"}],"author":[{"embeddable":true,"href":"https:\/\/360aestheticsmedspa.com\/es\/wp-json\/wp\/v2\/users\/1"}],"replies":[{"embeddable":true,"href":"https:\/\/360aestheticsmedspa.com\/es\/wp-json\/wp\/v2\/comments?post=985"}],"version-history":[{"count":0,"href":"https:\/\/360aestheticsmedspa.com\/es\/wp-json\/wp\/v2\/pages\/985\/revisions"}],"wp:attachment":[{"href":"https:\/\/360aestheticsmedspa.com\/es\/wp-json\/wp\/v2\/media?parent=985"}],"curies":[{"name":"wp","href":"https:\/\/api.w.org\/{rel}","templated":true}]}}