{"id":984,"date":"2023-07-29T18:54:29","date_gmt":"2023-07-29T18:54:29","guid":{"rendered":"https:\/\/360aestheticsmedspa.com\/?page_id=984"},"modified":"2023-10-12T17:37:25","modified_gmt":"2023-10-12T17:37:25","slug":"restylane-2","status":"publish","type":"page","link":"https:\/\/360aestheticsmedspa.com\/es\/restylane-2\/","title":{"rendered":"Restylane"},"content":{"rendered":"<div data-elementor-type=\"wp-page\" data-elementor-id=\"984\" class=\"elementor elementor-984\" data-elementor-post-type=\"page\">\n\t\t\t\t\t\t<section class=\"elementor-section elementor-top-section elementor-element elementor-element-d834af3 elementor-section-boxed elementor-section-height-default elementor-section-height-default\" data-id=\"d834af3\" data-element_type=\"section\" data-settings=\"{&quot;background_background&quot;:&quot;classic&quot;}\">\n\t\t\t\t\t\t<div class=\"elementor-container elementor-column-gap-default\">\n\t\t\t\t\t<div class=\"elementor-column elementor-col-100 elementor-top-column elementor-element elementor-element-00d7588\" data-id=\"00d7588\" data-element_type=\"column\">\n\t\t\t<div class=\"elementor-widget-wrap elementor-element-populated\">\n\t\t\t\t\t\t<div class=\"elementor-element elementor-element-fbd9844 elementor-widget elementor-widget-image\" data-id=\"fbd9844\" data-element_type=\"widget\" data-widget_type=\"image.default\">\n\t\t\t\t<div class=\"elementor-widget-container\">\n\t\t\t\t\t\t\t\t\t\t\t\t\t\t\t<img fetchpriority=\"high\" decoding=\"async\" width=\"800\" height=\"325\" src=\"https:\/\/360aestheticsmedspa.com\/wp-content\/uploads\/2023\/07\/Restylane-1024x416.png\" class=\"attachment-large size-large wp-image-1032\" alt=\"\" srcset=\"https:\/\/360aestheticsmedspa.com\/wp-content\/uploads\/2023\/07\/Restylane-1024x416.png 1024w, https:\/\/360aestheticsmedspa.com\/wp-content\/uploads\/2023\/07\/Restylane-300x122.png 300w, https:\/\/360aestheticsmedspa.com\/wp-content\/uploads\/2023\/07\/Restylane-768x312.png 768w, https:\/\/360aestheticsmedspa.com\/wp-content\/uploads\/2023\/07\/Restylane-1536x623.png 1536w, https:\/\/360aestheticsmedspa.com\/wp-content\/uploads\/2023\/07\/Restylane-18x7.png 18w, https:\/\/360aestheticsmedspa.com\/wp-content\/uploads\/2023\/07\/Restylane.png 1961w\" sizes=\"(max-width: 800px) 100vw, 800px\" \/>\t\t\t\t\t\t\t\t\t\t\t\t\t\t\t<\/div>\n\t\t\t\t<\/div>\n\t\t\t\t<div class=\"elementor-element elementor-element-e763523 elementor-widget elementor-widget-text-editor\" data-id=\"e763523\" data-element_type=\"widget\" data-widget_type=\"text-editor.default\">\n\t\t\t\t<div class=\"elementor-widget-container\">\n\t\t\t\t\t\t\t\t\t<p><strong>Restylane: Transformando la Belleza con \u00c1cido Hialur\u00f3nico<\/strong><\/p><p>Restylane es una de las principales marcas en el mercado de rellenos d\u00e9rmicos, y su popularidad se debe a su innovadora gama de productos de alta calidad basados en \u00e1cido hialur\u00f3nico. El \u00e1cido hialur\u00f3nico es una sustancia natural presente en la piel que tiene la capacidad de retener la humedad y proporcionar volumen. Con el tiempo, los niveles de \u00e1cido hialur\u00f3nico en la piel disminuyen, lo que puede dar lugar a la aparici\u00f3n de l\u00edneas finas, arrugas y p\u00e9rdida de volumen. Restylane ofrece soluciones avanzadas para abordar estos signos de envejecimiento y ayudar a los clientes a lograr una apariencia m\u00e1s juvenil y revitalizada.<\/p>\t\t\t\t\t\t\t\t<\/div>\n\t\t\t\t<\/div>\n\t\t\t\t<section class=\"elementor-section elementor-inner-section elementor-element elementor-element-16ead81 elementor-section-content-middle elementor-section-boxed elementor-section-height-default elementor-section-height-default\" data-id=\"16ead81\" data-element_type=\"section\">\n\t\t\t\t\t\t<div class=\"elementor-container elementor-column-gap-default\">\n\t\t\t\t\t<div class=\"elementor-column elementor-col-50 elementor-inner-column elementor-element elementor-element-011961e\" data-id=\"011961e\" data-element_type=\"column\">\n\t\t\t<div class=\"elementor-widget-wrap elementor-element-populated\">\n\t\t\t\t\t\t<div class=\"elementor-element elementor-element-0d708e3 elementor-widget elementor-widget-heading\" data-id=\"0d708e3\" data-element_type=\"widget\" data-widget_type=\"heading.default\">\n\t\t\t\t<div class=\"elementor-widget-container\">\n\t\t\t\t\t<h3 class=\"elementor-heading-title elementor-size-default\">Restylane Lyft: Elevaci\u00f3n y Volumen<\/h3>\t\t\t\t<\/div>\n\t\t\t\t<\/div>\n\t\t\t\t<div class=\"elementor-element elementor-element-f58f6ff elementor-widget elementor-widget-text-editor\" data-id=\"f58f6ff\" data-element_type=\"widget\" data-widget_type=\"text-editor.default\">\n\t\t\t\t<div class=\"elementor-widget-container\">\n\t\t\t\t\t\t\t\t\t<p>Restylane Lyft es un relleno d\u00e9rmico dise\u00f1ado para proporcionar elevaci\u00f3n y volumen en \u00e1reas como las mejillas y el dorso de las manos. Con su f\u00f3rmula de \u00e1cido hialur\u00f3nico densa y robusta, Restylane Lyft ofrece resultados duraderos para restaurar los contornos faciales y crear una apariencia m\u00e1s joven y esculpida.<\/p>\t\t\t\t\t\t\t\t<\/div>\n\t\t\t\t<\/div>\n\t\t\t\t\t<\/div>\n\t\t<\/div>\n\t\t\t\t<div class=\"elementor-column elementor-col-50 elementor-inner-column elementor-element elementor-element-5d90ab4\" data-id=\"5d90ab4\" data-element_type=\"column\">\n\t\t\t<div class=\"elementor-widget-wrap elementor-element-populated\">\n\t\t\t\t\t\t<div class=\"elementor-element elementor-element-14f3dd7 elementor-widget elementor-widget-image\" data-id=\"14f3dd7\" data-element_type=\"widget\" data-widget_type=\"image.default\">\n\t\t\t\t<div class=\"elementor-widget-container\">\n\t\t\t\t\t\t\t\t\t\t\t\t\t\t\t<img decoding=\"async\" width=\"500\" height=\"500\" src=\"https:\/\/360aestheticsmedspa.com\/wp-content\/uploads\/2023\/07\/galderma-restylane-lyft_jpg.webp\" class=\"attachment-large size-large wp-image-1033\" alt=\"\" srcset=\"https:\/\/360aestheticsmedspa.com\/wp-content\/uploads\/2023\/07\/galderma-restylane-lyft_jpg.webp 500w, https:\/\/360aestheticsmedspa.com\/wp-content\/uploads\/2023\/07\/galderma-restylane-lyft_jpg-300x300.webp 300w, https:\/\/360aestheticsmedspa.com\/wp-content\/uploads\/2023\/07\/galderma-restylane-lyft_jpg-150x150.webp 150w, https:\/\/360aestheticsmedspa.com\/wp-content\/uploads\/2023\/07\/galderma-restylane-lyft_jpg-12x12.webp 12w\" sizes=\"(max-width: 500px) 100vw, 500px\" \/>\t\t\t\t\t\t\t\t\t\t\t\t\t\t\t<\/div>\n\t\t\t\t<\/div>\n\t\t\t\t\t<\/div>\n\t\t<\/div>\n\t\t\t\t\t<\/div>\n\t\t<\/section>\n\t\t\t\t<section class=\"elementor-section elementor-inner-section elementor-element elementor-element-a430f3d elementor-section-content-middle elementor-section-boxed elementor-section-height-default elementor-section-height-default\" data-id=\"a430f3d\" data-element_type=\"section\">\n\t\t\t\t\t\t<div class=\"elementor-container elementor-column-gap-default\">\n\t\t\t\t\t<div class=\"elementor-column elementor-col-50 elementor-inner-column elementor-element elementor-element-c336bee\" data-id=\"c336bee\" data-element_type=\"column\">\n\t\t\t<div class=\"elementor-widget-wrap elementor-element-populated\">\n\t\t\t\t\t\t<div class=\"elementor-element elementor-element-b16b23a elementor-widget elementor-widget-image\" data-id=\"b16b23a\" data-element_type=\"widget\" data-widget_type=\"image.default\">\n\t\t\t\t<div class=\"elementor-widget-container\">\n\t\t\t\t\t\t\t\t\t\t\t\t\t\t\t<img decoding=\"async\" width=\"565\" height=\"340\" src=\"https:\/\/360aestheticsmedspa.com\/wp-content\/uploads\/2023\/07\/ImageHandler.ashx_.jpeg\" class=\"attachment-large size-large wp-image-1034\" alt=\"\" srcset=\"https:\/\/360aestheticsmedspa.com\/wp-content\/uploads\/2023\/07\/ImageHandler.ashx_.jpeg 565w, https:\/\/360aestheticsmedspa.com\/wp-content\/uploads\/2023\/07\/ImageHandler.ashx_-300x181.jpeg 300w, https:\/\/360aestheticsmedspa.com\/wp-content\/uploads\/2023\/07\/ImageHandler.ashx_-18x12.jpeg 18w\" sizes=\"(max-width: 565px) 100vw, 565px\" \/>\t\t\t\t\t\t\t\t\t\t\t\t\t\t\t<\/div>\n\t\t\t\t<\/div>\n\t\t\t\t\t<\/div>\n\t\t<\/div>\n\t\t\t\t<div class=\"elementor-column elementor-col-50 elementor-inner-column elementor-element elementor-element-cc57c77\" data-id=\"cc57c77\" data-element_type=\"column\">\n\t\t\t<div class=\"elementor-widget-wrap elementor-element-populated\">\n\t\t\t\t\t\t<div class=\"elementor-element elementor-element-891443e elementor-widget elementor-widget-heading\" data-id=\"891443e\" data-element_type=\"widget\" data-widget_type=\"heading.default\">\n\t\t\t\t<div class=\"elementor-widget-container\">\n\t\t\t\t\t<h3 class=\"elementor-heading-title elementor-size-default\">Restylane Defyne y Restylane Refyne: Flexibilidad Natural\n\n\n\n\n<\/h3>\t\t\t\t<\/div>\n\t\t\t\t<\/div>\n\t\t\t\t<div class=\"elementor-element elementor-element-da77d13 elementor-widget elementor-widget-text-editor\" data-id=\"da77d13\" data-element_type=\"widget\" data-widget_type=\"text-editor.default\">\n\t\t\t\t<div class=\"elementor-widget-container\">\n\t\t\t\t\t\t\t\t\t<p>Restylane Defyne y Restylane Refyne son rellenos d\u00e9rmicos desarrollados espec\u00edficamente para abordar las l\u00edneas y arrugas de expresi\u00f3n din\u00e1micas que se forman con el movimiento facial. Estos productos utilizan la tecnolog\u00eda XpresHAn, lo que les confiere una flexibilidad \u00fanica para adaptarse a los movimientos naturales del rostro sin perder su efecto reafirmante.<\/p><p>Restylane Defyne es ideal para tratar arrugas m\u00e1s profundas, como los pliegues nasolabiales, mientras que Restylane Refyne es perfecto para suavizar las l\u00edneas finas alrededor de la boca y otras \u00e1reas faciales.<\/p>\t\t\t\t\t\t\t\t<\/div>\n\t\t\t\t<\/div>\n\t\t\t\t\t<\/div>\n\t\t<\/div>\n\t\t\t\t\t<\/div>\n\t\t<\/section>\n\t\t\t\t<section class=\"elementor-section elementor-inner-section elementor-element elementor-element-9927bb9 elementor-section-content-middle elementor-section-boxed elementor-section-height-default elementor-section-height-default\" data-id=\"9927bb9\" data-element_type=\"section\">\n\t\t\t\t\t\t<div class=\"elementor-container elementor-column-gap-default\">\n\t\t\t\t\t<div class=\"elementor-column elementor-col-50 elementor-inner-column elementor-element elementor-element-0fe9829\" data-id=\"0fe9829\" data-element_type=\"column\">\n\t\t\t<div class=\"elementor-widget-wrap elementor-element-populated\">\n\t\t\t\t\t\t<div class=\"elementor-element elementor-element-10da910 elementor-widget elementor-widget-heading\" data-id=\"10da910\" data-element_type=\"widget\" data-widget_type=\"heading.default\">\n\t\t\t\t<div class=\"elementor-widget-container\">\n\t\t\t\t\t<h3 class=\"elementor-heading-title elementor-size-default\">Restylane Kysse: Labios Sensuales<\/h3>\t\t\t\t<\/div>\n\t\t\t\t<\/div>\n\t\t\t\t<div class=\"elementor-element elementor-element-7ba966c elementor-widget elementor-widget-text-editor\" data-id=\"7ba966c\" data-element_type=\"widget\" data-widget_type=\"text-editor.default\">\n\t\t\t\t<div class=\"elementor-widget-container\">\n\t\t\t\t\t\t\t\t\t<p>Los labios son un rasgo destacado del rostro, y Restylane Kysse est\u00e1 especialmente formulado para proporcionar volumen y realzar la definici\u00f3n de los labios. Su f\u00f3rmula suave y flexible permite obtener resultados naturales y labios m\u00e1s sensuales, lo que lo convierte en una opci\u00f3n popular para quienes desean realzar su sonrisa de manera sutil y elegante.<\/p>\t\t\t\t\t\t\t\t<\/div>\n\t\t\t\t<\/div>\n\t\t\t\t\t<\/div>\n\t\t<\/div>\n\t\t\t\t<div class=\"elementor-column elementor-col-50 elementor-inner-column elementor-element elementor-element-a6436f9\" data-id=\"a6436f9\" data-element_type=\"column\">\n\t\t\t<div class=\"elementor-widget-wrap elementor-element-populated\">\n\t\t\t\t\t\t<div class=\"elementor-element elementor-element-81b1feb elementor-widget elementor-widget-image\" data-id=\"81b1feb\" data-element_type=\"widget\" data-widget_type=\"image.default\">\n\t\t\t\t<div class=\"elementor-widget-container\">\n\t\t\t\t\t\t\t\t\t\t\t\t\t\t\t<img loading=\"lazy\" decoding=\"async\" width=\"800\" height=\"800\" src=\"https:\/\/360aestheticsmedspa.com\/wp-content\/uploads\/2023\/07\/GALDERMA-RESTYLANE-KYSSE-LIDOCAINE-1ML-01.webp\" class=\"attachment-large size-large wp-image-1035\" alt=\"\" srcset=\"https:\/\/360aestheticsmedspa.com\/wp-content\/uploads\/2023\/07\/GALDERMA-RESTYLANE-KYSSE-LIDOCAINE-1ML-01.webp 800w, https:\/\/360aestheticsmedspa.com\/wp-content\/uploads\/2023\/07\/GALDERMA-RESTYLANE-KYSSE-LIDOCAINE-1ML-01-300x300.webp 300w, https:\/\/360aestheticsmedspa.com\/wp-content\/uploads\/2023\/07\/GALDERMA-RESTYLANE-KYSSE-LIDOCAINE-1ML-01-150x150.webp 150w, https:\/\/360aestheticsmedspa.com\/wp-content\/uploads\/2023\/07\/GALDERMA-RESTYLANE-KYSSE-LIDOCAINE-1ML-01-768x768.webp 768w, https:\/\/360aestheticsmedspa.com\/wp-content\/uploads\/2023\/07\/GALDERMA-RESTYLANE-KYSSE-LIDOCAINE-1ML-01-12x12.webp 12w\" sizes=\"(max-width: 800px) 100vw, 800px\" \/>\t\t\t\t\t\t\t\t\t\t\t\t\t\t\t<\/div>\n\t\t\t\t<\/div>\n\t\t\t\t\t<\/div>\n\t\t<\/div>\n\t\t\t\t\t<\/div>\n\t\t<\/section>\n\t\t\t\t<section class=\"elementor-section elementor-inner-section elementor-element elementor-element-a972771 elementor-section-content-middle elementor-section-boxed elementor-section-height-default elementor-section-height-default\" data-id=\"a972771\" data-element_type=\"section\">\n\t\t\t\t\t\t<div class=\"elementor-container elementor-column-gap-default\">\n\t\t\t\t\t<div class=\"elementor-column elementor-col-50 elementor-inner-column elementor-element elementor-element-024a045\" data-id=\"024a045\" data-element_type=\"column\">\n\t\t\t<div class=\"elementor-widget-wrap elementor-element-populated\">\n\t\t\t\t\t\t<div class=\"elementor-element elementor-element-38a07f2 elementor-widget elementor-widget-image\" data-id=\"38a07f2\" data-element_type=\"widget\" data-widget_type=\"image.default\">\n\t\t\t\t<div class=\"elementor-widget-container\">\n\t\t\t\t\t\t\t\t\t\t\t\t\t\t\t<img loading=\"lazy\" decoding=\"async\" width=\"800\" height=\"534\" src=\"https:\/\/360aestheticsmedspa.com\/wp-content\/uploads\/2023\/07\/Restylane-silk-injectable-gel-packaging-1024x683.jpeg\" class=\"attachment-large size-large wp-image-1036\" alt=\"\" srcset=\"https:\/\/360aestheticsmedspa.com\/wp-content\/uploads\/2023\/07\/Restylane-silk-injectable-gel-packaging-1024x683.jpeg 1024w, https:\/\/360aestheticsmedspa.com\/wp-content\/uploads\/2023\/07\/Restylane-silk-injectable-gel-packaging-300x200.jpeg 300w, https:\/\/360aestheticsmedspa.com\/wp-content\/uploads\/2023\/07\/Restylane-silk-injectable-gel-packaging-768x512.jpeg 768w, https:\/\/360aestheticsmedspa.com\/wp-content\/uploads\/2023\/07\/Restylane-silk-injectable-gel-packaging-1536x1024.jpeg 1536w, https:\/\/360aestheticsmedspa.com\/wp-content\/uploads\/2023\/07\/Restylane-silk-injectable-gel-packaging-18x12.jpeg 18w, https:\/\/360aestheticsmedspa.com\/wp-content\/uploads\/2023\/07\/Restylane-silk-injectable-gel-packaging.jpeg 2048w\" sizes=\"(max-width: 800px) 100vw, 800px\" \/>\t\t\t\t\t\t\t\t\t\t\t\t\t\t\t<\/div>\n\t\t\t\t<\/div>\n\t\t\t\t\t<\/div>\n\t\t<\/div>\n\t\t\t\t<div class=\"elementor-column elementor-col-50 elementor-inner-column elementor-element elementor-element-cf5c6be\" data-id=\"cf5c6be\" data-element_type=\"column\">\n\t\t\t<div class=\"elementor-widget-wrap elementor-element-populated\">\n\t\t\t\t\t\t<div class=\"elementor-element elementor-element-f6e9760 elementor-widget elementor-widget-heading\" data-id=\"f6e9760\" data-element_type=\"widget\" data-widget_type=\"heading.default\">\n\t\t\t\t<div class=\"elementor-widget-container\">\n\t\t\t\t\t<h3 class=\"elementor-heading-title elementor-size-default\">Restylane Silk: Suavidad y Precisi\u00f3n<\/h3>\t\t\t\t<\/div>\n\t\t\t\t<\/div>\n\t\t\t\t<div class=\"elementor-element elementor-element-61d6f8b elementor-widget elementor-widget-text-editor\" data-id=\"61d6f8b\" data-element_type=\"widget\" data-widget_type=\"text-editor.default\">\n\t\t\t\t<div class=\"elementor-widget-container\">\n\t\t\t\t\t\t\t\t\t<p>Restylane Silk se destaca por su capacidad para proporcionar precisi\u00f3n y suavidad en \u00e1reas delicadas, como los labios y las l\u00edneas finas alrededor de la boca. Con part\u00edculas m\u00e1s peque\u00f1as de \u00e1cido hialur\u00f3nico, este relleno ofrece resultados sutiles y naturales para una apariencia rejuvenecida y definida.<\/p>\t\t\t\t\t\t\t\t<\/div>\n\t\t\t\t<\/div>\n\t\t\t\t\t<\/div>\n\t\t<\/div>\n\t\t\t\t\t<\/div>\n\t\t<\/section>\n\t\t\t\t\t<\/div>\n\t\t<\/div>\n\t\t\t\t\t<\/div>\n\t\t<\/section>\n\t\t\t\t<section class=\"elementor-section elementor-top-section elementor-element elementor-element-4120d8a elementor-section-full_width elementor-section-height-default elementor-section-height-default\" data-id=\"4120d8a\" data-element_type=\"section\">\n\t\t\t\t\t\t<div class=\"elementor-container elementor-column-gap-no\">\n\t\t\t\t\t<div class=\"elementor-column elementor-col-100 elementor-top-column elementor-element elementor-element-1d4ed25\" data-id=\"1d4ed25\" data-element_type=\"column\">\n\t\t\t<div class=\"elementor-widget-wrap elementor-element-populated\">\n\t\t\t\t\t\t<div class=\"elementor-element elementor-element-7b8eb64 elementor-widget elementor-widget-image\" data-id=\"7b8eb64\" data-element_type=\"widget\" data-widget_type=\"image.default\">\n\t\t\t\t<div class=\"elementor-widget-container\">\n\t\t\t\t\t\t\t\t\t\t\t\t\t\t\t<img loading=\"lazy\" decoding=\"async\" width=\"1500\" height=\"490\" src=\"https:\/\/360aestheticsmedspa.com\/wp-content\/uploads\/2023\/07\/VIVE4.jpg\" class=\"attachment-full size-full wp-image-1027\" alt=\"\" srcset=\"https:\/\/360aestheticsmedspa.com\/wp-content\/uploads\/2023\/07\/VIVE4.jpg 1500w, https:\/\/360aestheticsmedspa.com\/wp-content\/uploads\/2023\/07\/VIVE4-300x98.jpg 300w, https:\/\/360aestheticsmedspa.com\/wp-content\/uploads\/2023\/07\/VIVE4-1024x335.jpg 1024w, https:\/\/360aestheticsmedspa.com\/wp-content\/uploads\/2023\/07\/VIVE4-768x251.jpg 768w, https:\/\/360aestheticsmedspa.com\/wp-content\/uploads\/2023\/07\/VIVE4-18x6.jpg 18w\" sizes=\"(max-width: 1500px) 100vw, 1500px\" \/>\t\t\t\t\t\t\t\t\t\t\t\t\t\t\t<\/div>\n\t\t\t\t<\/div>\n\t\t\t\t\t<\/div>\n\t\t<\/div>\n\t\t\t\t\t<\/div>\n\t\t<\/section>\n\t\t\t\t<\/div>","protected":false},"excerpt":{"rendered":"<p>Restylane: Transforming Beauty with Hyaluronic Acid Restylane is one of the leading brands in the dermal filler market, and its popularity stems from its innovative range of high-quality products based on hyaluronic acid. Hyaluronic acid is a natural substance present in the skin that has the ability to retain moisture and provide volume. Over time, [&hellip;]<\/p>","protected":false},"author":1,"featured_media":0,"parent":0,"menu_order":0,"comment_status":"closed","ping_status":"closed","template":"elementor_header_footer","meta":{"_joinchat":[],"footnotes":""},"class_list":["post-984","page","type-page","status-publish","hentry"],"yoast_head":"<!-- This site is optimized with the Yoast SEO plugin v25.5 - https:\/\/yoast.com\/wordpress\/plugins\/seo\/ -->\n<title>Restylane - 360<\/title>\n<meta name=\"robots\" content=\"index, follow, max-snippet:-1, max-image-preview:large, max-video-preview:-1\" \/>\n<link rel=\"canonical\" href=\"https:\/\/360aestheticsmedspa.com\/es\/restylane-2\/\" \/>\n<meta property=\"og:locale\" content=\"es_MX\" \/>\n<meta property=\"og:type\" content=\"article\" \/>\n<meta property=\"og:title\" content=\"Restylane - 360\" \/>\n<meta property=\"og:description\" content=\"Restylane: Transforming Beauty with Hyaluronic Acid Restylane is one of the leading brands in the dermal filler market, and its popularity stems from its innovative range of high-quality products based on hyaluronic acid. Hyaluronic acid is a natural substance present in the skin that has the ability to retain moisture and provide volume. Over time, [&hellip;]\" \/>\n<meta property=\"og:url\" content=\"https:\/\/360aestheticsmedspa.com\/es\/restylane-2\/\" \/>\n<meta property=\"og:site_name\" content=\"360\" \/>\n<meta property=\"article:modified_time\" content=\"2023-10-12T17:37:25+00:00\" \/>\n<meta property=\"og:image\" content=\"https:\/\/360aestheticsmedspa.com\/wp-content\/uploads\/2023\/07\/Restylane-1024x416.png\" \/>\n<meta name=\"twitter:card\" content=\"summary_large_image\" \/>\n<meta name=\"twitter:label1\" content=\"Tiempo de lectura\" \/>\n\t<meta name=\"twitter:data1\" content=\"2 minutos\" \/>\n<script type=\"application\/ld+json\" class=\"yoast-schema-graph\">{\"@context\":\"https:\/\/schema.org\",\"@graph\":[{\"@type\":\"WebPage\",\"@id\":\"https:\/\/360aestheticsmedspa.com\/restylane-2\/\",\"url\":\"https:\/\/360aestheticsmedspa.com\/restylane-2\/\",\"name\":\"Restylane - 360\",\"isPartOf\":{\"@id\":\"https:\/\/360aestheticsmedspa.com\/#website\"},\"primaryImageOfPage\":{\"@id\":\"https:\/\/360aestheticsmedspa.com\/restylane-2\/#primaryimage\"},\"image\":{\"@id\":\"https:\/\/360aestheticsmedspa.com\/restylane-2\/#primaryimage\"},\"thumbnailUrl\":\"https:\/\/360aestheticsmedspa.com\/wp-content\/uploads\/2023\/07\/Restylane-1024x416.png\",\"datePublished\":\"2023-07-29T18:54:29+00:00\",\"dateModified\":\"2023-10-12T17:37:25+00:00\",\"breadcrumb\":{\"@id\":\"https:\/\/360aestheticsmedspa.com\/restylane-2\/#breadcrumb\"},\"inLanguage\":\"es\",\"potentialAction\":[{\"@type\":\"ReadAction\",\"target\":[\"https:\/\/360aestheticsmedspa.com\/restylane-2\/\"]}]},{\"@type\":\"ImageObject\",\"inLanguage\":\"es\",\"@id\":\"https:\/\/360aestheticsmedspa.com\/restylane-2\/#primaryimage\",\"url\":\"https:\/\/360aestheticsmedspa.com\/wp-content\/uploads\/2023\/07\/Restylane-1024x416.png\",\"contentUrl\":\"https:\/\/360aestheticsmedspa.com\/wp-content\/uploads\/2023\/07\/Restylane-1024x416.png\"},{\"@type\":\"BreadcrumbList\",\"@id\":\"https:\/\/360aestheticsmedspa.com\/restylane-2\/#breadcrumb\",\"itemListElement\":[{\"@type\":\"ListItem\",\"position\":1,\"name\":\"Home\",\"item\":\"https:\/\/360aestheticsmedspa.com\/\"},{\"@type\":\"ListItem\",\"position\":2,\"name\":\"Restylane\"}]},{\"@type\":\"WebSite\",\"@id\":\"https:\/\/360aestheticsmedspa.com\/#website\",\"url\":\"https:\/\/360aestheticsmedspa.com\/\",\"name\":\"360\",\"description\":\"Aesthetics\",\"potentialAction\":[{\"@type\":\"SearchAction\",\"target\":{\"@type\":\"EntryPoint\",\"urlTemplate\":\"https:\/\/360aestheticsmedspa.com\/?s={search_term_string}\"},\"query-input\":{\"@type\":\"PropertyValueSpecification\",\"valueRequired\":true,\"valueName\":\"search_term_string\"}}],\"inLanguage\":\"es\"}]}<\/script>\n<!-- \/ Yoast SEO plugin. -->","yoast_head_json":{"title":"Restylane - 360","robots":{"index":"index","follow":"follow","max-snippet":"max-snippet:-1","max-image-preview":"max-image-preview:large","max-video-preview":"max-video-preview:-1"},"canonical":"https:\/\/360aestheticsmedspa.com\/es\/restylane-2\/","og_locale":"es_MX","og_type":"article","og_title":"Restylane - 360","og_description":"Restylane: Transforming Beauty with Hyaluronic Acid Restylane is one of the leading brands in the dermal filler market, and its popularity stems from its innovative range of high-quality products based on hyaluronic acid. Hyaluronic acid is a natural substance present in the skin that has the ability to retain moisture and provide volume. Over time, [&hellip;]","og_url":"https:\/\/360aestheticsmedspa.com\/es\/restylane-2\/","og_site_name":"360","article_modified_time":"2023-10-12T17:37:25+00:00","og_image":[{"url":"https:\/\/360aestheticsmedspa.com\/wp-content\/uploads\/2023\/07\/Restylane-1024x416.png","type":"","width":"","height":""}],"twitter_card":"summary_large_image","twitter_misc":{"Tiempo de lectura":"2 minutos"},"schema":{"@context":"https:\/\/schema.org","@graph":[{"@type":"WebPage","@id":"https:\/\/360aestheticsmedspa.com\/restylane-2\/","url":"https:\/\/360aestheticsmedspa.com\/restylane-2\/","name":"Restylane - 360","isPartOf":{"@id":"https:\/\/360aestheticsmedspa.com\/#website"},"primaryImageOfPage":{"@id":"https:\/\/360aestheticsmedspa.com\/restylane-2\/#primaryimage"},"image":{"@id":"https:\/\/360aestheticsmedspa.com\/restylane-2\/#primaryimage"},"thumbnailUrl":"https:\/\/360aestheticsmedspa.com\/wp-content\/uploads\/2023\/07\/Restylane-1024x416.png","datePublished":"2023-07-29T18:54:29+00:00","dateModified":"2023-10-12T17:37:25+00:00","breadcrumb":{"@id":"https:\/\/360aestheticsmedspa.com\/restylane-2\/#breadcrumb"},"inLanguage":"es","potentialAction":[{"@type":"ReadAction","target":["https:\/\/360aestheticsmedspa.com\/restylane-2\/"]}]},{"@type":"ImageObject","inLanguage":"es","@id":"https:\/\/360aestheticsmedspa.com\/restylane-2\/#primaryimage","url":"https:\/\/360aestheticsmedspa.com\/wp-content\/uploads\/2023\/07\/Restylane-1024x416.png","contentUrl":"https:\/\/360aestheticsmedspa.com\/wp-content\/uploads\/2023\/07\/Restylane-1024x416.png"},{"@type":"BreadcrumbList","@id":"https:\/\/360aestheticsmedspa.com\/restylane-2\/#breadcrumb","itemListElement":[{"@type":"ListItem","position":1,"name":"Home","item":"https:\/\/360aestheticsmedspa.com\/"},{"@type":"ListItem","position":2,"name":"Restylane"}]},{"@type":"WebSite","@id":"https:\/\/360aestheticsmedspa.com\/#website","url":"https:\/\/360aestheticsmedspa.com\/","name":"360","description":"Aesthetics","potentialAction":[{"@type":"SearchAction","target":{"@type":"EntryPoint","urlTemplate":"https:\/\/360aestheticsmedspa.com\/?s={search_term_string}"},"query-input":{"@type":"PropertyValueSpecification","valueRequired":true,"valueName":"search_term_string"}}],"inLanguage":"es"}]}},"_links":{"self":[{"href":"https:\/\/360aestheticsmedspa.com\/es\/wp-json\/wp\/v2\/pages\/984","targetHints":{"allow":["GET"]}}],"collection":[{"href":"https:\/\/360aestheticsmedspa.com\/es\/wp-json\/wp\/v2\/pages"}],"about":[{"href":"https:\/\/360aestheticsmedspa.com\/es\/wp-json\/wp\/v2\/types\/page"}],"author":[{"embeddable":true,"href":"https:\/\/360aestheticsmedspa.com\/es\/wp-json\/wp\/v2\/users\/1"}],"replies":[{"embeddable":true,"href":"https:\/\/360aestheticsmedspa.com\/es\/wp-json\/wp\/v2\/comments?post=984"}],"version-history":[{"count":0,"href":"https:\/\/360aestheticsmedspa.com\/es\/wp-json\/wp\/v2\/pages\/984\/revisions"}],"wp:attachment":[{"href":"https:\/\/360aestheticsmedspa.com\/es\/wp-json\/wp\/v2\/media?parent=984"}],"curies":[{"name":"wp","href":"https:\/\/api.w.org\/{rel}","templated":true}]}}