{"id":980,"date":"2023-07-29T18:53:51","date_gmt":"2023-07-29T18:53:51","guid":{"rendered":"https:\/\/360aestheticsmedspa.com\/?page_id=980"},"modified":"2023-07-29T19:00:21","modified_gmt":"2023-07-29T19:00:21","slug":"allergan","status":"publish","type":"page","link":"https:\/\/360aestheticsmedspa.com\/es\/allergan\/","title":{"rendered":"Allergan"},"content":{"rendered":"<div data-elementor-type=\"wp-page\" data-elementor-id=\"980\" class=\"elementor elementor-980\" data-elementor-post-type=\"page\">\n\t\t\t\t\t\t<section class=\"elementor-section elementor-top-section elementor-element elementor-element-ad54667 elementor-section-boxed elementor-section-height-default elementor-section-height-default\" data-id=\"ad54667\" data-element_type=\"section\" data-settings=\"{&quot;background_background&quot;:&quot;classic&quot;}\">\n\t\t\t\t\t\t<div class=\"elementor-container elementor-column-gap-default\">\n\t\t\t\t\t<div class=\"elementor-column elementor-col-100 elementor-top-column elementor-element elementor-element-3c44056\" data-id=\"3c44056\" data-element_type=\"column\">\n\t\t\t<div class=\"elementor-widget-wrap elementor-element-populated\">\n\t\t\t\t\t\t<div class=\"elementor-element elementor-element-80315c2 elementor-widget elementor-widget-image\" data-id=\"80315c2\" data-element_type=\"widget\" data-widget_type=\"image.default\">\n\t\t\t\t<div class=\"elementor-widget-container\">\n\t\t\t\t\t\t\t\t\t\t\t\t\t\t\t<img fetchpriority=\"high\" decoding=\"async\" width=\"464\" height=\"248\" src=\"https:\/\/360aestheticsmedspa.com\/wp-content\/uploads\/2023\/07\/61.png\" class=\"attachment-large size-large wp-image-992\" alt=\"\" srcset=\"https:\/\/360aestheticsmedspa.com\/wp-content\/uploads\/2023\/07\/61.png 464w, https:\/\/360aestheticsmedspa.com\/wp-content\/uploads\/2023\/07\/61-300x160.png 300w, https:\/\/360aestheticsmedspa.com\/wp-content\/uploads\/2023\/07\/61-18x10.png 18w\" sizes=\"(max-width: 464px) 100vw, 464px\" \/>\t\t\t\t\t\t\t\t\t\t\t\t\t\t\t<\/div>\n\t\t\t\t<\/div>\n\t\t\t\t<div class=\"elementor-element elementor-element-4a1ce3e elementor-widget elementor-widget-text-editor\" data-id=\"4a1ce3e\" data-element_type=\"widget\" data-widget_type=\"text-editor.default\">\n\t\t\t\t<div class=\"elementor-widget-container\">\n\t\t\t\t\t\t\t\t\t<p class=\"translation-block\">\"<strong>Allergan Aesthetics<\/strong> ha revolucionado la medicina est\u00e9tica y se ha convertido en soluciones altamente confiables y efectivas para abordar los signos del envejecimiento en cada una de las \u00e1reas faciales mencionadas.\"<\/p>\t\t\t\t\t\t\t\t<\/div>\n\t\t\t\t<\/div>\n\t\t\t\t<section class=\"elementor-section elementor-inner-section elementor-element elementor-element-4d2ae70 elementor-section-boxed elementor-section-height-default elementor-section-height-default\" data-id=\"4d2ae70\" data-element_type=\"section\">\n\t\t\t\t\t\t<div class=\"elementor-container elementor-column-gap-default\">\n\t\t\t\t\t<div class=\"elementor-column elementor-col-50 elementor-inner-column elementor-element elementor-element-29ee585\" data-id=\"29ee585\" data-element_type=\"column\">\n\t\t\t<div class=\"elementor-widget-wrap elementor-element-populated\">\n\t\t\t\t\t\t<div class=\"elementor-element elementor-element-754f2a2 elementor-widget elementor-widget-heading\" data-id=\"754f2a2\" data-element_type=\"widget\" data-widget_type=\"heading.default\">\n\t\t\t\t<div class=\"elementor-widget-container\">\n\t\t\t\t\t<h3 class=\"elementor-heading-title elementor-size-default\">Tercio superior<\/h3>\t\t\t\t<\/div>\n\t\t\t\t<\/div>\n\t\t\t\t<div class=\"elementor-element elementor-element-9ba10d8 elementor-widget elementor-widget-text-editor\" data-id=\"9ba10d8\" data-element_type=\"widget\" data-widget_type=\"text-editor.default\">\n\t\t\t\t<div class=\"elementor-widget-container\">\n\t\t\t\t\t\t\t\t\t<p>L\u00edneas en la frente: Allergan Aesthetics ofrece una soluci\u00f3n popular para tratar las l\u00edneas en la frente mediante el uso de Botox. El Botox es un tratamiento aprobado por la FDA que utiliza toxina botul\u00ednica tipo A para relajar temporalmente los m\u00fasculos faciales, reduciendo de esta manera la apariencia de l\u00edneas y arrugas en la frente.<\/p><p>Patitas de gallo: Para tratar las arrugas alrededor de los ojos, tambi\u00e9n conocidas como patitas de gallo, Allergan Aesthetics ofrece Juvederm Volbella. Se trata de un relleno d\u00e9rmico dise\u00f1ado espec\u00edficamente para \u00e1reas delicadas como esta, que proporciona resultados naturales y de larga duraci\u00f3n.<\/p><p>L\u00edneas glabella o l\u00edneas del ce\u00f1o fruncido: Allergan Aesthetics ofrece Juvederm Voluma, que se puede utilizar para rellenar y corregir las l\u00edneas glabella. Adem\u00e1s, tambi\u00e9n se puede emplear Botox para relajar los m\u00fasculos que causan estas l\u00edneas de expresi\u00f3n.<\/p>\t\t\t\t\t\t\t\t<\/div>\n\t\t\t\t<\/div>\n\t\t\t\t\t<\/div>\n\t\t<\/div>\n\t\t\t\t<div class=\"elementor-column elementor-col-50 elementor-inner-column elementor-element elementor-element-8078b8d\" data-id=\"8078b8d\" data-element_type=\"column\">\n\t\t\t<div class=\"elementor-widget-wrap elementor-element-populated\">\n\t\t\t\t\t\t<div class=\"elementor-element elementor-element-ea4ef1e elementor-widget elementor-widget-heading\" data-id=\"ea4ef1e\" data-element_type=\"widget\" data-widget_type=\"heading.default\">\n\t\t\t\t<div class=\"elementor-widget-container\">\n\t\t\t\t\t<h3 class=\"elementor-heading-title elementor-size-default\">Tercio medio<\/h3>\t\t\t\t<\/div>\n\t\t\t\t<\/div>\n\t\t\t\t<div class=\"elementor-element elementor-element-2090049 elementor-widget elementor-widget-text-editor\" data-id=\"2090049\" data-element_type=\"widget\" data-widget_type=\"text-editor.default\">\n\t\t\t\t<div class=\"elementor-widget-container\">\n\t\t\t\t\t\t\t\t\t<p>Mejillas y p\u00f3mulos: Para restaurar el volumen perdido en las mejillas y realzar los p\u00f3mulos, Allergan Aesthetics ofrece Juvederm Voluma. Este relleno d\u00e9rmico es capaz de proporcionar un levantamiento sutil pero notable en esta \u00e1rea.<\/p><p>Surcos nasolabiales: Allergan Aesthetics presenta Juvederm Vollure, una opci\u00f3n efectiva para corregir los surcos nasolabiales, tambi\u00e9n conocidos como l\u00edneas de la sonrisa. Este relleno d\u00e9rmico puede ayudar a suavizar estas arrugas y restaurar una apariencia m\u00e1s juvenil.<\/p>\t\t\t\t\t\t\t\t<\/div>\n\t\t\t\t<\/div>\n\t\t\t\t\t<\/div>\n\t\t<\/div>\n\t\t\t\t\t<\/div>\n\t\t<\/section>\n\t\t\t\t\t<\/div>\n\t\t<\/div>\n\t\t\t\t\t<\/div>\n\t\t<\/section>\n\t\t\t\t<section class=\"elementor-section elementor-top-section elementor-element elementor-element-86612de elementor-section-full_width elementor-section-height-default elementor-section-height-default\" data-id=\"86612de\" data-element_type=\"section\">\n\t\t\t\t\t\t<div class=\"elementor-container elementor-column-gap-no\">\n\t\t\t\t\t<div class=\"elementor-column elementor-col-100 elementor-top-column elementor-element elementor-element-44090f2\" data-id=\"44090f2\" data-element_type=\"column\">\n\t\t\t<div class=\"elementor-widget-wrap elementor-element-populated\">\n\t\t\t\t\t\t<div class=\"elementor-element elementor-element-3b8001f elementor-widget elementor-widget-image\" data-id=\"3b8001f\" data-element_type=\"widget\" data-widget_type=\"image.default\">\n\t\t\t\t<div class=\"elementor-widget-container\">\n\t\t\t\t\t\t\t\t\t\t\t\t\t\t\t<img decoding=\"async\" width=\"1500\" height=\"490\" src=\"https:\/\/360aestheticsmedspa.com\/wp-content\/uploads\/2023\/07\/VIVE-1.jpg\" class=\"attachment-full size-full wp-image-993\" alt=\"\" srcset=\"https:\/\/360aestheticsmedspa.com\/wp-content\/uploads\/2023\/07\/VIVE-1.jpg 1500w, https:\/\/360aestheticsmedspa.com\/wp-content\/uploads\/2023\/07\/VIVE-1-300x98.jpg 300w, https:\/\/360aestheticsmedspa.com\/wp-content\/uploads\/2023\/07\/VIVE-1-1024x335.jpg 1024w, https:\/\/360aestheticsmedspa.com\/wp-content\/uploads\/2023\/07\/VIVE-1-768x251.jpg 768w, https:\/\/360aestheticsmedspa.com\/wp-content\/uploads\/2023\/07\/VIVE-1-18x6.jpg 18w\" sizes=\"(max-width: 1500px) 100vw, 1500px\" \/>\t\t\t\t\t\t\t\t\t\t\t\t\t\t\t<\/div>\n\t\t\t\t<\/div>\n\t\t\t\t\t<\/div>\n\t\t<\/div>\n\t\t\t\t\t<\/div>\n\t\t<\/section>\n\t\t\t\t<section class=\"elementor-section elementor-top-section elementor-element elementor-element-51ede0a elementor-section-boxed elementor-section-height-default elementor-section-height-default\" data-id=\"51ede0a\" data-element_type=\"section\" data-settings=\"{&quot;background_background&quot;:&quot;classic&quot;}\">\n\t\t\t\t\t\t<div class=\"elementor-container elementor-column-gap-default\">\n\t\t\t\t\t<div class=\"elementor-column elementor-col-100 elementor-top-column elementor-element elementor-element-f272d73\" data-id=\"f272d73\" data-element_type=\"column\">\n\t\t\t<div class=\"elementor-widget-wrap elementor-element-populated\">\n\t\t\t\t\t\t<div class=\"elementor-element elementor-element-0ddfc75 elementor-widget elementor-widget-heading\" data-id=\"0ddfc75\" data-element_type=\"widget\" data-widget_type=\"heading.default\">\n\t\t\t\t<div class=\"elementor-widget-container\">\n\t\t\t\t\t<h3 class=\"elementor-heading-title elementor-size-default\">Tercio inferior<\/h3>\t\t\t\t<\/div>\n\t\t\t\t<\/div>\n\t\t\t\t<div class=\"elementor-element elementor-element-fba1420 elementor-widget elementor-widget-text-editor\" data-id=\"fba1420\" data-element_type=\"widget\" data-widget_type=\"text-editor.default\">\n\t\t\t\t<div class=\"elementor-widget-container\">\n\t\t\t\t\t\t\t\t\t<p>Proyecci\u00f3n de labios y p\u00e9rdida de volumen labial: Allergan Aesthetics ofrece productos como Juvederm Ultra y Juvederm Volbella que son ideales para aumentar el volumen de los labios, mejorar su forma y definici\u00f3n, y reducir las l\u00edneas verticales alrededor de la boca.<\/p><p>Mejora de la l\u00ednea de la mand\u00edbula: Para mejorar la definici\u00f3n de la l\u00ednea de la mand\u00edbula y rejuvenecer el contorno facial, Juvederm Voluma es una excelente opci\u00f3n que proporciona resultados naturales y de larga duraci\u00f3n.<\/p><p>L\u00edneas de marioneta: Las l\u00edneas de marioneta, que se extienden desde las comisuras de la boca hasta la barbilla, pueden tratarse con productos como Juvederm Vollure para suavizar estas l\u00edneas y mejorar la apariencia general del rostro.<\/p><p>Definici\u00f3n de la barbilla: Allergan Aesthetics ofrece Juvederm Voluma como una opci\u00f3n para mejorar la proyecci\u00f3n y definici\u00f3n de la barbilla, lo que puede equilibrar la armon\u00eda facial y lograr un perfil m\u00e1s atractivo.<\/p><p>Es esencial recordar que cada paciente tiene necesidades individuales y metas terap\u00e9uticas \u00fanicas. Antes de someterse a cualquier procedimiento, es crucial consultar a un profesional m\u00e9dico certificado que evaluar\u00e1 su caso espec\u00edfico y recomendar\u00e1 el tratamiento m\u00e1s adecuado para lograr los resultados deseados.<\/p><p>Allergan Aesthetics se enorgullece de ofrecer una amplia gama de productos respaldados por la ciencia e innovadores para ayudar a los pacientes a sentirse m\u00e1s seguros y satisfechos con su apariencia, lo que les permite disfrutar de una vida plena y llena de confianza. Con el compromiso constante de la empresa con la excelencia y la seguridad, los pacientes pueden confiar en que est\u00e1n recibiendo soluciones de medicina est\u00e9tica de alta calidad y resultados notables.<\/p>\t\t\t\t\t\t\t\t<\/div>\n\t\t\t\t<\/div>\n\t\t\t\t<div class=\"elementor-element elementor-element-1883cfd elementor-widget elementor-widget-spacer\" data-id=\"1883cfd\" data-element_type=\"widget\" data-widget_type=\"spacer.default\">\n\t\t\t\t<div class=\"elementor-widget-container\">\n\t\t\t\t\t\t\t<div class=\"elementor-spacer\">\n\t\t\t<div class=\"elementor-spacer-inner\"><\/div>\n\t\t<\/div>\n\t\t\t\t\t\t<\/div>\n\t\t\t\t<\/div>\n\t\t\t\t\t<\/div>\n\t\t<\/div>\n\t\t\t\t\t<\/div>\n\t\t<\/section>\n\t\t\t\t<section class=\"elementor-section elementor-top-section elementor-element elementor-element-5ed4f58 elementor-section-boxed elementor-section-height-default elementor-section-height-default\" data-id=\"5ed4f58\" data-element_type=\"section\" data-settings=\"{&quot;background_background&quot;:&quot;classic&quot;}\">\n\t\t\t\t\t\t<div class=\"elementor-container elementor-column-gap-default\">\n\t\t\t\t\t<div class=\"elementor-column elementor-col-100 elementor-top-column elementor-element elementor-element-e31eaf1\" data-id=\"e31eaf1\" data-element_type=\"column\">\n\t\t\t<div class=\"elementor-widget-wrap elementor-element-populated\">\n\t\t\t\t\t\t<div class=\"elementor-element elementor-element-201ec33 elementor-widget elementor-widget-text-editor\" data-id=\"201ec33\" data-element_type=\"widget\" data-widget_type=\"text-editor.default\">\n\t\t\t\t<div class=\"elementor-widget-container\">\n\t\t\t\t\t\t\t\t\t<p>Filorga se destaca como una marca l\u00edder en el cuidado de la piel, ofreciendo productos de alta calidad respaldados por la ciencia y la innovaci\u00f3n. Su enfoque en la investigaci\u00f3n y el desarrollo ha dado lugar a f\u00f3rmulas avanzadas que brindan resultados notables y satisfactorios a los clientes.<\/p><p>Ya sea que est\u00e9s buscando reducir l\u00edneas y arrugas, revitalizar tu piel, mejorar el contorno de los ojos o protegerla contra el da\u00f1o solar, los productos de Filorga ofrecen soluciones efectivas para todas tus necesidades de cuidado de la piel.<\/p><p>Consulta con un profesional m\u00e9dico o dermat\u00f3logo para descubrir qu\u00e9 productos de Filorga son adecuados para tu tipo de piel y tus objetivos espec\u00edficos. Con Filorga, puedes confiar en que est\u00e1s utilizando productos de alta calidad para cuidar y rejuvenecer tu piel, lo que resultar\u00e1 en una apariencia radiante y saludable. Experimenta la perfecta fusi\u00f3n de la ciencia y la belleza con Filorga y percibe la diferencia en tu piel.<\/p>\t\t\t\t\t\t\t\t<\/div>\n\t\t\t\t<\/div>\n\t\t\t\t<div class=\"elementor-element elementor-element-ca99b41 elementor-widget elementor-widget-spacer\" data-id=\"ca99b41\" data-element_type=\"widget\" data-widget_type=\"spacer.default\">\n\t\t\t\t<div class=\"elementor-widget-container\">\n\t\t\t\t\t\t\t<div class=\"elementor-spacer\">\n\t\t\t<div class=\"elementor-spacer-inner\"><\/div>\n\t\t<\/div>\n\t\t\t\t\t\t<\/div>\n\t\t\t\t<\/div>\n\t\t\t\t\t<\/div>\n\t\t<\/div>\n\t\t\t\t\t<\/div>\n\t\t<\/section>\n\t\t\t\t<\/div>","protected":false},"excerpt":{"rendered":"<p>Allergan Aesthetics has revolutionized aesthetic medicine and has become highly reliable and effective solutions for addressing signs of aging in each of the mentioned facial areas Upper third Lines on the forehead: Allergan Aesthetics offers a popular solution for treating lines on the forehead through the use of Botox. Botox is an FDA-approved treatment that [&hellip;]<\/p>","protected":false},"author":1,"featured_media":0,"parent":0,"menu_order":0,"comment_status":"closed","ping_status":"closed","template":"elementor_header_footer","meta":{"_joinchat":[],"footnotes":""},"class_list":["post-980","page","type-page","status-publish","hentry"],"yoast_head":"<!-- This site is optimized with the Yoast SEO plugin v25.5 - https:\/\/yoast.com\/wordpress\/plugins\/seo\/ -->\n<title>Allergan - 360<\/title>\n<meta name=\"robots\" content=\"index, follow, max-snippet:-1, max-image-preview:large, max-video-preview:-1\" \/>\n<link rel=\"canonical\" href=\"https:\/\/360aestheticsmedspa.com\/es\/allergan\/\" \/>\n<meta property=\"og:locale\" content=\"es_MX\" \/>\n<meta property=\"og:type\" content=\"article\" \/>\n<meta property=\"og:title\" content=\"Allergan - 360\" \/>\n<meta property=\"og:description\" content=\"Allergan Aesthetics has revolutionized aesthetic medicine and has become highly reliable and effective solutions for addressing signs of aging in each of the mentioned facial areas Upper third Lines on the forehead: Allergan Aesthetics offers a popular solution for treating lines on the forehead through the use of Botox. Botox is an FDA-approved treatment that [&hellip;]\" \/>\n<meta property=\"og:url\" content=\"https:\/\/360aestheticsmedspa.com\/es\/allergan\/\" \/>\n<meta property=\"og:site_name\" content=\"360\" \/>\n<meta property=\"article:modified_time\" content=\"2023-07-29T19:00:21+00:00\" \/>\n<meta property=\"og:image\" content=\"https:\/\/360aestheticsmedspa.com\/wp-content\/uploads\/2023\/07\/61.png\" \/>\n<meta name=\"twitter:card\" content=\"summary_large_image\" \/>\n<meta name=\"twitter:label1\" content=\"Tiempo de lectura\" \/>\n\t<meta name=\"twitter:data1\" content=\"3 minutos\" \/>\n<script type=\"application\/ld+json\" class=\"yoast-schema-graph\">{\"@context\":\"https:\/\/schema.org\",\"@graph\":[{\"@type\":\"WebPage\",\"@id\":\"https:\/\/360aestheticsmedspa.com\/allergan\/\",\"url\":\"https:\/\/360aestheticsmedspa.com\/allergan\/\",\"name\":\"Allergan - 360\",\"isPartOf\":{\"@id\":\"https:\/\/360aestheticsmedspa.com\/#website\"},\"primaryImageOfPage\":{\"@id\":\"https:\/\/360aestheticsmedspa.com\/allergan\/#primaryimage\"},\"image\":{\"@id\":\"https:\/\/360aestheticsmedspa.com\/allergan\/#primaryimage\"},\"thumbnailUrl\":\"https:\/\/360aestheticsmedspa.com\/wp-content\/uploads\/2023\/07\/61.png\",\"datePublished\":\"2023-07-29T18:53:51+00:00\",\"dateModified\":\"2023-07-29T19:00:21+00:00\",\"breadcrumb\":{\"@id\":\"https:\/\/360aestheticsmedspa.com\/allergan\/#breadcrumb\"},\"inLanguage\":\"es\",\"potentialAction\":[{\"@type\":\"ReadAction\",\"target\":[\"https:\/\/360aestheticsmedspa.com\/allergan\/\"]}]},{\"@type\":\"ImageObject\",\"inLanguage\":\"es\",\"@id\":\"https:\/\/360aestheticsmedspa.com\/allergan\/#primaryimage\",\"url\":\"https:\/\/360aestheticsmedspa.com\/wp-content\/uploads\/2023\/07\/61.png\",\"contentUrl\":\"https:\/\/360aestheticsmedspa.com\/wp-content\/uploads\/2023\/07\/61.png\"},{\"@type\":\"BreadcrumbList\",\"@id\":\"https:\/\/360aestheticsmedspa.com\/allergan\/#breadcrumb\",\"itemListElement\":[{\"@type\":\"ListItem\",\"position\":1,\"name\":\"Home\",\"item\":\"https:\/\/360aestheticsmedspa.com\/\"},{\"@type\":\"ListItem\",\"position\":2,\"name\":\"Allergan\"}]},{\"@type\":\"WebSite\",\"@id\":\"https:\/\/360aestheticsmedspa.com\/#website\",\"url\":\"https:\/\/360aestheticsmedspa.com\/\",\"name\":\"360\",\"description\":\"Aesthetics\",\"potentialAction\":[{\"@type\":\"SearchAction\",\"target\":{\"@type\":\"EntryPoint\",\"urlTemplate\":\"https:\/\/360aestheticsmedspa.com\/?s={search_term_string}\"},\"query-input\":{\"@type\":\"PropertyValueSpecification\",\"valueRequired\":true,\"valueName\":\"search_term_string\"}}],\"inLanguage\":\"es\"}]}<\/script>\n<!-- \/ Yoast SEO plugin. -->","yoast_head_json":{"title":"Allergan - 360","robots":{"index":"index","follow":"follow","max-snippet":"max-snippet:-1","max-image-preview":"max-image-preview:large","max-video-preview":"max-video-preview:-1"},"canonical":"https:\/\/360aestheticsmedspa.com\/es\/allergan\/","og_locale":"es_MX","og_type":"article","og_title":"Allergan - 360","og_description":"Allergan Aesthetics has revolutionized aesthetic medicine and has become highly reliable and effective solutions for addressing signs of aging in each of the mentioned facial areas Upper third Lines on the forehead: Allergan Aesthetics offers a popular solution for treating lines on the forehead through the use of Botox. Botox is an FDA-approved treatment that [&hellip;]","og_url":"https:\/\/360aestheticsmedspa.com\/es\/allergan\/","og_site_name":"360","article_modified_time":"2023-07-29T19:00:21+00:00","og_image":[{"url":"https:\/\/360aestheticsmedspa.com\/wp-content\/uploads\/2023\/07\/61.png","type":"","width":"","height":""}],"twitter_card":"summary_large_image","twitter_misc":{"Tiempo de lectura":"3 minutos"},"schema":{"@context":"https:\/\/schema.org","@graph":[{"@type":"WebPage","@id":"https:\/\/360aestheticsmedspa.com\/allergan\/","url":"https:\/\/360aestheticsmedspa.com\/allergan\/","name":"Allergan - 360","isPartOf":{"@id":"https:\/\/360aestheticsmedspa.com\/#website"},"primaryImageOfPage":{"@id":"https:\/\/360aestheticsmedspa.com\/allergan\/#primaryimage"},"image":{"@id":"https:\/\/360aestheticsmedspa.com\/allergan\/#primaryimage"},"thumbnailUrl":"https:\/\/360aestheticsmedspa.com\/wp-content\/uploads\/2023\/07\/61.png","datePublished":"2023-07-29T18:53:51+00:00","dateModified":"2023-07-29T19:00:21+00:00","breadcrumb":{"@id":"https:\/\/360aestheticsmedspa.com\/allergan\/#breadcrumb"},"inLanguage":"es","potentialAction":[{"@type":"ReadAction","target":["https:\/\/360aestheticsmedspa.com\/allergan\/"]}]},{"@type":"ImageObject","inLanguage":"es","@id":"https:\/\/360aestheticsmedspa.com\/allergan\/#primaryimage","url":"https:\/\/360aestheticsmedspa.com\/wp-content\/uploads\/2023\/07\/61.png","contentUrl":"https:\/\/360aestheticsmedspa.com\/wp-content\/uploads\/2023\/07\/61.png"},{"@type":"BreadcrumbList","@id":"https:\/\/360aestheticsmedspa.com\/allergan\/#breadcrumb","itemListElement":[{"@type":"ListItem","position":1,"name":"Home","item":"https:\/\/360aestheticsmedspa.com\/"},{"@type":"ListItem","position":2,"name":"Allergan"}]},{"@type":"WebSite","@id":"https:\/\/360aestheticsmedspa.com\/#website","url":"https:\/\/360aestheticsmedspa.com\/","name":"360","description":"Aesthetics","potentialAction":[{"@type":"SearchAction","target":{"@type":"EntryPoint","urlTemplate":"https:\/\/360aestheticsmedspa.com\/?s={search_term_string}"},"query-input":{"@type":"PropertyValueSpecification","valueRequired":true,"valueName":"search_term_string"}}],"inLanguage":"es"}]}},"_links":{"self":[{"href":"https:\/\/360aestheticsmedspa.com\/es\/wp-json\/wp\/v2\/pages\/980","targetHints":{"allow":["GET"]}}],"collection":[{"href":"https:\/\/360aestheticsmedspa.com\/es\/wp-json\/wp\/v2\/pages"}],"about":[{"href":"https:\/\/360aestheticsmedspa.com\/es\/wp-json\/wp\/v2\/types\/page"}],"author":[{"embeddable":true,"href":"https:\/\/360aestheticsmedspa.com\/es\/wp-json\/wp\/v2\/users\/1"}],"replies":[{"embeddable":true,"href":"https:\/\/360aestheticsmedspa.com\/es\/wp-json\/wp\/v2\/comments?post=980"}],"version-history":[{"count":0,"href":"https:\/\/360aestheticsmedspa.com\/es\/wp-json\/wp\/v2\/pages\/980\/revisions"}],"wp:attachment":[{"href":"https:\/\/360aestheticsmedspa.com\/es\/wp-json\/wp\/v2\/media?parent=980"}],"curies":[{"name":"wp","href":"https:\/\/api.w.org\/{rel}","templated":true}]}}