{"id":618,"date":"2023-07-15T00:41:54","date_gmt":"2023-07-15T00:41:54","guid":{"rendered":"https:\/\/360aestheticsmedspa.com\/?page_id=618"},"modified":"2023-10-11T17:38:11","modified_gmt":"2023-10-11T17:38:11","slug":"radiesse-neck","status":"publish","type":"page","link":"https:\/\/360aestheticsmedspa.com\/es\/bio-stimulation\/radiesse-neck\/","title":{"rendered":"Bioestimulaci\u00f3n de rostro"},"content":{"rendered":"<div data-elementor-type=\"wp-page\" data-elementor-id=\"618\" class=\"elementor elementor-618\" data-elementor-post-type=\"page\">\n\t\t\t\t\t\t<section class=\"elementor-section elementor-top-section elementor-element elementor-element-6eb537c elementor-section-full_width elementor-section-stretched elementor-section-height-default elementor-section-height-default\" data-id=\"6eb537c\" data-element_type=\"section\" data-settings=\"{&quot;stretch_section&quot;:&quot;section-stretched&quot;,&quot;background_background&quot;:&quot;classic&quot;}\">\n\t\t\t\t\t\t\t<div class=\"elementor-background-overlay\"><\/div>\n\t\t\t\t\t\t\t<div class=\"elementor-container elementor-column-gap-no\">\n\t\t\t\t\t<div class=\"elementor-column elementor-col-100 elementor-top-column elementor-element elementor-element-2015731\" data-id=\"2015731\" data-element_type=\"column\">\n\t\t\t<div class=\"elementor-widget-wrap elementor-element-populated\">\n\t\t\t\t\t\t<section class=\"elementor-section elementor-inner-section elementor-element elementor-element-f5434b7 elementor-section-boxed elementor-section-height-default elementor-section-height-default\" data-id=\"f5434b7\" data-element_type=\"section\">\n\t\t\t\t\t\t<div class=\"elementor-container elementor-column-gap-default\">\n\t\t\t\t\t<div class=\"elementor-column elementor-col-50 elementor-inner-column elementor-element elementor-element-899570b\" data-id=\"899570b\" data-element_type=\"column\">\n\t\t\t<div class=\"elementor-widget-wrap elementor-element-populated\">\n\t\t\t\t\t\t<div class=\"elementor-element elementor-element-082500e elementor-widget elementor-widget-heading\" data-id=\"082500e\" data-element_type=\"widget\" data-widget_type=\"heading.default\">\n\t\t\t\t<div class=\"elementor-widget-container\">\n\t\t\t\t\t<h2 class=\"elementor-heading-title elementor-size-default\">Bioestimulaci\u00f3n de rostro\n<\/h2>\t\t\t\t<\/div>\n\t\t\t\t<\/div>\n\t\t\t\t\t<\/div>\n\t\t<\/div>\n\t\t\t\t<div class=\"elementor-column elementor-col-50 elementor-inner-column elementor-element elementor-element-10a8552\" data-id=\"10a8552\" data-element_type=\"column\">\n\t\t\t<div class=\"elementor-widget-wrap\">\n\t\t\t\t\t\t\t<\/div>\n\t\t<\/div>\n\t\t\t\t\t<\/div>\n\t\t<\/section>\n\t\t\t\t\t<\/div>\n\t\t<\/div>\n\t\t\t\t\t<\/div>\n\t\t<\/section>\n\t\t\t\t<section class=\"elementor-section elementor-top-section elementor-element elementor-element-d60f440 elementor-section-boxed elementor-section-height-default elementor-section-height-default\" data-id=\"d60f440\" data-element_type=\"section\">\n\t\t\t\t\t\t<div class=\"elementor-container elementor-column-gap-default\">\n\t\t\t\t\t<div class=\"elementor-column elementor-col-100 elementor-top-column elementor-element elementor-element-af6643e\" data-id=\"af6643e\" data-element_type=\"column\">\n\t\t\t<div class=\"elementor-widget-wrap elementor-element-populated\">\n\t\t\t\t\t\t<div class=\"elementor-element elementor-element-f10fdd1 elementor-widget elementor-widget-heading\" data-id=\"f10fdd1\" data-element_type=\"widget\" data-widget_type=\"heading.default\">\n\t\t\t\t<div class=\"elementor-widget-container\">\n\t\t\t\t\t<p class=\"elementor-heading-title elementor-size-default\">Estimulaci\u00f3n facial con Radiesse<\/p>\t\t\t\t<\/div>\n\t\t\t\t<\/div>\n\t\t\t\t<div class=\"elementor-element elementor-element-156184d elementor-widget elementor-widget-text-editor\" data-id=\"156184d\" data-element_type=\"widget\" data-widget_type=\"text-editor.default\">\n\t\t\t\t<div class=\"elementor-widget-container\">\n\t\t\t\t\t\t\t\t\t<p><strong>\u00bfQu\u00e9 es RADIESSE\u00ae?<\/strong><\/p><p>RADIESSE\u00ae son rellenos d\u00e9rmicos que se utilizan para suavizar arrugas y pliegues faciales moderados a severos, como los pliegues nasolabiales (las arrugas que se extienden desde la esquina de la nariz hasta la esquina de la boca). RADIESSE\u00ae tambi\u00e9n se utiliza para corregir la p\u00e9rdida de volumen en la parte posterior de las manos.<\/p><p><strong>RADIESSE\u00ae e INFORMACI\u00d3N IMPORTANTE PARA EL CONSUMIDOR<\/strong><\/p><p><strong>\u00bfCu\u00e1l es la informaci\u00f3n m\u00e1s importante que debo conocer sobre RADIESSE\u00ae?<\/strong><\/p><p>Uno de los riesgos al usar estos productos es la inyecci\u00f3n involuntaria en un vaso sangu\u00edneo. Las posibilidades de que esto ocurra son muy peque\u00f1as, pero si sucede, las complicaciones pueden ser graves y, en algunos casos, permanentes. Estas complicaciones, que se han informado en inyecciones faciales, pueden incluir anomal\u00edas en la visi\u00f3n, ceguera, accidente cerebrovascular, costras temporales o cicatrices permanentes en la piel. Si experimenta cambios en su visi\u00f3n, signos de un accidente cerebrovascular (como dificultad repentina para hablar, entumecimiento o debilidad en la cara, brazos o piernas, dificultad para caminar, ca\u00edda de la cara, dolor de cabeza intenso, mareos o confusi\u00f3n), decoloraci\u00f3n de la piel o dolor inusual durante o poco despu\u00e9s del tratamiento, debe informar de inmediato a su profesional de la salud.<\/p><p>Al igual que con todos los procedimientos que implican una inyecci\u00f3n a trav\u00e9s de la piel, existe un riesgo de infecci\u00f3n.<\/p><p>No use RADIESSE\u00ae si tiene una infecci\u00f3n en la piel hasta que se haya curado.<\/p><p>No se sabe si RADIESSE\u00ae es seguro o efectivo en los labios o en el \u00e1rea alrededor de los ojos.<\/p><p>Las microesferas en RADIESSE\u00ae pueden ser vistas en radiograf\u00edas y tomograf\u00edas computarizadas. Es muy importante que informe a su proveedor de atenci\u00f3n m\u00e9dica que ha recibido RADIESSE\u00ae.<\/p><p>Si tiene antecedentes de herpes, es posible que experimente un brote de herpes despu\u00e9s de recibir RADIESSE\u00ae.<\/p><p>La inyecci\u00f3n en la parte posterior de la mano puede causar dificultad temporal para realizar actividades. RADIESSE\u00ae puede causar n\u00f3dulos, bultos o protuberancias en la parte posterior de la mano que pueden durar hasta 1 a\u00f1o.<\/p><p>Deber\u00eda minimizar la actividad f\u00edsica intensa y evitar la exposici\u00f3n al sol o al calor durante aproximadamente 24 horas despu\u00e9s del tratamiento y hasta que se resuelva cualquier hinchaz\u00f3n o enrojecimiento.<\/p><p><strong>\u00bfQu\u00e9 debo decirle a mi m\u00e9dico antes de usar RADIESSE\u00ae?<\/strong><\/p><p>Informe a su proveedor de atenci\u00f3n m\u00e9dica si est\u00e1 tomando anticoagulantes o medicamentos que pueden interferir con la coagulaci\u00f3n de la sangre, como aspirina o warfarina. Estos medicamentos pueden aumentar la probabilidad de que experimente moretones o sangrado en el sitio de la inyecci\u00f3n. Informe a su proveedor de atenci\u00f3n m\u00e9dica si tiene enfermedades, lesiones o discapacidades en la mano, si tiene antecedentes de formaci\u00f3n de cicatrices grandes y elevadas o si ha tenido otros tratamientos cut\u00e1neos, como peelings.<\/p><p><strong>\u00bfCu\u00e1les son los eventos adversos m\u00e1s comunes con RADIESSE\u00ae?<\/strong><\/p><p>Los eventos adversos m\u00e1s comunes observados en estudios cl\u00ednicos de RADIESSE\u00ae utilizados en las manos incluyen hematomas, enrojecimiento, hinchaz\u00f3n, dolor, picaz\u00f3n, n\u00f3dulos o protuberancias\/bultos, dificultad para realizar actividades, p\u00e9rdida de sensaci\u00f3n y otros efectos locales. Los eventos adversos m\u00e1s comunes observados en estudios cl\u00ednicos de RADIESSE\u00ae utilizados en la cara incluyen hematomas, enrojecimiento, hinchaz\u00f3n, dolor, picaz\u00f3n y otros efectos locales.<\/p><p>Estos no son todos los posibles efectos secundarios con RADIESSE\u00ae. Merz recopila informaci\u00f3n sobre eventos adversos observados con RADIESSE\u00ae fuera de los estudios cl\u00ednicos. Estos eventos se incluyen en la Gu\u00eda de Informaci\u00f3n para el Paciente de RADIESSE\u00ae en funci\u00f3n de una evaluaci\u00f3n de gravedad y una posible relaci\u00f3n causal con RADIESSE\u00ae. Consulte la Gu\u00eda de Informaci\u00f3n para el Paciente disponible en www.radiesse.com para ver la lista de estos eventos. Informe a su proveedor de atenci\u00f3n m\u00e9dica sobre cualquier efecto secundario que le moleste o que no desaparezca.<\/p><p>Importante: Para obtener informaci\u00f3n completa sobre la seguridad, visite www.Radiesse.com o llame a MyMerz Solutions al 1-844-469-6379.<\/p><p>RADIESSE\u00ae solo est\u00e1 disponible con receta m\u00e9dica.<\/p>\t\t\t\t\t\t\t\t<\/div>\n\t\t\t\t<\/div>\n\t\t\t\t\t<\/div>\n\t\t<\/div>\n\t\t\t\t\t<\/div>\n\t\t<\/section>\n\t\t\t\t<section class=\"elementor-section elementor-top-section elementor-element elementor-element-1845775 elementor-section-boxed elementor-section-height-default elementor-section-height-default\" data-id=\"1845775\" data-element_type=\"section\">\n\t\t\t\t\t\t<div class=\"elementor-container elementor-column-gap-default\">\n\t\t\t\t\t<div class=\"elementor-column elementor-col-100 elementor-top-column elementor-element elementor-element-9e6cacb\" data-id=\"9e6cacb\" data-element_type=\"column\">\n\t\t\t<div class=\"elementor-widget-wrap elementor-element-populated\">\n\t\t\t\t\t\t<div class=\"elementor-element elementor-element-dbf45b9 elementor-widget elementor-widget-image\" data-id=\"dbf45b9\" data-element_type=\"widget\" data-widget_type=\"image.default\">\n\t\t\t\t<div class=\"elementor-widget-container\">\n\t\t\t\t\t\t\t\t\t\t\t\t\t\t\t<img fetchpriority=\"high\" decoding=\"async\" width=\"500\" height=\"845\" src=\"https:\/\/360aestheticsmedspa.com\/wp-content\/uploads\/2023\/10\/radiesse-with-dr-sergio-verduzco.jpg\" class=\"attachment-large size-large wp-image-1652\" alt=\"\" srcset=\"https:\/\/360aestheticsmedspa.com\/wp-content\/uploads\/2023\/10\/radiesse-with-dr-sergio-verduzco.jpg 500w, https:\/\/360aestheticsmedspa.com\/wp-content\/uploads\/2023\/10\/radiesse-with-dr-sergio-verduzco-178x300.jpg 178w, https:\/\/360aestheticsmedspa.com\/wp-content\/uploads\/2023\/10\/radiesse-with-dr-sergio-verduzco-7x12.jpg 7w\" sizes=\"(max-width: 500px) 100vw, 500px\" \/>\t\t\t\t\t\t\t\t\t\t\t\t\t\t\t<\/div>\n\t\t\t\t<\/div>\n\t\t\t\t\t<\/div>\n\t\t<\/div>\n\t\t\t\t\t<\/div>\n\t\t<\/section>\n\t\t\t\t<\/div>","protected":false},"excerpt":{"rendered":"<p>Facial bioestimulation Facial estimulation with Radiesse What are RADIESSE\u00ae? RADIESSE\u00ae are dermal fillers that are used for smoothing moderate to severe facial wrinkles and folds, such as nasolabial folds (the creases that extend from the corner of your nose to the corner of your mouth). RADIESSE\u00ae is also used for correcting volume loss in the [&hellip;]<\/p>","protected":false},"author":1,"featured_media":0,"parent":148,"menu_order":0,"comment_status":"closed","ping_status":"closed","template":"elementor_header_footer","meta":{"_joinchat":[],"footnotes":""},"class_list":["post-618","page","type-page","status-publish","hentry"],"yoast_head":"<!-- This site is optimized with the Yoast SEO plugin v25.5 - https:\/\/yoast.com\/wordpress\/plugins\/seo\/ -->\n<title>Facial bioestimulation - 360<\/title>\n<meta name=\"robots\" content=\"index, follow, max-snippet:-1, max-image-preview:large, max-video-preview:-1\" \/>\n<link rel=\"canonical\" href=\"https:\/\/360aestheticsmedspa.com\/es\/bio-stimulation\/radiesse-neck\/\" \/>\n<meta property=\"og:locale\" content=\"es_MX\" \/>\n<meta property=\"og:type\" content=\"article\" \/>\n<meta property=\"og:title\" content=\"Facial bioestimulation - 360\" \/>\n<meta property=\"og:description\" content=\"Facial bioestimulation Facial estimulation with Radiesse What are RADIESSE\u00ae? RADIESSE\u00ae are dermal fillers that are used for smoothing moderate to severe facial wrinkles and folds, such as nasolabial folds (the creases that extend from the corner of your nose to the corner of your mouth). RADIESSE\u00ae is also used for correcting volume loss in the [&hellip;]\" \/>\n<meta property=\"og:url\" content=\"https:\/\/360aestheticsmedspa.com\/es\/bio-stimulation\/radiesse-neck\/\" \/>\n<meta property=\"og:site_name\" content=\"360\" \/>\n<meta property=\"article:modified_time\" content=\"2023-10-11T17:38:11+00:00\" \/>\n<meta property=\"og:image\" content=\"https:\/\/360aestheticsmedspa.com\/wp-content\/uploads\/2023\/10\/radiesse-with-dr-sergio-verduzco.jpg\" \/>\n<meta name=\"twitter:card\" content=\"summary_large_image\" \/>\n<meta name=\"twitter:label1\" content=\"Tiempo de lectura\" \/>\n\t<meta name=\"twitter:data1\" content=\"3 minutos\" \/>\n<script type=\"application\/ld+json\" class=\"yoast-schema-graph\">{\"@context\":\"https:\/\/schema.org\",\"@graph\":[{\"@type\":\"WebPage\",\"@id\":\"https:\/\/360aestheticsmedspa.com\/bio-stimulation\/radiesse-neck\/\",\"url\":\"https:\/\/360aestheticsmedspa.com\/bio-stimulation\/radiesse-neck\/\",\"name\":\"Facial bioestimulation - 360\",\"isPartOf\":{\"@id\":\"https:\/\/360aestheticsmedspa.com\/#website\"},\"primaryImageOfPage\":{\"@id\":\"https:\/\/360aestheticsmedspa.com\/bio-stimulation\/radiesse-neck\/#primaryimage\"},\"image\":{\"@id\":\"https:\/\/360aestheticsmedspa.com\/bio-stimulation\/radiesse-neck\/#primaryimage\"},\"thumbnailUrl\":\"https:\/\/360aestheticsmedspa.com\/wp-content\/uploads\/2023\/10\/radiesse-with-dr-sergio-verduzco.jpg\",\"datePublished\":\"2023-07-15T00:41:54+00:00\",\"dateModified\":\"2023-10-11T17:38:11+00:00\",\"breadcrumb\":{\"@id\":\"https:\/\/360aestheticsmedspa.com\/bio-stimulation\/radiesse-neck\/#breadcrumb\"},\"inLanguage\":\"es\",\"potentialAction\":[{\"@type\":\"ReadAction\",\"target\":[\"https:\/\/360aestheticsmedspa.com\/bio-stimulation\/radiesse-neck\/\"]}]},{\"@type\":\"ImageObject\",\"inLanguage\":\"es\",\"@id\":\"https:\/\/360aestheticsmedspa.com\/bio-stimulation\/radiesse-neck\/#primaryimage\",\"url\":\"https:\/\/360aestheticsmedspa.com\/wp-content\/uploads\/2023\/10\/radiesse-with-dr-sergio-verduzco.jpg\",\"contentUrl\":\"https:\/\/360aestheticsmedspa.com\/wp-content\/uploads\/2023\/10\/radiesse-with-dr-sergio-verduzco.jpg\"},{\"@type\":\"BreadcrumbList\",\"@id\":\"https:\/\/360aestheticsmedspa.com\/bio-stimulation\/radiesse-neck\/#breadcrumb\",\"itemListElement\":[{\"@type\":\"ListItem\",\"position\":1,\"name\":\"Home\",\"item\":\"https:\/\/360aestheticsmedspa.com\/\"},{\"@type\":\"ListItem\",\"position\":2,\"name\":\"Bio Stimulation\",\"item\":\"https:\/\/360aestheticsmedspa.com\/bio-stimulation\/\"},{\"@type\":\"ListItem\",\"position\":3,\"name\":\"Facial bioestimulation\"}]},{\"@type\":\"WebSite\",\"@id\":\"https:\/\/360aestheticsmedspa.com\/#website\",\"url\":\"https:\/\/360aestheticsmedspa.com\/\",\"name\":\"360\",\"description\":\"Aesthetics\",\"potentialAction\":[{\"@type\":\"SearchAction\",\"target\":{\"@type\":\"EntryPoint\",\"urlTemplate\":\"https:\/\/360aestheticsmedspa.com\/?s={search_term_string}\"},\"query-input\":{\"@type\":\"PropertyValueSpecification\",\"valueRequired\":true,\"valueName\":\"search_term_string\"}}],\"inLanguage\":\"es\"}]}<\/script>\n<!-- \/ Yoast SEO plugin. -->","yoast_head_json":{"title":"Facial bioestimulation - 360","robots":{"index":"index","follow":"follow","max-snippet":"max-snippet:-1","max-image-preview":"max-image-preview:large","max-video-preview":"max-video-preview:-1"},"canonical":"https:\/\/360aestheticsmedspa.com\/es\/bio-stimulation\/radiesse-neck\/","og_locale":"es_MX","og_type":"article","og_title":"Facial bioestimulation - 360","og_description":"Facial bioestimulation Facial estimulation with Radiesse What are RADIESSE\u00ae? RADIESSE\u00ae are dermal fillers that are used for smoothing moderate to severe facial wrinkles and folds, such as nasolabial folds (the creases that extend from the corner of your nose to the corner of your mouth). RADIESSE\u00ae is also used for correcting volume loss in the [&hellip;]","og_url":"https:\/\/360aestheticsmedspa.com\/es\/bio-stimulation\/radiesse-neck\/","og_site_name":"360","article_modified_time":"2023-10-11T17:38:11+00:00","og_image":[{"url":"https:\/\/360aestheticsmedspa.com\/wp-content\/uploads\/2023\/10\/radiesse-with-dr-sergio-verduzco.jpg","type":"","width":"","height":""}],"twitter_card":"summary_large_image","twitter_misc":{"Tiempo de lectura":"3 minutos"},"schema":{"@context":"https:\/\/schema.org","@graph":[{"@type":"WebPage","@id":"https:\/\/360aestheticsmedspa.com\/bio-stimulation\/radiesse-neck\/","url":"https:\/\/360aestheticsmedspa.com\/bio-stimulation\/radiesse-neck\/","name":"Facial bioestimulation - 360","isPartOf":{"@id":"https:\/\/360aestheticsmedspa.com\/#website"},"primaryImageOfPage":{"@id":"https:\/\/360aestheticsmedspa.com\/bio-stimulation\/radiesse-neck\/#primaryimage"},"image":{"@id":"https:\/\/360aestheticsmedspa.com\/bio-stimulation\/radiesse-neck\/#primaryimage"},"thumbnailUrl":"https:\/\/360aestheticsmedspa.com\/wp-content\/uploads\/2023\/10\/radiesse-with-dr-sergio-verduzco.jpg","datePublished":"2023-07-15T00:41:54+00:00","dateModified":"2023-10-11T17:38:11+00:00","breadcrumb":{"@id":"https:\/\/360aestheticsmedspa.com\/bio-stimulation\/radiesse-neck\/#breadcrumb"},"inLanguage":"es","potentialAction":[{"@type":"ReadAction","target":["https:\/\/360aestheticsmedspa.com\/bio-stimulation\/radiesse-neck\/"]}]},{"@type":"ImageObject","inLanguage":"es","@id":"https:\/\/360aestheticsmedspa.com\/bio-stimulation\/radiesse-neck\/#primaryimage","url":"https:\/\/360aestheticsmedspa.com\/wp-content\/uploads\/2023\/10\/radiesse-with-dr-sergio-verduzco.jpg","contentUrl":"https:\/\/360aestheticsmedspa.com\/wp-content\/uploads\/2023\/10\/radiesse-with-dr-sergio-verduzco.jpg"},{"@type":"BreadcrumbList","@id":"https:\/\/360aestheticsmedspa.com\/bio-stimulation\/radiesse-neck\/#breadcrumb","itemListElement":[{"@type":"ListItem","position":1,"name":"Home","item":"https:\/\/360aestheticsmedspa.com\/"},{"@type":"ListItem","position":2,"name":"Bio Stimulation","item":"https:\/\/360aestheticsmedspa.com\/bio-stimulation\/"},{"@type":"ListItem","position":3,"name":"Facial bioestimulation"}]},{"@type":"WebSite","@id":"https:\/\/360aestheticsmedspa.com\/#website","url":"https:\/\/360aestheticsmedspa.com\/","name":"360","description":"Aesthetics","potentialAction":[{"@type":"SearchAction","target":{"@type":"EntryPoint","urlTemplate":"https:\/\/360aestheticsmedspa.com\/?s={search_term_string}"},"query-input":{"@type":"PropertyValueSpecification","valueRequired":true,"valueName":"search_term_string"}}],"inLanguage":"es"}]}},"_links":{"self":[{"href":"https:\/\/360aestheticsmedspa.com\/es\/wp-json\/wp\/v2\/pages\/618","targetHints":{"allow":["GET"]}}],"collection":[{"href":"https:\/\/360aestheticsmedspa.com\/es\/wp-json\/wp\/v2\/pages"}],"about":[{"href":"https:\/\/360aestheticsmedspa.com\/es\/wp-json\/wp\/v2\/types\/page"}],"author":[{"embeddable":true,"href":"https:\/\/360aestheticsmedspa.com\/es\/wp-json\/wp\/v2\/users\/1"}],"replies":[{"embeddable":true,"href":"https:\/\/360aestheticsmedspa.com\/es\/wp-json\/wp\/v2\/comments?post=618"}],"version-history":[{"count":0,"href":"https:\/\/360aestheticsmedspa.com\/es\/wp-json\/wp\/v2\/pages\/618\/revisions"}],"up":[{"embeddable":true,"href":"https:\/\/360aestheticsmedspa.com\/es\/wp-json\/wp\/v2\/pages\/148"}],"wp:attachment":[{"href":"https:\/\/360aestheticsmedspa.com\/es\/wp-json\/wp\/v2\/media?parent=618"}],"curies":[{"name":"wp","href":"https:\/\/api.w.org\/{rel}","templated":true}]}}