{"id":616,"date":"2023-07-15T00:40:44","date_gmt":"2023-07-15T00:40:44","guid":{"rendered":"https:\/\/360aestheticsmedspa.com\/?page_id=616"},"modified":"2023-09-04T20:25:39","modified_gmt":"2023-09-04T20:25:39","slug":"radiesse-hands","status":"publish","type":"page","link":"https:\/\/360aestheticsmedspa.com\/es\/bio-stimulation\/radiesse-hands\/","title":{"rendered":"Bioestimulaci\u00f3n de gl\u00fateos"},"content":{"rendered":"<div data-elementor-type=\"wp-page\" data-elementor-id=\"616\" class=\"elementor elementor-616\" data-elementor-post-type=\"page\">\n\t\t\t\t\t\t<section class=\"elementor-section elementor-top-section elementor-element elementor-element-46942f7 elementor-section-full_width elementor-section-stretched elementor-section-height-default elementor-section-height-default\" data-id=\"46942f7\" data-element_type=\"section\" data-settings=\"{&quot;stretch_section&quot;:&quot;section-stretched&quot;}\">\n\t\t\t\t\t\t\t<div class=\"elementor-background-overlay\"><\/div>\n\t\t\t\t\t\t\t<div class=\"elementor-container elementor-column-gap-no\">\n\t\t\t\t\t<div class=\"elementor-column elementor-col-100 elementor-top-column elementor-element elementor-element-3772068\" data-id=\"3772068\" data-element_type=\"column\">\n\t\t\t<div class=\"elementor-widget-wrap elementor-element-populated\">\n\t\t\t\t\t\t<section class=\"elementor-section elementor-inner-section elementor-element elementor-element-b2d6bd8 elementor-section-boxed elementor-section-height-default elementor-section-height-default\" data-id=\"b2d6bd8\" data-element_type=\"section\">\n\t\t\t\t\t\t<div class=\"elementor-container elementor-column-gap-default\">\n\t\t\t\t\t<div class=\"elementor-column elementor-col-50 elementor-inner-column elementor-element elementor-element-6d0d8dd\" data-id=\"6d0d8dd\" data-element_type=\"column\">\n\t\t\t<div class=\"elementor-widget-wrap elementor-element-populated\">\n\t\t\t\t\t\t<div class=\"elementor-element elementor-element-bb0b1ec elementor-widget elementor-widget-heading\" data-id=\"bb0b1ec\" data-element_type=\"widget\" data-widget_type=\"heading.default\">\n\t\t\t\t<div class=\"elementor-widget-container\">\n\t\t\t\t\t<h2 class=\"elementor-heading-title elementor-size-default\">Gl\u00fateos\n<\/h2>\t\t\t\t<\/div>\n\t\t\t\t<\/div>\n\t\t\t\t\t<\/div>\n\t\t<\/div>\n\t\t\t\t<div class=\"elementor-column elementor-col-50 elementor-inner-column elementor-element elementor-element-29af63f\" data-id=\"29af63f\" data-element_type=\"column\">\n\t\t\t<div class=\"elementor-widget-wrap\">\n\t\t\t\t\t\t\t<\/div>\n\t\t<\/div>\n\t\t\t\t\t<\/div>\n\t\t<\/section>\n\t\t\t\t\t<\/div>\n\t\t<\/div>\n\t\t\t\t\t<\/div>\n\t\t<\/section>\n\t\t\t\t<section class=\"elementor-section elementor-top-section elementor-element elementor-element-3ca0dc1 elementor-section-boxed elementor-section-height-default elementor-section-height-default\" data-id=\"3ca0dc1\" data-element_type=\"section\">\n\t\t\t\t\t\t<div class=\"elementor-container elementor-column-gap-default\">\n\t\t\t\t\t<div class=\"elementor-column elementor-col-100 elementor-top-column elementor-element elementor-element-56b8e6e\" data-id=\"56b8e6e\" data-element_type=\"column\">\n\t\t\t<div class=\"elementor-widget-wrap elementor-element-populated\">\n\t\t\t\t\t\t<div class=\"elementor-element elementor-element-cee1654 elementor-widget elementor-widget-heading\" data-id=\"cee1654\" data-element_type=\"widget\" data-widget_type=\"heading.default\">\n\t\t\t\t<div class=\"elementor-widget-container\">\n\t\t\t\t\t<h1 class=\"elementor-heading-title elementor-size-default\">Levantamiento de gl\u00fateos no quir\u00fargico<\/h1>\t\t\t\t<\/div>\n\t\t\t\t<\/div>\n\t\t\t\t<div class=\"elementor-element elementor-element-cb0694a elementor-widget elementor-widget-heading\" data-id=\"cb0694a\" data-element_type=\"widget\" data-widget_type=\"heading.default\">\n\t\t\t\t<div class=\"elementor-widget-container\">\n\t\t\t\t\t<h2 class=\"elementor-heading-title elementor-size-default\">\u00bfQu\u00e9 implica un aumento de gl\u00fateos no quir\u00fargico?<\/h2>\t\t\t\t<\/div>\n\t\t\t\t<\/div>\n\t\t\t\t<div class=\"elementor-element elementor-element-c87c9b9 elementor-widget elementor-widget-text-editor\" data-id=\"c87c9b9\" data-element_type=\"widget\" data-widget_type=\"text-editor.default\">\n\t\t\t\t<div class=\"elementor-widget-container\">\n\t\t\t\t\t\t\t\t\t<p>El levantamiento de gl\u00fateos no quir\u00fargico puede ayudar a las personas a lograr los gl\u00fateos atractivos que desean, que ha sido uno de los atributos f\u00edsicos m\u00e1s buscados por las mujeres desde que tenemos memoria. Un trasero bien formado representa juventud, aptitud f\u00edsica y agrega un toque de sensualidad a la apariencia. Desafortunadamente, varios factores, como el envejecimiento, la p\u00e9rdida de peso o la gen\u00e9tica, pueden obstaculizar la capacidad de una persona para lograr el f\u00edsico deseado.<\/p>\n<p>Aunque nos esforzamos por mejorar nuestro estilo de vida, ciertas \u00e1reas del cuerpo pueden parecer resistentes al cambio. Por ejemplo, las mujeres mayores de 40 a\u00f1os suelen tener dificultades para combatir la celulitis. Afortunadamente, el aumento de gl\u00fateos no quir\u00fargico es un procedimiento ambulatorio que permite a las personas reanudar sus actividades diarias en unas pocas horas.<\/p>\t\t\t\t\t\t\t\t<\/div>\n\t\t\t\t<\/div>\n\t\t\t\t\t<\/div>\n\t\t<\/div>\n\t\t\t\t\t<\/div>\n\t\t<\/section>\n\t\t\t\t<section class=\"elementor-section elementor-top-section elementor-element elementor-element-13b9865 elementor-section-boxed elementor-section-height-default elementor-section-height-default\" data-id=\"13b9865\" data-element_type=\"section\">\n\t\t\t\t\t\t<div class=\"elementor-container elementor-column-gap-default\">\n\t\t\t\t\t<div class=\"elementor-column elementor-col-100 elementor-top-column elementor-element elementor-element-3f6538b\" data-id=\"3f6538b\" data-element_type=\"column\">\n\t\t\t<div class=\"elementor-widget-wrap elementor-element-populated\">\n\t\t\t\t\t\t<div class=\"elementor-element elementor-element-adef87d elementor-widget elementor-widget-heading\" data-id=\"adef87d\" data-element_type=\"widget\" data-widget_type=\"heading.default\">\n\t\t\t\t<div class=\"elementor-widget-container\">\n\t\t\t\t\t<h2 class=\"elementor-heading-title elementor-size-default\">Hay dos tipos diferentes de rellenos que utilizamos<\/h2>\t\t\t\t<\/div>\n\t\t\t\t<\/div>\n\t\t\t\t<div class=\"elementor-element elementor-element-332703d elementor-widget elementor-widget-heading\" data-id=\"332703d\" data-element_type=\"widget\" data-widget_type=\"heading.default\">\n\t\t\t\t<div class=\"elementor-widget-container\">\n\t\t\t\t\t<h2 class=\"elementor-heading-title elementor-size-medium\">\u00a1Los gl\u00fateos que siempre so\u00f1aste!<\/h2>\t\t\t\t<\/div>\n\t\t\t\t<\/div>\n\t\t\t\t<div class=\"elementor-element elementor-element-4d74c7e elementor-widget elementor-widget-text-editor\" data-id=\"4d74c7e\" data-element_type=\"widget\" data-widget_type=\"text-editor.default\">\n\t\t\t\t<div class=\"elementor-widget-container\">\n\t\t\t\t\t\t\t\t\t<p>Cuando se trata de opciones de levantamiento de gl\u00fateos no quir\u00fargico, Sculptra Aesthetic\u00ae y Velvet son dos opciones destacadas, cada una de las cuales ofrece beneficios \u00fanicos adaptados a sus objetivos est\u00e9ticos.<\/p>\t\t\t\t\t\t\t\t<\/div>\n\t\t\t\t<\/div>\n\t\t\t\t\t<\/div>\n\t\t<\/div>\n\t\t\t\t\t<\/div>\n\t\t<\/section>\n\t\t\t\t<section class=\"elementor-section elementor-top-section elementor-element elementor-element-a55b0c1 elementor-section-stretched elementor-section-height-min-height elementor-section-content-middle elementor-section-boxed elementor-section-height-default elementor-section-items-middle\" data-id=\"a55b0c1\" data-element_type=\"section\" data-settings=\"{&quot;stretch_section&quot;:&quot;section-stretched&quot;,&quot;background_background&quot;:&quot;classic&quot;}\">\n\t\t\t\t\t\t<div class=\"elementor-container elementor-column-gap-default\">\n\t\t\t\t\t<div class=\"elementor-column elementor-col-50 elementor-top-column elementor-element elementor-element-3169dde\" data-id=\"3169dde\" data-element_type=\"column\" data-settings=\"{&quot;background_background&quot;:&quot;classic&quot;}\">\n\t\t\t<div class=\"elementor-widget-wrap elementor-element-populated\">\n\t\t\t\t\t\t<div class=\"elementor-element elementor-element-3435a94 elementor-widget elementor-widget-image\" data-id=\"3435a94\" data-element_type=\"widget\" data-widget_type=\"image.default\">\n\t\t\t\t<div class=\"elementor-widget-container\">\n\t\t\t\t\t\t\t\t\t\t\t\t\t\t\t<img fetchpriority=\"high\" decoding=\"async\" width=\"503\" height=\"286\" src=\"https:\/\/360aestheticsmedspa.com\/wp-content\/uploads\/2023\/07\/sculptra.png\" class=\"attachment-large size-large wp-image-645\" alt=\"\" srcset=\"https:\/\/360aestheticsmedspa.com\/wp-content\/uploads\/2023\/07\/sculptra.png 503w, https:\/\/360aestheticsmedspa.com\/wp-content\/uploads\/2023\/07\/sculptra-300x171.png 300w, https:\/\/360aestheticsmedspa.com\/wp-content\/uploads\/2023\/07\/sculptra-18x10.png 18w\" sizes=\"(max-width: 503px) 100vw, 503px\" \/>\t\t\t\t\t\t\t\t\t\t\t\t\t\t\t<\/div>\n\t\t\t\t<\/div>\n\t\t\t\t\t<\/div>\n\t\t<\/div>\n\t\t\t\t<div class=\"elementor-column elementor-col-50 elementor-top-column elementor-element elementor-element-74d9c2e\" data-id=\"74d9c2e\" data-element_type=\"column\">\n\t\t\t<div class=\"elementor-widget-wrap elementor-element-populated\">\n\t\t\t\t\t\t<div class=\"elementor-element elementor-element-e65194f elementor-widget elementor-widget-text-editor\" data-id=\"e65194f\" data-element_type=\"widget\" data-widget_type=\"text-editor.default\">\n\t\t\t\t<div class=\"elementor-widget-container\">\n\t\t\t\t\t\t\t\t\t<p><strong>Sculptra Aesthetic\u00ae:<\/strong> Sculptra Aesthetic\u00ae es conocido por su capacidad no solo para proporcionar volumen y elevaci\u00f3n sino tambi\u00e9n para mejorar la calidad de la piel. Este tratamiento inyectable estimula la producci\u00f3n de col\u00e1geno, dando como resultado una apariencia m\u00e1s firme y juvenil. Con el tiempo, Sculptra trabaja para mejorar la textura y elasticidad de la piel mientras levanta y da forma sutilmente a los gl\u00fateos. Si est\u00e1 buscando una opci\u00f3n que no solo realce las curvas sino que tambi\u00e9n rejuvenezca la piel, Sculptra Aesthetic\u00ae es una de las principales opciones.<\/p>\t\t\t\t\t\t\t\t<\/div>\n\t\t\t\t<\/div>\n\t\t\t\t\t<\/div>\n\t\t<\/div>\n\t\t\t\t\t<\/div>\n\t\t<\/section>\n\t\t\t\t<section class=\"elementor-section elementor-top-section elementor-element elementor-element-783c22b elementor-section-stretched elementor-section-height-min-height elementor-section-content-middle elementor-section-boxed elementor-section-height-default elementor-section-items-middle\" data-id=\"783c22b\" data-element_type=\"section\" data-settings=\"{&quot;stretch_section&quot;:&quot;section-stretched&quot;,&quot;background_background&quot;:&quot;classic&quot;}\">\n\t\t\t\t\t\t<div class=\"elementor-container elementor-column-gap-default\">\n\t\t\t\t\t<div class=\"elementor-column elementor-col-50 elementor-top-column elementor-element elementor-element-c3b518f\" data-id=\"c3b518f\" data-element_type=\"column\">\n\t\t\t<div class=\"elementor-widget-wrap elementor-element-populated\">\n\t\t\t\t\t\t<div class=\"elementor-element elementor-element-bcd923f elementor-widget elementor-widget-text-editor\" data-id=\"bcd923f\" data-element_type=\"widget\" data-widget_type=\"text-editor.default\">\n\t\t\t\t<div class=\"elementor-widget-container\">\n\t\t\t\t\t\t\t\t\t<p><strong>Velvet:<\/strong> Por otro lado, Velvet destaca por su notable capacidad de relleno. Se destaca por brindar volumen y elevaci\u00f3n a los gl\u00fateos, lo que lo convierte en una opci\u00f3n ideal si su objetivo principal es lograr una apariencia m\u00e1s completa y pronunciada. El objetivo de Velvet es mejorar el tama\u00f1o y la forma de tus gl\u00fateos, brind\u00e1ndote esa silueta curvil\u00ednea deseada. Si su prioridad es lograr una apariencia tersa y bien formada, Velvet ofrece una soluci\u00f3n especializada.<\/p>\t\t\t\t\t\t\t\t<\/div>\n\t\t\t\t<\/div>\n\t\t\t\t\t<\/div>\n\t\t<\/div>\n\t\t\t\t<div class=\"elementor-column elementor-col-50 elementor-top-column elementor-element elementor-element-690aeef\" data-id=\"690aeef\" data-element_type=\"column\" data-settings=\"{&quot;background_background&quot;:&quot;classic&quot;}\">\n\t\t\t<div class=\"elementor-widget-wrap elementor-element-populated\">\n\t\t\t\t\t\t<div class=\"elementor-element elementor-element-3eb6553 elementor-widget elementor-widget-image\" data-id=\"3eb6553\" data-element_type=\"widget\" data-widget_type=\"image.default\">\n\t\t\t\t<div class=\"elementor-widget-container\">\n\t\t\t\t\t\t\t\t\t\t\t\t\t\t\t<img decoding=\"async\" width=\"800\" height=\"534\" src=\"https:\/\/360aestheticsmedspa.com\/wp-content\/uploads\/2023\/07\/culo-femenino-fondo-blanco-hermoso-trasero-femenino-tanga.jpg\" class=\"attachment-large size-large wp-image-1054\" alt=\"\" srcset=\"https:\/\/360aestheticsmedspa.com\/wp-content\/uploads\/2023\/07\/culo-femenino-fondo-blanco-hermoso-trasero-femenino-tanga.jpg 1000w, https:\/\/360aestheticsmedspa.com\/wp-content\/uploads\/2023\/07\/culo-femenino-fondo-blanco-hermoso-trasero-femenino-tanga-300x200.jpg 300w, https:\/\/360aestheticsmedspa.com\/wp-content\/uploads\/2023\/07\/culo-femenino-fondo-blanco-hermoso-trasero-femenino-tanga-768x512.jpg 768w, https:\/\/360aestheticsmedspa.com\/wp-content\/uploads\/2023\/07\/culo-femenino-fondo-blanco-hermoso-trasero-femenino-tanga-18x12.jpg 18w\" sizes=\"(max-width: 800px) 100vw, 800px\" \/>\t\t\t\t\t\t\t\t\t\t\t\t\t\t\t<\/div>\n\t\t\t\t<\/div>\n\t\t\t\t\t<\/div>\n\t\t<\/div>\n\t\t\t\t\t<\/div>\n\t\t<\/section>\n\t\t\t\t<section class=\"elementor-section elementor-top-section elementor-element elementor-element-316405c elementor-section-boxed elementor-section-height-default elementor-section-height-default\" data-id=\"316405c\" data-element_type=\"section\" data-settings=\"{&quot;background_background&quot;:&quot;classic&quot;}\">\n\t\t\t\t\t\t<div class=\"elementor-container elementor-column-gap-default\">\n\t\t\t\t\t<div class=\"elementor-column elementor-col-100 elementor-top-column elementor-element elementor-element-dfdb930\" data-id=\"dfdb930\" data-element_type=\"column\">\n\t\t\t<div class=\"elementor-widget-wrap elementor-element-populated\">\n\t\t\t\t\t\t<div class=\"elementor-element elementor-element-3886054 elementor-widget elementor-widget-text-editor\" data-id=\"3886054\" data-element_type=\"widget\" data-widget_type=\"text-editor.default\">\n\t\t\t\t<div class=\"elementor-widget-container\">\n\t\t\t\t\t\t\t\t\t<p>En resumen, Sculptra Aesthetic\u00ae es la opci\u00f3n ideal cuando busca no solo mejorar sino tambi\u00e9n mejorar la calidad de la piel, lo que la convierte en una excelente opci\u00f3n para quienes buscan un rejuvenecimiento integral de los gl\u00fateos. Velvet, por otro lado, es tu elecci\u00f3n ideal para una mejora dram\u00e1tica en tama\u00f1o y forma, priorizando un trasero m\u00e1s lleno y con curvas. En \u00faltima instancia, la elecci\u00f3n entre estos dos tratamientos excepcionales depende de sus objetivos est\u00e9ticos \u00fanicos y de los resultados deseados.<\/p>\t\t\t\t\t\t\t\t<\/div>\n\t\t\t\t<\/div>\n\t\t\t\t<div class=\"elementor-element elementor-element-9e9c868 elementor-align-center elementor-widget elementor-widget-button\" data-id=\"9e9c868\" data-element_type=\"widget\" data-widget_type=\"button.default\">\n\t\t\t\t<div class=\"elementor-widget-container\">\n\t\t\t\t\t\t\t\t\t<div class=\"elementor-button-wrapper\">\n\t\t\t\t\t<a class=\"elementor-button elementor-button-link elementor-size-sm\" href=\"https:\/\/api.whatsapp.com\/send\/?phone=5216633224448&#038;text&#038;type=phone_number&#038;app_absent=0\" target=\"_blank\">\n\t\t\t\t\t\t<span class=\"elementor-button-content-wrapper\">\n\t\t\t\t\t\t\t\t\t<span class=\"elementor-button-text\">Consulta con un experto<\/span>\n\t\t\t\t\t<\/span>\n\t\t\t\t\t<\/a>\n\t\t\t\t<\/div>\n\t\t\t\t\t\t\t\t<\/div>\n\t\t\t\t<\/div>\n\t\t\t\t\t<\/div>\n\t\t<\/div>\n\t\t\t\t\t<\/div>\n\t\t<\/section>\n\t\t\t\t<\/div>","protected":false},"excerpt":{"rendered":"<p>Buttocks Nonsurgical Butt Lift What does a NonSurgical Butt Augmentation entail? Nonsurgical Butt Liftcan help individuals achieve the attractive buttocks they desire, which has been one of the most sought-after physical attributes for women for as long as we can remember. A shapely derriere represents youth, physical fitness, and adds a touch of sensuality to [&hellip;]<\/p>","protected":false},"author":1,"featured_media":0,"parent":148,"menu_order":0,"comment_status":"closed","ping_status":"closed","template":"elementor_header_footer","meta":{"_joinchat":[],"footnotes":""},"class_list":["post-616","page","type-page","status-publish","hentry"],"yoast_head":"<!-- This site is optimized with the Yoast SEO plugin v25.5 - https:\/\/yoast.com\/wordpress\/plugins\/seo\/ -->\n<title>Buttock bioestimulation - 360<\/title>\n<meta name=\"robots\" content=\"index, follow, max-snippet:-1, max-image-preview:large, max-video-preview:-1\" \/>\n<link rel=\"canonical\" href=\"https:\/\/360aestheticsmedspa.com\/es\/bio-stimulation\/radiesse-hands\/\" \/>\n<meta property=\"og:locale\" content=\"es_MX\" \/>\n<meta property=\"og:type\" content=\"article\" \/>\n<meta property=\"og:title\" content=\"Buttock bioestimulation - 360\" \/>\n<meta property=\"og:description\" content=\"Buttocks Nonsurgical Butt Lift What does a NonSurgical Butt Augmentation entail? Nonsurgical Butt Liftcan help individuals achieve the attractive buttocks they desire, which has been one of the most sought-after physical attributes for women for as long as we can remember. A shapely derriere represents youth, physical fitness, and adds a touch of sensuality to [&hellip;]\" \/>\n<meta property=\"og:url\" content=\"https:\/\/360aestheticsmedspa.com\/es\/bio-stimulation\/radiesse-hands\/\" \/>\n<meta property=\"og:site_name\" content=\"360\" \/>\n<meta property=\"article:modified_time\" content=\"2023-09-04T20:25:39+00:00\" \/>\n<meta property=\"og:image\" content=\"https:\/\/360aestheticsmedspa.com\/wp-content\/uploads\/2023\/07\/sculptra.png\" \/>\n<meta name=\"twitter:card\" content=\"summary_large_image\" \/>\n<meta name=\"twitter:label1\" content=\"Tiempo de lectura\" \/>\n\t<meta name=\"twitter:data1\" content=\"2 minutos\" \/>\n<script type=\"application\/ld+json\" class=\"yoast-schema-graph\">{\"@context\":\"https:\/\/schema.org\",\"@graph\":[{\"@type\":\"WebPage\",\"@id\":\"https:\/\/360aestheticsmedspa.com\/bio-stimulation\/radiesse-hands\/\",\"url\":\"https:\/\/360aestheticsmedspa.com\/bio-stimulation\/radiesse-hands\/\",\"name\":\"Buttock bioestimulation - 360\",\"isPartOf\":{\"@id\":\"https:\/\/360aestheticsmedspa.com\/#website\"},\"primaryImageOfPage\":{\"@id\":\"https:\/\/360aestheticsmedspa.com\/bio-stimulation\/radiesse-hands\/#primaryimage\"},\"image\":{\"@id\":\"https:\/\/360aestheticsmedspa.com\/bio-stimulation\/radiesse-hands\/#primaryimage\"},\"thumbnailUrl\":\"https:\/\/360aestheticsmedspa.com\/wp-content\/uploads\/2023\/07\/sculptra.png\",\"datePublished\":\"2023-07-15T00:40:44+00:00\",\"dateModified\":\"2023-09-04T20:25:39+00:00\",\"breadcrumb\":{\"@id\":\"https:\/\/360aestheticsmedspa.com\/bio-stimulation\/radiesse-hands\/#breadcrumb\"},\"inLanguage\":\"es\",\"potentialAction\":[{\"@type\":\"ReadAction\",\"target\":[\"https:\/\/360aestheticsmedspa.com\/bio-stimulation\/radiesse-hands\/\"]}]},{\"@type\":\"ImageObject\",\"inLanguage\":\"es\",\"@id\":\"https:\/\/360aestheticsmedspa.com\/bio-stimulation\/radiesse-hands\/#primaryimage\",\"url\":\"https:\/\/360aestheticsmedspa.com\/wp-content\/uploads\/2023\/07\/sculptra.png\",\"contentUrl\":\"https:\/\/360aestheticsmedspa.com\/wp-content\/uploads\/2023\/07\/sculptra.png\"},{\"@type\":\"BreadcrumbList\",\"@id\":\"https:\/\/360aestheticsmedspa.com\/bio-stimulation\/radiesse-hands\/#breadcrumb\",\"itemListElement\":[{\"@type\":\"ListItem\",\"position\":1,\"name\":\"Home\",\"item\":\"https:\/\/360aestheticsmedspa.com\/\"},{\"@type\":\"ListItem\",\"position\":2,\"name\":\"Bio Stimulation\",\"item\":\"https:\/\/360aestheticsmedspa.com\/bio-stimulation\/\"},{\"@type\":\"ListItem\",\"position\":3,\"name\":\"Buttock bioestimulation\"}]},{\"@type\":\"WebSite\",\"@id\":\"https:\/\/360aestheticsmedspa.com\/#website\",\"url\":\"https:\/\/360aestheticsmedspa.com\/\",\"name\":\"360\",\"description\":\"Aesthetics\",\"potentialAction\":[{\"@type\":\"SearchAction\",\"target\":{\"@type\":\"EntryPoint\",\"urlTemplate\":\"https:\/\/360aestheticsmedspa.com\/?s={search_term_string}\"},\"query-input\":{\"@type\":\"PropertyValueSpecification\",\"valueRequired\":true,\"valueName\":\"search_term_string\"}}],\"inLanguage\":\"es\"}]}<\/script>\n<!-- \/ Yoast SEO plugin. -->","yoast_head_json":{"title":"Buttock bioestimulation - 360","robots":{"index":"index","follow":"follow","max-snippet":"max-snippet:-1","max-image-preview":"max-image-preview:large","max-video-preview":"max-video-preview:-1"},"canonical":"https:\/\/360aestheticsmedspa.com\/es\/bio-stimulation\/radiesse-hands\/","og_locale":"es_MX","og_type":"article","og_title":"Buttock bioestimulation - 360","og_description":"Buttocks Nonsurgical Butt Lift What does a NonSurgical Butt Augmentation entail? Nonsurgical Butt Liftcan help individuals achieve the attractive buttocks they desire, which has been one of the most sought-after physical attributes for women for as long as we can remember. A shapely derriere represents youth, physical fitness, and adds a touch of sensuality to [&hellip;]","og_url":"https:\/\/360aestheticsmedspa.com\/es\/bio-stimulation\/radiesse-hands\/","og_site_name":"360","article_modified_time":"2023-09-04T20:25:39+00:00","og_image":[{"url":"https:\/\/360aestheticsmedspa.com\/wp-content\/uploads\/2023\/07\/sculptra.png","type":"","width":"","height":""}],"twitter_card":"summary_large_image","twitter_misc":{"Tiempo de lectura":"2 minutos"},"schema":{"@context":"https:\/\/schema.org","@graph":[{"@type":"WebPage","@id":"https:\/\/360aestheticsmedspa.com\/bio-stimulation\/radiesse-hands\/","url":"https:\/\/360aestheticsmedspa.com\/bio-stimulation\/radiesse-hands\/","name":"Buttock bioestimulation - 360","isPartOf":{"@id":"https:\/\/360aestheticsmedspa.com\/#website"},"primaryImageOfPage":{"@id":"https:\/\/360aestheticsmedspa.com\/bio-stimulation\/radiesse-hands\/#primaryimage"},"image":{"@id":"https:\/\/360aestheticsmedspa.com\/bio-stimulation\/radiesse-hands\/#primaryimage"},"thumbnailUrl":"https:\/\/360aestheticsmedspa.com\/wp-content\/uploads\/2023\/07\/sculptra.png","datePublished":"2023-07-15T00:40:44+00:00","dateModified":"2023-09-04T20:25:39+00:00","breadcrumb":{"@id":"https:\/\/360aestheticsmedspa.com\/bio-stimulation\/radiesse-hands\/#breadcrumb"},"inLanguage":"es","potentialAction":[{"@type":"ReadAction","target":["https:\/\/360aestheticsmedspa.com\/bio-stimulation\/radiesse-hands\/"]}]},{"@type":"ImageObject","inLanguage":"es","@id":"https:\/\/360aestheticsmedspa.com\/bio-stimulation\/radiesse-hands\/#primaryimage","url":"https:\/\/360aestheticsmedspa.com\/wp-content\/uploads\/2023\/07\/sculptra.png","contentUrl":"https:\/\/360aestheticsmedspa.com\/wp-content\/uploads\/2023\/07\/sculptra.png"},{"@type":"BreadcrumbList","@id":"https:\/\/360aestheticsmedspa.com\/bio-stimulation\/radiesse-hands\/#breadcrumb","itemListElement":[{"@type":"ListItem","position":1,"name":"Home","item":"https:\/\/360aestheticsmedspa.com\/"},{"@type":"ListItem","position":2,"name":"Bio Stimulation","item":"https:\/\/360aestheticsmedspa.com\/bio-stimulation\/"},{"@type":"ListItem","position":3,"name":"Buttock bioestimulation"}]},{"@type":"WebSite","@id":"https:\/\/360aestheticsmedspa.com\/#website","url":"https:\/\/360aestheticsmedspa.com\/","name":"360","description":"Aesthetics","potentialAction":[{"@type":"SearchAction","target":{"@type":"EntryPoint","urlTemplate":"https:\/\/360aestheticsmedspa.com\/?s={search_term_string}"},"query-input":{"@type":"PropertyValueSpecification","valueRequired":true,"valueName":"search_term_string"}}],"inLanguage":"es"}]}},"_links":{"self":[{"href":"https:\/\/360aestheticsmedspa.com\/es\/wp-json\/wp\/v2\/pages\/616","targetHints":{"allow":["GET"]}}],"collection":[{"href":"https:\/\/360aestheticsmedspa.com\/es\/wp-json\/wp\/v2\/pages"}],"about":[{"href":"https:\/\/360aestheticsmedspa.com\/es\/wp-json\/wp\/v2\/types\/page"}],"author":[{"embeddable":true,"href":"https:\/\/360aestheticsmedspa.com\/es\/wp-json\/wp\/v2\/users\/1"}],"replies":[{"embeddable":true,"href":"https:\/\/360aestheticsmedspa.com\/es\/wp-json\/wp\/v2\/comments?post=616"}],"version-history":[{"count":0,"href":"https:\/\/360aestheticsmedspa.com\/es\/wp-json\/wp\/v2\/pages\/616\/revisions"}],"up":[{"embeddable":true,"href":"https:\/\/360aestheticsmedspa.com\/es\/wp-json\/wp\/v2\/pages\/148"}],"wp:attachment":[{"href":"https:\/\/360aestheticsmedspa.com\/es\/wp-json\/wp\/v2\/media?parent=616"}],"curies":[{"name":"wp","href":"https:\/\/api.w.org\/{rel}","templated":true}]}}