{"id":614,"date":"2023-07-15T00:40:25","date_gmt":"2023-07-15T00:40:25","guid":{"rendered":"https:\/\/360aestheticsmedspa.com\/?page_id=614"},"modified":"2023-10-11T17:34:35","modified_gmt":"2023-10-11T17:34:35","slug":"radiesse-face","status":"publish","type":"page","link":"https:\/\/360aestheticsmedspa.com\/es\/bio-stimulation\/radiesse-face\/","title":{"rendered":"Rejuvenecimiento de manos"},"content":{"rendered":"<div data-elementor-type=\"wp-page\" data-elementor-id=\"614\" class=\"elementor elementor-614\" data-elementor-post-type=\"page\">\n\t\t\t\t\t\t<section class=\"elementor-section elementor-top-section elementor-element elementor-element-0af08e3 elementor-section-full_width elementor-section-stretched elementor-section-height-default elementor-section-height-default\" data-id=\"0af08e3\" data-element_type=\"section\" data-settings=\"{&quot;stretch_section&quot;:&quot;section-stretched&quot;,&quot;background_background&quot;:&quot;classic&quot;}\">\n\t\t\t\t\t\t\t<div class=\"elementor-background-overlay\"><\/div>\n\t\t\t\t\t\t\t<div class=\"elementor-container elementor-column-gap-no\">\n\t\t\t\t\t<div class=\"elementor-column elementor-col-100 elementor-top-column elementor-element elementor-element-09a04bc\" data-id=\"09a04bc\" data-element_type=\"column\">\n\t\t\t<div class=\"elementor-widget-wrap elementor-element-populated\">\n\t\t\t\t\t\t<section class=\"elementor-section elementor-inner-section elementor-element elementor-element-4d49f09 elementor-section-boxed elementor-section-height-default elementor-section-height-default\" data-id=\"4d49f09\" data-element_type=\"section\">\n\t\t\t\t\t\t<div class=\"elementor-container elementor-column-gap-default\">\n\t\t\t\t\t<div class=\"elementor-column elementor-col-50 elementor-inner-column elementor-element elementor-element-5859003\" data-id=\"5859003\" data-element_type=\"column\">\n\t\t\t<div class=\"elementor-widget-wrap elementor-element-populated\">\n\t\t\t\t\t\t<div class=\"elementor-element elementor-element-8f65f93 elementor-widget elementor-widget-heading\" data-id=\"8f65f93\" data-element_type=\"widget\" data-widget_type=\"heading.default\">\n\t\t\t\t<div class=\"elementor-widget-container\">\n\t\t\t\t\t<h2 class=\"elementor-heading-title elementor-size-default\">Rejuvenecimiento de manos<\/h2>\t\t\t\t<\/div>\n\t\t\t\t<\/div>\n\t\t\t\t\t<\/div>\n\t\t<\/div>\n\t\t\t\t<div class=\"elementor-column elementor-col-50 elementor-inner-column elementor-element elementor-element-18059b9\" data-id=\"18059b9\" data-element_type=\"column\">\n\t\t\t<div class=\"elementor-widget-wrap\">\n\t\t\t\t\t\t\t<\/div>\n\t\t<\/div>\n\t\t\t\t\t<\/div>\n\t\t<\/section>\n\t\t\t\t\t<\/div>\n\t\t<\/div>\n\t\t\t\t\t<\/div>\n\t\t<\/section>\n\t\t\t\t<section class=\"elementor-section elementor-top-section elementor-element elementor-element-5813ab0 elementor-section-boxed elementor-section-height-default elementor-section-height-default\" data-id=\"5813ab0\" data-element_type=\"section\">\n\t\t\t\t\t\t<div class=\"elementor-container elementor-column-gap-default\">\n\t\t\t\t\t<div class=\"elementor-column elementor-col-100 elementor-top-column elementor-element elementor-element-c9d22c0\" data-id=\"c9d22c0\" data-element_type=\"column\">\n\t\t\t<div class=\"elementor-widget-wrap elementor-element-populated\">\n\t\t\t\t\t\t<div class=\"elementor-element elementor-element-34203d4 elementor-widget elementor-widget-heading\" data-id=\"34203d4\" data-element_type=\"widget\" data-widget_type=\"heading.default\">\n\t\t\t\t<div class=\"elementor-widget-container\">\n\t\t\t\t\t<p class=\"elementor-heading-title elementor-size-default\">Rejuvenecimiento de manos<\/p>\t\t\t\t<\/div>\n\t\t\t\t<\/div>\n\t\t\t\t<div class=\"elementor-element elementor-element-7084c91 elementor-widget elementor-widget-heading\" data-id=\"7084c91\" data-element_type=\"widget\" data-widget_type=\"heading.default\">\n\t\t\t\t<div class=\"elementor-widget-container\">\n\t\t\t\t\t<p class=\"elementor-heading-title elementor-size-default\">Obtenga unas manos m\u00e1s j\u00f3venes con el tratamiento de manos Radiesse<\/p>\t\t\t\t<\/div>\n\t\t\t\t<\/div>\n\t\t\t\t<div class=\"elementor-element elementor-element-2ceedcd elementor-widget elementor-widget-text-editor\" data-id=\"2ceedcd\" data-element_type=\"widget\" data-widget_type=\"text-editor.default\">\n\t\t\t\t<div class=\"elementor-widget-container\">\n\t\t\t\t\t\t\t\t\t<p>\u00bfTus manos revelan tu verdadera edad? La fina piel del dorso de las manos es un signo revelador del envejecimiento. Con el tiempo, incluso las manos m\u00e1s j\u00f3venes que est\u00e1n meticulosamente cuidadas comienzan a envejecer y parecen quebradizas, dejando al descubierto huesos y venas antiest\u00e9ticas. La exposici\u00f3n al sol es s\u00f3lo una parte de la ecuaci\u00f3n del envejecimiento, ya que la progresi\u00f3n natural del envejecimiento roba nuestra producci\u00f3n natural de col\u00e1geno y elastina. Un tratamiento de manos Radiesse puede retrasar el tiempo y aliviar las frustraciones del envejecimiento ayudando a su cuerpo a recuperar esta p\u00e9rdida de volumen y elasticidad de la piel.<\/p>\t\t\t\t\t\t\t\t<\/div>\n\t\t\t\t<\/div>\n\t\t\t\t<div class=\"elementor-element elementor-element-d263711 elementor-widget elementor-widget-heading\" data-id=\"d263711\" data-element_type=\"widget\" data-widget_type=\"heading.default\">\n\t\t\t\t<div class=\"elementor-widget-container\">\n\t\t\t\t\t<p class=\"elementor-heading-title elementor-size-default\">\u00bfPor qu\u00e9 los pacientes eligen un tratamiento de Radiesse para las manos para combatir el envejecimiento?<\/p>\t\t\t\t<\/div>\n\t\t\t\t<\/div>\n\t\t\t\t<div class=\"elementor-element elementor-element-7d09930 elementor-widget elementor-widget-text-editor\" data-id=\"7d09930\" data-element_type=\"widget\" data-widget_type=\"text-editor.default\">\n\t\t\t\t<div class=\"elementor-widget-container\">\n\t\t\t\t\t\t\t\t\t<p>El Dr. Sergio Verduzco ofrece rellenos y tratamientos faciales no quir\u00fargicos de \u00faltima generaci\u00f3n, como\u00a0Sculptra,\u00a0Juvederm,\u00a0Restylane\u00a0y\u00a0Radiesse. Estos tratamientos faciales minimizan la apariencia de l\u00edneas de expresi\u00f3n y arrugas en el rostro y restauran lo que el tiempo ha eliminado. Sin embargo, esto s\u00f3lo resuelve el envejecimiento facial y muchos pacientes se quejan de que revelan su verdadera edad. El tratamiento de manos Radiesse es seguro y est\u00e1 aprobado por la FDA para rejuvenecer las manos corrigiendo la p\u00e9rdida de volumen de las mismas. Los pacientes de Vive Medical Spa en Tijuana, BC, frecuentemente solicitan el rejuvenecimiento de sus manos con nuestro tratamiento de manos Radiesse y se sienten m\u00e1s satisfechos con su apariencia general.<\/p>\t\t\t\t\t\t\t\t<\/div>\n\t\t\t\t<\/div>\n\t\t\t\t<div class=\"elementor-element elementor-element-cf1720c elementor-widget elementor-widget-heading\" data-id=\"cf1720c\" data-element_type=\"widget\" data-widget_type=\"heading.default\">\n\t\t\t\t<div class=\"elementor-widget-container\">\n\t\t\t\t\t<p class=\"elementor-heading-title elementor-size-default\">\u00bfQu\u00e9 causa el envejecimiento de las manos?<\/p>\t\t\t\t<\/div>\n\t\t\t\t<\/div>\n\t\t\t\t<div class=\"elementor-element elementor-element-cfd064f elementor-widget elementor-widget-text-editor\" data-id=\"cfd064f\" data-element_type=\"widget\" data-widget_type=\"text-editor.default\">\n\t\t\t\t<div class=\"elementor-widget-container\">\n\t\t\t\t\t\t\t\t\t<p>Nuestras manos muestran cambios visibles a medida que envejecemos. A medida que la epidermis se adelgaza y disminuye la producci\u00f3n de col\u00e1geno y elastina, el aspecto de la piel sensible del dorso de nuestras manos cambia. La piel se vuelve suelta y delgada, y los tendones, venas y huesos subyacentes, llamados metacarpianos, se vuelven visibles. \u00bfLos culpables? Factores externos e internos, como la gen\u00e9tica, el medio ambiente y la salud, contribuyen al envejecimiento de las manos. Incluso la exposici\u00f3n frecuente a productos qu\u00edmicos puede provocar un envejecimiento m\u00e1s r\u00e1pido de las manos.<\/p><p>La gen\u00e9tica juega un papel importante en c\u00f3mo envejecer\u00e1n tus manos. Los cambios acelerados de la piel, como piel fl\u00e1cida y delgada y arrugas, pueden ser rasgos hereditarios. El tabaquismo, el abuso de alcohol, la exposici\u00f3n excesiva al sol, el trabajo y los productos qu\u00edmicos tambi\u00e9n influyen en el envejecimiento de las manos. Un tratamiento de manos r\u00e1pido y sencillo con Radiesse puede restaurar el volumen perdido y reiniciar la producci\u00f3n de col\u00e1geno. Este nuevo col\u00e1geno ayudar\u00e1 a suavizar las arrugas y rellenar la piel para obtener resultados a largo plazo, ocultando eficazmente las venas y los metacarpianos.<\/p>\t\t\t\t\t\t\t\t<\/div>\n\t\t\t\t<\/div>\n\t\t\t\t\t<\/div>\n\t\t<\/div>\n\t\t\t\t\t<\/div>\n\t\t<\/section>\n\t\t\t\t<section class=\"elementor-section elementor-top-section elementor-element elementor-element-53d5087 elementor-section-stretched elementor-section-height-min-height elementor-section-content-middle elementor-section-boxed elementor-section-height-default elementor-section-items-middle\" data-id=\"53d5087\" data-element_type=\"section\" data-settings=\"{&quot;stretch_section&quot;:&quot;section-stretched&quot;,&quot;background_background&quot;:&quot;classic&quot;}\">\n\t\t\t\t\t\t<div class=\"elementor-container elementor-column-gap-default\">\n\t\t\t\t\t<div class=\"elementor-column elementor-col-50 elementor-top-column elementor-element elementor-element-1a76f9d\" data-id=\"1a76f9d\" data-element_type=\"column\" data-settings=\"{&quot;background_background&quot;:&quot;classic&quot;}\">\n\t\t\t<div class=\"elementor-widget-wrap elementor-element-populated\">\n\t\t\t\t\t\t<div class=\"elementor-element elementor-element-62f7065 elementor-widget elementor-widget-image\" data-id=\"62f7065\" data-element_type=\"widget\" data-widget_type=\"image.default\">\n\t\t\t\t<div class=\"elementor-widget-container\">\n\t\t\t\t\t\t\t\t\t\t\t\t\t\t\t<img fetchpriority=\"high\" decoding=\"async\" width=\"500\" height=\"845\" src=\"https:\/\/360aestheticsmedspa.com\/wp-content\/uploads\/2023\/10\/radiesse-with-dr-sergio-verduzco.jpg\" class=\"attachment-large size-large wp-image-1652\" alt=\"\" srcset=\"https:\/\/360aestheticsmedspa.com\/wp-content\/uploads\/2023\/10\/radiesse-with-dr-sergio-verduzco.jpg 500w, https:\/\/360aestheticsmedspa.com\/wp-content\/uploads\/2023\/10\/radiesse-with-dr-sergio-verduzco-178x300.jpg 178w, https:\/\/360aestheticsmedspa.com\/wp-content\/uploads\/2023\/10\/radiesse-with-dr-sergio-verduzco-7x12.jpg 7w\" sizes=\"(max-width: 500px) 100vw, 500px\" \/>\t\t\t\t\t\t\t\t\t\t\t\t\t\t\t<\/div>\n\t\t\t\t<\/div>\n\t\t\t\t\t<\/div>\n\t\t<\/div>\n\t\t\t\t<div class=\"elementor-column elementor-col-50 elementor-top-column elementor-element elementor-element-5a6f464\" data-id=\"5a6f464\" data-element_type=\"column\">\n\t\t\t<div class=\"elementor-widget-wrap elementor-element-populated\">\n\t\t\t\t\t\t<div class=\"elementor-element elementor-element-1d06704 elementor-widget elementor-widget-heading\" data-id=\"1d06704\" data-element_type=\"widget\" data-widget_type=\"heading.default\">\n\t\t\t\t<div class=\"elementor-widget-container\">\n\t\t\t\t\t<p class=\"elementor-heading-title elementor-size-default\">C\u00f3mo el tratamiento de manos Radiesse restaura el volumen juvenil<\/p>\t\t\t\t<\/div>\n\t\t\t\t<\/div>\n\t\t\t\t<div class=\"elementor-element elementor-element-f1329d6 elementor-widget elementor-widget-text-editor\" data-id=\"f1329d6\" data-element_type=\"widget\" data-widget_type=\"text-editor.default\">\n\t\t\t\t<div class=\"elementor-widget-container\">\n\t\t\t\t\t\t\t\t\t<div class=\"sqs-block-content\"><p>El ingrediente activo de Radiesse es la hidroxiapatita de calcio (CaHA). Las microesferas de CaHA se combinan con otros ingredientes para formar un gel inyectable que se absorbe con el tiempo y el cuerpo lo metaboliza de forma natural. El relleno act\u00faa reponiendo inmediatamente el volumen perdido en las manos y al mismo tiempo estimulando la producci\u00f3n de nuevo col\u00e1geno para obtener mejores resultados con el tiempo. Despu\u00e9s del tratamiento con Radiesse, los resultados pueden durar hasta un a\u00f1o y los tratamientos repetidos suelen requerir menos inyecciones.<\/p><p>Radiesse\u00a0proporciona unas manos suaves, de aspecto m\u00e1s joven y con un aspecto fant\u00e1stico. Uno de nuestros talentosos y experimentados especialistas en inyecciones est\u00e9ticas compartir\u00e1 fotos de antes y despu\u00e9s con usted durante su consulta. Le explicar\u00e1n lo que puede esperar lograr una vez que se complete el sencillo procedimiento. Podr\u00e1s disfrutar luciendo tus anillos, pulseras y una hermosa manicura despu\u00e9s de tu tratamiento de manos Radiesse en Vive Medical Spa<\/p><\/div>\t\t\t\t\t\t\t\t<\/div>\n\t\t\t\t<\/div>\n\t\t\t\t\t<\/div>\n\t\t<\/div>\n\t\t\t\t\t<\/div>\n\t\t<\/section>\n\t\t\t\t<\/div>","protected":false},"excerpt":{"rendered":"<p>Hands Rejuvenation Hands Rejuvenation Get Younger Looking Hands With Radiesse Hands Treatment Do your hands reveal your true age? The thin skin on the back of your hands is a telltale sign of aging. Over time, even the youngest hands that are meticulously groomed begin to age and appear brittle, revealing unsightly bones and veins. [&hellip;]<\/p>","protected":false},"author":1,"featured_media":0,"parent":148,"menu_order":0,"comment_status":"closed","ping_status":"closed","template":"elementor_header_footer","meta":{"_joinchat":[],"footnotes":""},"class_list":["post-614","page","type-page","status-publish","hentry"],"yoast_head":"<!-- This site is optimized with the Yoast SEO plugin v25.5 - https:\/\/yoast.com\/wordpress\/plugins\/seo\/ -->\n<title>Hands rejuvenation - 360<\/title>\n<meta name=\"robots\" content=\"index, follow, max-snippet:-1, max-image-preview:large, max-video-preview:-1\" \/>\n<link rel=\"canonical\" href=\"https:\/\/360aestheticsmedspa.com\/es\/bio-stimulation\/radiesse-face\/\" \/>\n<meta property=\"og:locale\" content=\"es_MX\" \/>\n<meta property=\"og:type\" content=\"article\" \/>\n<meta property=\"og:title\" content=\"Hands rejuvenation - 360\" \/>\n<meta property=\"og:description\" content=\"Hands Rejuvenation Hands Rejuvenation Get Younger Looking Hands With Radiesse Hands Treatment Do your hands reveal your true age? The thin skin on the back of your hands is a telltale sign of aging. Over time, even the youngest hands that are meticulously groomed begin to age and appear brittle, revealing unsightly bones and veins. [&hellip;]\" \/>\n<meta property=\"og:url\" content=\"https:\/\/360aestheticsmedspa.com\/es\/bio-stimulation\/radiesse-face\/\" \/>\n<meta property=\"og:site_name\" content=\"360\" \/>\n<meta property=\"article:modified_time\" content=\"2023-10-11T17:34:35+00:00\" \/>\n<meta property=\"og:image\" content=\"https:\/\/360aestheticsmedspa.com\/wp-content\/uploads\/2023\/10\/radiesse-with-dr-sergio-verduzco.jpg\" \/>\n<meta name=\"twitter:card\" content=\"summary_large_image\" \/>\n<meta name=\"twitter:label1\" content=\"Tiempo de lectura\" \/>\n\t<meta name=\"twitter:data1\" content=\"3 minutos\" \/>\n<script type=\"application\/ld+json\" class=\"yoast-schema-graph\">{\"@context\":\"https:\/\/schema.org\",\"@graph\":[{\"@type\":\"WebPage\",\"@id\":\"https:\/\/360aestheticsmedspa.com\/bio-stimulation\/radiesse-face\/\",\"url\":\"https:\/\/360aestheticsmedspa.com\/bio-stimulation\/radiesse-face\/\",\"name\":\"Hands rejuvenation - 360\",\"isPartOf\":{\"@id\":\"https:\/\/360aestheticsmedspa.com\/#website\"},\"primaryImageOfPage\":{\"@id\":\"https:\/\/360aestheticsmedspa.com\/bio-stimulation\/radiesse-face\/#primaryimage\"},\"image\":{\"@id\":\"https:\/\/360aestheticsmedspa.com\/bio-stimulation\/radiesse-face\/#primaryimage\"},\"thumbnailUrl\":\"https:\/\/360aestheticsmedspa.com\/wp-content\/uploads\/2023\/10\/radiesse-with-dr-sergio-verduzco.jpg\",\"datePublished\":\"2023-07-15T00:40:25+00:00\",\"dateModified\":\"2023-10-11T17:34:35+00:00\",\"breadcrumb\":{\"@id\":\"https:\/\/360aestheticsmedspa.com\/bio-stimulation\/radiesse-face\/#breadcrumb\"},\"inLanguage\":\"es\",\"potentialAction\":[{\"@type\":\"ReadAction\",\"target\":[\"https:\/\/360aestheticsmedspa.com\/bio-stimulation\/radiesse-face\/\"]}]},{\"@type\":\"ImageObject\",\"inLanguage\":\"es\",\"@id\":\"https:\/\/360aestheticsmedspa.com\/bio-stimulation\/radiesse-face\/#primaryimage\",\"url\":\"https:\/\/360aestheticsmedspa.com\/wp-content\/uploads\/2023\/10\/radiesse-with-dr-sergio-verduzco.jpg\",\"contentUrl\":\"https:\/\/360aestheticsmedspa.com\/wp-content\/uploads\/2023\/10\/radiesse-with-dr-sergio-verduzco.jpg\"},{\"@type\":\"BreadcrumbList\",\"@id\":\"https:\/\/360aestheticsmedspa.com\/bio-stimulation\/radiesse-face\/#breadcrumb\",\"itemListElement\":[{\"@type\":\"ListItem\",\"position\":1,\"name\":\"Home\",\"item\":\"https:\/\/360aestheticsmedspa.com\/\"},{\"@type\":\"ListItem\",\"position\":2,\"name\":\"Bio Stimulation\",\"item\":\"https:\/\/360aestheticsmedspa.com\/bio-stimulation\/\"},{\"@type\":\"ListItem\",\"position\":3,\"name\":\"Hands rejuvenation\"}]},{\"@type\":\"WebSite\",\"@id\":\"https:\/\/360aestheticsmedspa.com\/#website\",\"url\":\"https:\/\/360aestheticsmedspa.com\/\",\"name\":\"360\",\"description\":\"Aesthetics\",\"potentialAction\":[{\"@type\":\"SearchAction\",\"target\":{\"@type\":\"EntryPoint\",\"urlTemplate\":\"https:\/\/360aestheticsmedspa.com\/?s={search_term_string}\"},\"query-input\":{\"@type\":\"PropertyValueSpecification\",\"valueRequired\":true,\"valueName\":\"search_term_string\"}}],\"inLanguage\":\"es\"}]}<\/script>\n<!-- \/ Yoast SEO plugin. -->","yoast_head_json":{"title":"Hands rejuvenation - 360","robots":{"index":"index","follow":"follow","max-snippet":"max-snippet:-1","max-image-preview":"max-image-preview:large","max-video-preview":"max-video-preview:-1"},"canonical":"https:\/\/360aestheticsmedspa.com\/es\/bio-stimulation\/radiesse-face\/","og_locale":"es_MX","og_type":"article","og_title":"Hands rejuvenation - 360","og_description":"Hands Rejuvenation Hands Rejuvenation Get Younger Looking Hands With Radiesse Hands Treatment Do your hands reveal your true age? The thin skin on the back of your hands is a telltale sign of aging. Over time, even the youngest hands that are meticulously groomed begin to age and appear brittle, revealing unsightly bones and veins. [&hellip;]","og_url":"https:\/\/360aestheticsmedspa.com\/es\/bio-stimulation\/radiesse-face\/","og_site_name":"360","article_modified_time":"2023-10-11T17:34:35+00:00","og_image":[{"url":"https:\/\/360aestheticsmedspa.com\/wp-content\/uploads\/2023\/10\/radiesse-with-dr-sergio-verduzco.jpg","type":"","width":"","height":""}],"twitter_card":"summary_large_image","twitter_misc":{"Tiempo de lectura":"3 minutos"},"schema":{"@context":"https:\/\/schema.org","@graph":[{"@type":"WebPage","@id":"https:\/\/360aestheticsmedspa.com\/bio-stimulation\/radiesse-face\/","url":"https:\/\/360aestheticsmedspa.com\/bio-stimulation\/radiesse-face\/","name":"Hands rejuvenation - 360","isPartOf":{"@id":"https:\/\/360aestheticsmedspa.com\/#website"},"primaryImageOfPage":{"@id":"https:\/\/360aestheticsmedspa.com\/bio-stimulation\/radiesse-face\/#primaryimage"},"image":{"@id":"https:\/\/360aestheticsmedspa.com\/bio-stimulation\/radiesse-face\/#primaryimage"},"thumbnailUrl":"https:\/\/360aestheticsmedspa.com\/wp-content\/uploads\/2023\/10\/radiesse-with-dr-sergio-verduzco.jpg","datePublished":"2023-07-15T00:40:25+00:00","dateModified":"2023-10-11T17:34:35+00:00","breadcrumb":{"@id":"https:\/\/360aestheticsmedspa.com\/bio-stimulation\/radiesse-face\/#breadcrumb"},"inLanguage":"es","potentialAction":[{"@type":"ReadAction","target":["https:\/\/360aestheticsmedspa.com\/bio-stimulation\/radiesse-face\/"]}]},{"@type":"ImageObject","inLanguage":"es","@id":"https:\/\/360aestheticsmedspa.com\/bio-stimulation\/radiesse-face\/#primaryimage","url":"https:\/\/360aestheticsmedspa.com\/wp-content\/uploads\/2023\/10\/radiesse-with-dr-sergio-verduzco.jpg","contentUrl":"https:\/\/360aestheticsmedspa.com\/wp-content\/uploads\/2023\/10\/radiesse-with-dr-sergio-verduzco.jpg"},{"@type":"BreadcrumbList","@id":"https:\/\/360aestheticsmedspa.com\/bio-stimulation\/radiesse-face\/#breadcrumb","itemListElement":[{"@type":"ListItem","position":1,"name":"Home","item":"https:\/\/360aestheticsmedspa.com\/"},{"@type":"ListItem","position":2,"name":"Bio Stimulation","item":"https:\/\/360aestheticsmedspa.com\/bio-stimulation\/"},{"@type":"ListItem","position":3,"name":"Hands rejuvenation"}]},{"@type":"WebSite","@id":"https:\/\/360aestheticsmedspa.com\/#website","url":"https:\/\/360aestheticsmedspa.com\/","name":"360","description":"Aesthetics","potentialAction":[{"@type":"SearchAction","target":{"@type":"EntryPoint","urlTemplate":"https:\/\/360aestheticsmedspa.com\/?s={search_term_string}"},"query-input":{"@type":"PropertyValueSpecification","valueRequired":true,"valueName":"search_term_string"}}],"inLanguage":"es"}]}},"_links":{"self":[{"href":"https:\/\/360aestheticsmedspa.com\/es\/wp-json\/wp\/v2\/pages\/614","targetHints":{"allow":["GET"]}}],"collection":[{"href":"https:\/\/360aestheticsmedspa.com\/es\/wp-json\/wp\/v2\/pages"}],"about":[{"href":"https:\/\/360aestheticsmedspa.com\/es\/wp-json\/wp\/v2\/types\/page"}],"author":[{"embeddable":true,"href":"https:\/\/360aestheticsmedspa.com\/es\/wp-json\/wp\/v2\/users\/1"}],"replies":[{"embeddable":true,"href":"https:\/\/360aestheticsmedspa.com\/es\/wp-json\/wp\/v2\/comments?post=614"}],"version-history":[{"count":0,"href":"https:\/\/360aestheticsmedspa.com\/es\/wp-json\/wp\/v2\/pages\/614\/revisions"}],"up":[{"embeddable":true,"href":"https:\/\/360aestheticsmedspa.com\/es\/wp-json\/wp\/v2\/pages\/148"}],"wp:attachment":[{"href":"https:\/\/360aestheticsmedspa.com\/es\/wp-json\/wp\/v2\/media?parent=614"}],"curies":[{"name":"wp","href":"https:\/\/api.w.org\/{rel}","templated":true}]}}