{"id":606,"date":"2023-07-15T00:38:03","date_gmt":"2023-07-15T00:38:03","guid":{"rendered":"https:\/\/360aestheticsmedspa.com\/?page_id=606"},"modified":"2023-09-06T23:20:30","modified_gmt":"2023-09-06T23:20:30","slug":"sculptra","status":"publish","type":"page","link":"https:\/\/360aestheticsmedspa.com\/es\/body\/sculptra\/","title":{"rendered":"Sculptra"},"content":{"rendered":"<div data-elementor-type=\"wp-page\" data-elementor-id=\"606\" class=\"elementor elementor-606\" data-elementor-post-type=\"page\">\n\t\t\t\t\t\t<section class=\"elementor-section elementor-top-section elementor-element elementor-element-3f470ef elementor-section-full_width elementor-section-stretched elementor-section-height-default elementor-section-height-default\" data-id=\"3f470ef\" data-element_type=\"section\" data-settings=\"{&quot;stretch_section&quot;:&quot;section-stretched&quot;}\">\n\t\t\t\t\t\t\t<div class=\"elementor-background-overlay\"><\/div>\n\t\t\t\t\t\t\t<div class=\"elementor-container elementor-column-gap-no\">\n\t\t\t\t\t<div class=\"elementor-column elementor-col-100 elementor-top-column elementor-element elementor-element-d57ca7d\" data-id=\"d57ca7d\" data-element_type=\"column\">\n\t\t\t<div class=\"elementor-widget-wrap elementor-element-populated\">\n\t\t\t\t\t\t<section class=\"elementor-section elementor-inner-section elementor-element elementor-element-f122263 elementor-section-boxed elementor-section-height-default elementor-section-height-default\" data-id=\"f122263\" data-element_type=\"section\">\n\t\t\t\t\t\t<div class=\"elementor-container elementor-column-gap-default\">\n\t\t\t\t\t<div class=\"elementor-column elementor-col-50 elementor-inner-column elementor-element elementor-element-5f6878f\" data-id=\"5f6878f\" data-element_type=\"column\">\n\t\t\t<div class=\"elementor-widget-wrap elementor-element-populated\">\n\t\t\t\t\t\t<div class=\"elementor-element elementor-element-10a5ab7 elementor-widget elementor-widget-heading\" data-id=\"10a5ab7\" data-element_type=\"widget\" data-widget_type=\"heading.default\">\n\t\t\t\t<div class=\"elementor-widget-container\">\n\t\t\t\t\t<h2 class=\"elementor-heading-title elementor-size-default\">Sculptra<\/h2>\t\t\t\t<\/div>\n\t\t\t\t<\/div>\n\t\t\t\t\t<\/div>\n\t\t<\/div>\n\t\t\t\t<div class=\"elementor-column elementor-col-50 elementor-inner-column elementor-element elementor-element-21ef92d\" data-id=\"21ef92d\" data-element_type=\"column\">\n\t\t\t<div class=\"elementor-widget-wrap\">\n\t\t\t\t\t\t\t<\/div>\n\t\t<\/div>\n\t\t\t\t\t<\/div>\n\t\t<\/section>\n\t\t\t\t\t<\/div>\n\t\t<\/div>\n\t\t\t\t\t<\/div>\n\t\t<\/section>\n\t\t\t\t<section class=\"elementor-section elementor-top-section elementor-element elementor-element-e6af6b2 elementor-section-boxed elementor-section-height-default elementor-section-height-default\" data-id=\"e6af6b2\" data-element_type=\"section\">\n\t\t\t\t\t\t<div class=\"elementor-container elementor-column-gap-default\">\n\t\t\t\t\t<div class=\"elementor-column elementor-col-100 elementor-top-column elementor-element elementor-element-b849fb6\" data-id=\"b849fb6\" data-element_type=\"column\">\n\t\t\t<div class=\"elementor-widget-wrap elementor-element-populated\">\n\t\t\t\t\t\t<div class=\"elementor-element elementor-element-243a0af elementor-widget elementor-widget-heading\" data-id=\"243a0af\" data-element_type=\"widget\" data-widget_type=\"heading.default\">\n\t\t\t\t<div class=\"elementor-widget-container\">\n\t\t\t\t\t<p class=\"elementor-heading-title elementor-size-default\">Sculptra<\/p>\t\t\t\t<\/div>\n\t\t\t\t<\/div>\n\t\t\t\t<div class=\"elementor-element elementor-element-3890754 elementor-widget elementor-widget-heading\" data-id=\"3890754\" data-element_type=\"widget\" data-widget_type=\"heading.default\">\n\t\t\t\t<div class=\"elementor-widget-container\">\n\t\t\t\t\t<p class=\"elementor-heading-title elementor-size-default\">Tratamiento SCULPTRA en Tijuana, M\u00e9xico<\/p>\t\t\t\t<\/div>\n\t\t\t\t<\/div>\n\t\t\t\t<div class=\"elementor-element elementor-element-d161f99 elementor-widget elementor-widget-text-editor\" data-id=\"d161f99\" data-element_type=\"widget\" data-widget_type=\"text-editor.default\">\n\t\t\t\t<div class=\"elementor-widget-container\">\n\t\t\t\t\t\t\t\t\t<p>El \u00e1cido poli-L l\u00e1ctico o SCULPTRA\u00ae es el primer y \u00fanico tratamiento de este tipo que puede dar volumen de manera difusa a la piel que se ha deshinchado o disminuido con el tiempo. Realiza este peque\u00f1o milagro no llenando los huecos del tejido como otros productos, sino estimulando su propia piel para que genere m\u00e1s volumen mediante una mayor producci\u00f3n de col\u00e1geno.\u00a0<\/p><p>Fue aprobado por la FDA inicialmente en 2004 para la condici\u00f3n visualmente devastadora conocida como lipodistrofia por VIH o s\u00edndrome de emaciaci\u00f3n facial. En esta condici\u00f3n, la grasa facial literalmente desaparece y la piel pierde volumen de manera extrema, lo que resulta en una apariencia poco saludable de \"esqueleto\". Sculptra se desarroll\u00f3 y funcion\u00f3 tan bien para esta afecci\u00f3n, mejorando tantas vidas, que r\u00e1pidamente se extendi\u00f3 al mercado antienvejecimiento habitual de la est\u00e9tica facial.\u00a0\u00a0<\/p><p>El dicho \u201cel volumen es juventud\u201d no podr\u00eda ser m\u00e1s cierto. Como parte normal del proceso de envejecimiento, todos perdemos volumen facial hasta cierto punto. Parte de la raz\u00f3n es la gen\u00e9tica, pero tambi\u00e9n entran en juego otros factores. Los tipos de cuerpo delgados, conocidos como ectomorfos, a menudo pierden volumen facial a una edad m\u00e1s temprana. Los deportistas y quienes practican ejercicio de resistencia habitualmente tambi\u00e9n tienen que elegir entre \u201cla cara o el trasero\u201d en cuanto a volumen. \u00a0<\/p><p>El resultado es el mismo: la piel del rostro que ha perdido volumen se deshincha y comienza a ceder. Estas zonas hundidas, especialmente en la zona de los p\u00f3mulos, proyectan sombras provocando una apariencia poco saludable o envejecida. En la juventud, nuestra cara es naturalmente convexa y est\u00e1 repleta de grasa saludable. Sculptra ayuda a la piel a reponer su volumen y restaurar esa apariencia juvenil. Sculptra finalmente obtuvo la aprobaci\u00f3n de la FDA para uso cosm\u00e9tico en 2009.<\/p>\t\t\t\t\t\t\t\t<\/div>\n\t\t\t\t<\/div>\n\t\t\t\t\t<\/div>\n\t\t<\/div>\n\t\t\t\t\t<\/div>\n\t\t<\/section>\n\t\t\t\t<section class=\"elementor-section elementor-top-section elementor-element elementor-element-f56fc70 elementor-section-boxed elementor-section-height-default elementor-section-height-default\" data-id=\"f56fc70\" data-element_type=\"section\">\n\t\t\t\t\t\t<div class=\"elementor-container elementor-column-gap-default\">\n\t\t\t\t\t<div class=\"elementor-column elementor-col-100 elementor-top-column elementor-element elementor-element-9714804\" data-id=\"9714804\" data-element_type=\"column\">\n\t\t\t<div class=\"elementor-widget-wrap elementor-element-populated\">\n\t\t\t\t\t\t<div class=\"elementor-element elementor-element-2e303ae elementor-widget elementor-widget-image\" data-id=\"2e303ae\" data-element_type=\"widget\" data-widget_type=\"image.default\">\n\t\t\t\t<div class=\"elementor-widget-container\">\n\t\t\t\t\t\t\t\t\t\t\t\t\t\t\t<img fetchpriority=\"high\" decoding=\"async\" width=\"800\" height=\"800\" src=\"https:\/\/360aestheticsmedspa.com\/wp-content\/uploads\/2023\/09\/Sculptra-Ploly-L-Milchsaure-1024x1024.webp\" class=\"attachment-large size-large wp-image-1552\" alt=\"\" srcset=\"https:\/\/360aestheticsmedspa.com\/wp-content\/uploads\/2023\/09\/Sculptra-Ploly-L-Milchsaure-1024x1024.webp 1024w, https:\/\/360aestheticsmedspa.com\/wp-content\/uploads\/2023\/09\/Sculptra-Ploly-L-Milchsaure-300x300.webp 300w, https:\/\/360aestheticsmedspa.com\/wp-content\/uploads\/2023\/09\/Sculptra-Ploly-L-Milchsaure-150x150.webp 150w, https:\/\/360aestheticsmedspa.com\/wp-content\/uploads\/2023\/09\/Sculptra-Ploly-L-Milchsaure-768x768.webp 768w, https:\/\/360aestheticsmedspa.com\/wp-content\/uploads\/2023\/09\/Sculptra-Ploly-L-Milchsaure-1536x1536.webp 1536w, https:\/\/360aestheticsmedspa.com\/wp-content\/uploads\/2023\/09\/Sculptra-Ploly-L-Milchsaure-12x12.webp 12w, https:\/\/360aestheticsmedspa.com\/wp-content\/uploads\/2023\/09\/Sculptra-Ploly-L-Milchsaure.webp 2000w\" sizes=\"(max-width: 800px) 100vw, 800px\" \/>\t\t\t\t\t\t\t\t\t\t\t\t\t\t\t<\/div>\n\t\t\t\t<\/div>\n\t\t\t\t\t<\/div>\n\t\t<\/div>\n\t\t\t\t\t<\/div>\n\t\t<\/section>\n\t\t\t\t<section class=\"elementor-section elementor-top-section elementor-element elementor-element-06cf980 elementor-section-full_width elementor-section-content-middle elementor-section-height-default elementor-section-height-default\" data-id=\"06cf980\" data-element_type=\"section\">\n\t\t\t\t\t\t<div class=\"elementor-container elementor-column-gap-no\">\n\t\t\t\t\t<div class=\"elementor-column elementor-col-50 elementor-top-column elementor-element elementor-element-19adb84\" data-id=\"19adb84\" data-element_type=\"column\" data-settings=\"{&quot;background_background&quot;:&quot;classic&quot;}\">\n\t\t\t<div class=\"elementor-widget-wrap elementor-element-populated\">\n\t\t\t\t\t\t<div class=\"elementor-element elementor-element-85099b2 elementor-widget elementor-widget-image\" data-id=\"85099b2\" data-element_type=\"widget\" data-widget_type=\"image.default\">\n\t\t\t\t<div class=\"elementor-widget-container\">\n\t\t\t\t\t\t\t\t\t\t\t\t\t\t\t<img decoding=\"async\" width=\"800\" height=\"420\" src=\"https:\/\/360aestheticsmedspa.com\/wp-content\/uploads\/2023\/07\/og-sculptra-logo-1024x538.jpg\" class=\"attachment-large size-large wp-image-659\" alt=\"\" srcset=\"https:\/\/360aestheticsmedspa.com\/wp-content\/uploads\/2023\/07\/og-sculptra-logo-1024x538.jpg 1024w, https:\/\/360aestheticsmedspa.com\/wp-content\/uploads\/2023\/07\/og-sculptra-logo-300x158.jpg 300w, https:\/\/360aestheticsmedspa.com\/wp-content\/uploads\/2023\/07\/og-sculptra-logo-768x403.jpg 768w, https:\/\/360aestheticsmedspa.com\/wp-content\/uploads\/2023\/07\/og-sculptra-logo-18x9.jpg 18w, https:\/\/360aestheticsmedspa.com\/wp-content\/uploads\/2023\/07\/og-sculptra-logo.jpg 1200w\" sizes=\"(max-width: 800px) 100vw, 800px\" \/>\t\t\t\t\t\t\t\t\t\t\t\t\t\t\t<\/div>\n\t\t\t\t<\/div>\n\t\t\t\t\t<\/div>\n\t\t<\/div>\n\t\t\t\t<div class=\"elementor-column elementor-col-50 elementor-top-column elementor-element elementor-element-7e40d52\" data-id=\"7e40d52\" data-element_type=\"column\" data-settings=\"{&quot;background_background&quot;:&quot;classic&quot;}\">\n\t\t\t<div class=\"elementor-widget-wrap elementor-element-populated\">\n\t\t\t\t\t\t<div class=\"elementor-element elementor-element-42d5cb9 elementor-widget elementor-widget-heading\" data-id=\"42d5cb9\" data-element_type=\"widget\" data-widget_type=\"heading.default\">\n\t\t\t\t<div class=\"elementor-widget-container\">\n\t\t\t\t\t<h2 class=\"elementor-heading-title elementor-size-default\">\u00bfC\u00f3mo funciona Sculptra?<\/h2>\t\t\t\t<\/div>\n\t\t\t\t<\/div>\n\t\t\t\t<div class=\"elementor-element elementor-element-6bd182a elementor-widget elementor-widget-text-editor\" data-id=\"6bd182a\" data-element_type=\"widget\" data-widget_type=\"text-editor.default\">\n\t\t\t\t<div class=\"elementor-widget-container\">\n\t\t\t\t\t\t\t\t\t<div class=\"sqs-block-content\"><p>Sculptra est\u00e1 hecho de \u00e1cido poli-l l\u00e1ctico, que es un tipo de almid\u00f3n que se us\u00f3 inicialmente ya en 1974 para hacer una sutura absorbible conocida como \u201cvicryl\u201d, un tipo de sutura que todav\u00eda se usa en cirug\u00eda hasta el d\u00eda de hoy. Resulta que durante el proceso de digesti\u00f3n del \u00e1cido poli-l l\u00e1ctico, se estimula la colag\u00e9nesis. Cuanto m\u00e1s col\u00e1geno se genera, m\u00e1s volumen se obtiene. Vale la pena se\u00f1alar que el producto en s\u00ed tiene una vida corta en la piel. El volumen que se ve es tu propio col\u00e1geno y no un producto persistente que pueda causar problemas m\u00e1s adelante.<\/p><\/div>\t\t\t\t\t\t\t\t<\/div>\n\t\t\t\t<\/div>\n\t\t\t\t<div class=\"elementor-element elementor-element-b838e98 elementor-align-left elementor-widget elementor-widget-button\" data-id=\"b838e98\" data-element_type=\"widget\" data-widget_type=\"button.default\">\n\t\t\t\t<div class=\"elementor-widget-container\">\n\t\t\t\t\t\t\t\t\t<div class=\"elementor-button-wrapper\">\n\t\t\t\t\t<a class=\"elementor-button elementor-button-link elementor-size-sm\" href=\"https:\/\/api.whatsapp.com\/send\/?phone=5216633224448&#038;text&#038;type=phone_number&#038;app_absent=0\" target=\"_blank\">\n\t\t\t\t\t\t<span class=\"elementor-button-content-wrapper\">\n\t\t\t\t\t\t\t\t\t<span class=\"elementor-button-text\">Consulta con un experto<\/span>\n\t\t\t\t\t<\/span>\n\t\t\t\t\t<\/a>\n\t\t\t\t<\/div>\n\t\t\t\t\t\t\t\t<\/div>\n\t\t\t\t<\/div>\n\t\t\t\t\t<\/div>\n\t\t<\/div>\n\t\t\t\t\t<\/div>\n\t\t<\/section>\n\t\t\t\t<section class=\"elementor-section elementor-top-section elementor-element elementor-element-3801aab elementor-section-boxed elementor-section-height-default elementor-section-height-default\" data-id=\"3801aab\" data-element_type=\"section\">\n\t\t\t\t\t\t<div class=\"elementor-container elementor-column-gap-default\">\n\t\t\t\t\t<div class=\"elementor-column elementor-col-100 elementor-top-column elementor-element elementor-element-21653f7\" data-id=\"21653f7\" data-element_type=\"column\">\n\t\t\t<div class=\"elementor-widget-wrap elementor-element-populated\">\n\t\t\t\t\t\t<div class=\"elementor-element elementor-element-dd5fd58 elementor-widget elementor-widget-heading\" data-id=\"dd5fd58\" data-element_type=\"widget\" data-widget_type=\"heading.default\">\n\t\t\t\t<div class=\"elementor-widget-container\">\n\t\t\t\t\t<p class=\"elementor-heading-title elementor-size-default\">\u00bfCu\u00e1nto tiempo se tarda en ver los resultados?<\/p>\t\t\t\t<\/div>\n\t\t\t\t<\/div>\n\t\t\t\t<div class=\"elementor-element elementor-element-e07de43 elementor-widget elementor-widget-text-editor\" data-id=\"e07de43\" data-element_type=\"widget\" data-widget_type=\"text-editor.default\">\n\t\t\t\t<div class=\"elementor-widget-container\">\n\t\t\t\t\t\t\t\t\t<div class=\"sqs-block-content\"><p>Un \u00fanico tratamiento con Sculptra puede estimular la producci\u00f3n de col\u00e1geno durante meses. Para obtener los mejores resultados, una serie de tres a seis tratamientos realizados a intervalos mensuales proporciona los mejores resultados. Una vez que se alcanza un volumen facial \u00f3ptimo, los efectos de Sculptra pueden durar hasta dos a\u00f1os. Los tratamientos de retoque se pueden realizar en cualquier momento.<\/p><\/div>\t\t\t\t\t\t\t\t<\/div>\n\t\t\t\t<\/div>\n\t\t\t\t<div class=\"elementor-element elementor-element-c2d269f elementor-widget elementor-widget-heading\" data-id=\"c2d269f\" data-element_type=\"widget\" data-widget_type=\"heading.default\">\n\t\t\t\t<div class=\"elementor-widget-container\">\n\t\t\t\t\t<p class=\"elementor-heading-title elementor-size-default\">\u00bfCu\u00e1les son los riesgos?<\/p>\t\t\t\t<\/div>\n\t\t\t\t<\/div>\n\t\t\t\t<div class=\"elementor-element elementor-element-eaa64f9 elementor-widget elementor-widget-text-editor\" data-id=\"eaa64f9\" data-element_type=\"widget\" data-widget_type=\"text-editor.default\">\n\t\t\t\t<div class=\"elementor-widget-container\">\n\t\t\t\t\t\t\t\t\t<div class=\"sqs-block-content\"><p>Los riesgos del tratamiento son en gran medida los mismos que con un procedimiento inyectable o con \u201caguja\u201d, es decir, hematomas, hinchaz\u00f3n o lesiones raras en estructuras m\u00e1s profundas. Cuando se us\u00f3 por primera vez en concentraciones m\u00e1s altas, hubo una incidencia peque\u00f1a, pero significativa, de peque\u00f1os bultos llamados \"p\u00e1pulas\" que casi siempre desaparec\u00edan por s\u00ed solos. En los \u00faltimos cinco a\u00f1os, con diluciones m\u00e1s altas del producto, incluso esta complicaci\u00f3n menor rara vez se observa.<\/p><\/div>\t\t\t\t\t\t\t\t<\/div>\n\t\t\t\t<\/div>\n\t\t\t\t\t<\/div>\n\t\t<\/div>\n\t\t\t\t\t<\/div>\n\t\t<\/section>\n\t\t\t\t<\/div>","protected":false},"excerpt":{"rendered":"<p>Sculptra Sculptra SCULPTRA Treatment In Tijuana, Mexico Poly-L lactic acid or SCULPTRA\u00ae is the\u00a0first and only treatment of its kind that can diffusely volumize skin that has become deflated or diminished over time. \u00a0It performs this minor miracle not through filling in the tissue voids like other products, but by stimulating your own skin to [&hellip;]<\/p>","protected":false},"author":1,"featured_media":0,"parent":600,"menu_order":0,"comment_status":"closed","ping_status":"closed","template":"elementor_header_footer","meta":{"_joinchat":[],"footnotes":""},"class_list":["post-606","page","type-page","status-publish","hentry"],"yoast_head":"<!-- This site is optimized with the Yoast SEO plugin v25.5 - https:\/\/yoast.com\/wordpress\/plugins\/seo\/ -->\n<title>Sculptra - 360<\/title>\n<meta name=\"robots\" content=\"index, follow, max-snippet:-1, max-image-preview:large, max-video-preview:-1\" \/>\n<link rel=\"canonical\" href=\"https:\/\/360aestheticsmedspa.com\/es\/body\/sculptra\/\" \/>\n<meta property=\"og:locale\" content=\"es_MX\" \/>\n<meta property=\"og:type\" content=\"article\" \/>\n<meta property=\"og:title\" content=\"Sculptra - 360\" \/>\n<meta property=\"og:description\" content=\"Sculptra Sculptra SCULPTRA Treatment In Tijuana, Mexico Poly-L lactic acid or SCULPTRA\u00ae is the\u00a0first and only treatment of its kind that can diffusely volumize skin that has become deflated or diminished over time. \u00a0It performs this minor miracle not through filling in the tissue voids like other products, but by stimulating your own skin to [&hellip;]\" \/>\n<meta property=\"og:url\" content=\"https:\/\/360aestheticsmedspa.com\/es\/body\/sculptra\/\" \/>\n<meta property=\"og:site_name\" content=\"360\" \/>\n<meta property=\"article:modified_time\" content=\"2023-09-06T23:20:30+00:00\" \/>\n<meta property=\"og:image\" content=\"https:\/\/360aestheticsmedspa.com\/wp-content\/uploads\/2023\/09\/Sculptra-Ploly-L-Milchsaure-1024x1024.webp\" \/>\n<meta name=\"twitter:card\" content=\"summary_large_image\" \/>\n<meta name=\"twitter:label1\" content=\"Tiempo de lectura\" \/>\n\t<meta name=\"twitter:data1\" content=\"3 minutos\" \/>\n<script type=\"application\/ld+json\" class=\"yoast-schema-graph\">{\"@context\":\"https:\/\/schema.org\",\"@graph\":[{\"@type\":\"WebPage\",\"@id\":\"https:\/\/360aestheticsmedspa.com\/body\/sculptra\/\",\"url\":\"https:\/\/360aestheticsmedspa.com\/body\/sculptra\/\",\"name\":\"Sculptra - 360\",\"isPartOf\":{\"@id\":\"https:\/\/360aestheticsmedspa.com\/#website\"},\"primaryImageOfPage\":{\"@id\":\"https:\/\/360aestheticsmedspa.com\/body\/sculptra\/#primaryimage\"},\"image\":{\"@id\":\"https:\/\/360aestheticsmedspa.com\/body\/sculptra\/#primaryimage\"},\"thumbnailUrl\":\"https:\/\/360aestheticsmedspa.com\/wp-content\/uploads\/2023\/09\/Sculptra-Ploly-L-Milchsaure-1024x1024.webp\",\"datePublished\":\"2023-07-15T00:38:03+00:00\",\"dateModified\":\"2023-09-06T23:20:30+00:00\",\"breadcrumb\":{\"@id\":\"https:\/\/360aestheticsmedspa.com\/body\/sculptra\/#breadcrumb\"},\"inLanguage\":\"es\",\"potentialAction\":[{\"@type\":\"ReadAction\",\"target\":[\"https:\/\/360aestheticsmedspa.com\/body\/sculptra\/\"]}]},{\"@type\":\"ImageObject\",\"inLanguage\":\"es\",\"@id\":\"https:\/\/360aestheticsmedspa.com\/body\/sculptra\/#primaryimage\",\"url\":\"https:\/\/360aestheticsmedspa.com\/wp-content\/uploads\/2023\/09\/Sculptra-Ploly-L-Milchsaure-1024x1024.webp\",\"contentUrl\":\"https:\/\/360aestheticsmedspa.com\/wp-content\/uploads\/2023\/09\/Sculptra-Ploly-L-Milchsaure-1024x1024.webp\"},{\"@type\":\"BreadcrumbList\",\"@id\":\"https:\/\/360aestheticsmedspa.com\/body\/sculptra\/#breadcrumb\",\"itemListElement\":[{\"@type\":\"ListItem\",\"position\":1,\"name\":\"Home\",\"item\":\"https:\/\/360aestheticsmedspa.com\/\"},{\"@type\":\"ListItem\",\"position\":2,\"name\":\"Body\",\"item\":\"https:\/\/360aestheticsmedspa.com\/body\/\"},{\"@type\":\"ListItem\",\"position\":3,\"name\":\"Sculptra\"}]},{\"@type\":\"WebSite\",\"@id\":\"https:\/\/360aestheticsmedspa.com\/#website\",\"url\":\"https:\/\/360aestheticsmedspa.com\/\",\"name\":\"360\",\"description\":\"Aesthetics\",\"potentialAction\":[{\"@type\":\"SearchAction\",\"target\":{\"@type\":\"EntryPoint\",\"urlTemplate\":\"https:\/\/360aestheticsmedspa.com\/?s={search_term_string}\"},\"query-input\":{\"@type\":\"PropertyValueSpecification\",\"valueRequired\":true,\"valueName\":\"search_term_string\"}}],\"inLanguage\":\"es\"}]}<\/script>\n<!-- \/ Yoast SEO plugin. -->","yoast_head_json":{"title":"Sculptra - 360","robots":{"index":"index","follow":"follow","max-snippet":"max-snippet:-1","max-image-preview":"max-image-preview:large","max-video-preview":"max-video-preview:-1"},"canonical":"https:\/\/360aestheticsmedspa.com\/es\/body\/sculptra\/","og_locale":"es_MX","og_type":"article","og_title":"Sculptra - 360","og_description":"Sculptra Sculptra SCULPTRA Treatment In Tijuana, Mexico Poly-L lactic acid or SCULPTRA\u00ae is the\u00a0first and only treatment of its kind that can diffusely volumize skin that has become deflated or diminished over time. \u00a0It performs this minor miracle not through filling in the tissue voids like other products, but by stimulating your own skin to [&hellip;]","og_url":"https:\/\/360aestheticsmedspa.com\/es\/body\/sculptra\/","og_site_name":"360","article_modified_time":"2023-09-06T23:20:30+00:00","og_image":[{"url":"https:\/\/360aestheticsmedspa.com\/wp-content\/uploads\/2023\/09\/Sculptra-Ploly-L-Milchsaure-1024x1024.webp","type":"","width":"","height":""}],"twitter_card":"summary_large_image","twitter_misc":{"Tiempo de lectura":"3 minutos"},"schema":{"@context":"https:\/\/schema.org","@graph":[{"@type":"WebPage","@id":"https:\/\/360aestheticsmedspa.com\/body\/sculptra\/","url":"https:\/\/360aestheticsmedspa.com\/body\/sculptra\/","name":"Sculptra - 360","isPartOf":{"@id":"https:\/\/360aestheticsmedspa.com\/#website"},"primaryImageOfPage":{"@id":"https:\/\/360aestheticsmedspa.com\/body\/sculptra\/#primaryimage"},"image":{"@id":"https:\/\/360aestheticsmedspa.com\/body\/sculptra\/#primaryimage"},"thumbnailUrl":"https:\/\/360aestheticsmedspa.com\/wp-content\/uploads\/2023\/09\/Sculptra-Ploly-L-Milchsaure-1024x1024.webp","datePublished":"2023-07-15T00:38:03+00:00","dateModified":"2023-09-06T23:20:30+00:00","breadcrumb":{"@id":"https:\/\/360aestheticsmedspa.com\/body\/sculptra\/#breadcrumb"},"inLanguage":"es","potentialAction":[{"@type":"ReadAction","target":["https:\/\/360aestheticsmedspa.com\/body\/sculptra\/"]}]},{"@type":"ImageObject","inLanguage":"es","@id":"https:\/\/360aestheticsmedspa.com\/body\/sculptra\/#primaryimage","url":"https:\/\/360aestheticsmedspa.com\/wp-content\/uploads\/2023\/09\/Sculptra-Ploly-L-Milchsaure-1024x1024.webp","contentUrl":"https:\/\/360aestheticsmedspa.com\/wp-content\/uploads\/2023\/09\/Sculptra-Ploly-L-Milchsaure-1024x1024.webp"},{"@type":"BreadcrumbList","@id":"https:\/\/360aestheticsmedspa.com\/body\/sculptra\/#breadcrumb","itemListElement":[{"@type":"ListItem","position":1,"name":"Home","item":"https:\/\/360aestheticsmedspa.com\/"},{"@type":"ListItem","position":2,"name":"Body","item":"https:\/\/360aestheticsmedspa.com\/body\/"},{"@type":"ListItem","position":3,"name":"Sculptra"}]},{"@type":"WebSite","@id":"https:\/\/360aestheticsmedspa.com\/#website","url":"https:\/\/360aestheticsmedspa.com\/","name":"360","description":"Aesthetics","potentialAction":[{"@type":"SearchAction","target":{"@type":"EntryPoint","urlTemplate":"https:\/\/360aestheticsmedspa.com\/?s={search_term_string}"},"query-input":{"@type":"PropertyValueSpecification","valueRequired":true,"valueName":"search_term_string"}}],"inLanguage":"es"}]}},"_links":{"self":[{"href":"https:\/\/360aestheticsmedspa.com\/es\/wp-json\/wp\/v2\/pages\/606","targetHints":{"allow":["GET"]}}],"collection":[{"href":"https:\/\/360aestheticsmedspa.com\/es\/wp-json\/wp\/v2\/pages"}],"about":[{"href":"https:\/\/360aestheticsmedspa.com\/es\/wp-json\/wp\/v2\/types\/page"}],"author":[{"embeddable":true,"href":"https:\/\/360aestheticsmedspa.com\/es\/wp-json\/wp\/v2\/users\/1"}],"replies":[{"embeddable":true,"href":"https:\/\/360aestheticsmedspa.com\/es\/wp-json\/wp\/v2\/comments?post=606"}],"version-history":[{"count":0,"href":"https:\/\/360aestheticsmedspa.com\/es\/wp-json\/wp\/v2\/pages\/606\/revisions"}],"up":[{"embeddable":true,"href":"https:\/\/360aestheticsmedspa.com\/es\/wp-json\/wp\/v2\/pages\/600"}],"wp:attachment":[{"href":"https:\/\/360aestheticsmedspa.com\/es\/wp-json\/wp\/v2\/media?parent=606"}],"curies":[{"name":"wp","href":"https:\/\/api.w.org\/{rel}","templated":true}]}}