{"id":596,"date":"2023-07-15T00:35:25","date_gmt":"2023-07-15T00:35:25","guid":{"rendered":"https:\/\/360aestheticsmedspa.com\/?page_id=596"},"modified":"2023-07-29T19:41:31","modified_gmt":"2023-07-29T19:41:31","slug":"hair-treatment","status":"publish","type":"page","link":"https:\/\/360aestheticsmedspa.com\/es\/hair-treatment\/","title":{"rendered":"Tratamientos de cabello"},"content":{"rendered":"<div data-elementor-type=\"wp-page\" data-elementor-id=\"596\" class=\"elementor elementor-596\" data-elementor-post-type=\"page\">\n\t\t\t\t\t\t<section class=\"elementor-section elementor-top-section elementor-element elementor-element-5770754 elementor-section-boxed elementor-section-height-default elementor-section-height-default\" data-id=\"5770754\" data-element_type=\"section\">\n\t\t\t\t\t\t<div class=\"elementor-container elementor-column-gap-default\">\n\t\t\t\t\t<div class=\"elementor-column elementor-col-100 elementor-top-column elementor-element elementor-element-6b27bdd\" data-id=\"6b27bdd\" data-element_type=\"column\">\n\t\t\t<div class=\"elementor-widget-wrap elementor-element-populated\">\n\t\t\t\t\t\t<div class=\"elementor-element elementor-element-dc9391c elementor-widget elementor-widget-heading\" data-id=\"dc9391c\" data-element_type=\"widget\" data-widget_type=\"heading.default\">\n\t\t\t\t<div class=\"elementor-widget-container\">\n\t\t\t\t\t<p class=\"elementor-heading-title elementor-size-default\">Tratamientos<\/p>\t\t\t\t<\/div>\n\t\t\t\t<\/div>\n\t\t\t\t<div class=\"elementor-element elementor-element-9b7f1a5 elementor-widget elementor-widget-text-editor\" data-id=\"9b7f1a5\" data-element_type=\"widget\" data-widget_type=\"text-editor.default\">\n\t\t\t\t<div class=\"elementor-widget-container\">\n\t\t\t\t\t\t\t\t\t<p>Tratamientos de cabello<\/p><p>\u00a0<\/p>\t\t\t\t\t\t\t\t<\/div>\n\t\t\t\t<\/div>\n\t\t\t\t<div class=\"elementor-element elementor-element-b6ef73e elementor-widget elementor-widget-text-editor\" data-id=\"b6ef73e\" data-element_type=\"widget\" data-widget_type=\"text-editor.default\">\n\t\t\t\t<div class=\"elementor-widget-container\">\n\t\t\t\t\t\t\t\t\t<p>Descubre el poder de nuestro exclusivo tratamiento capilar en nuestro centro de spa m\u00e9dico en Tijuana. En Vive Medical Spa, nos enorgullecemos de proporcionar a nuestros clientes la m\u00e1xima experiencia en cuidado del cabello. Nuestro equipo de especialistas altamente capacitados ofrecer\u00e1 soluciones personalizadas para abordar tus necesidades individuales de cabello, ya sea que busques fortalecerlo, revitalizarlo o mejorar su apariencia.<\/p><p>Al combinar las \u00faltimas t\u00e9cnicas y tecnolog\u00edas de vanguardia, utilizamos productos de alta calidad para garantizar resultados excepcionales. Desde tratamientos para la p\u00e9rdida de cabello hasta opciones regenerativas y fortalecedoras, estamos dedicados a ayudarte a lograr un cabello saludable y hermoso.<\/p><p>En Vive Medical Spa, la comodidad y satisfacci\u00f3n de nuestros clientes son nuestras principales prioridades. Estamos encantados de recibir citas sin previo aviso de lunes a viernes, y tambi\u00e9n anunciamos fechas especiales a trav\u00e9s de nuestras redes sociales. \u00a1Ven y descubre c\u00f3mo nuestro tratamiento capilar puede transformar tu cabello y aumentar tu autoconfianza!<\/p><p>\u00a0<\/p>\t\t\t\t\t\t\t\t<\/div>\n\t\t\t\t<\/div>\n\t\t\t\t<div class=\"elementor-element elementor-element-f06f7c1 elementor-widget elementor-widget-image\" data-id=\"f06f7c1\" data-element_type=\"widget\" data-widget_type=\"image.default\">\n\t\t\t\t<div class=\"elementor-widget-container\">\n\t\t\t\t\t\t\t\t\t\t\t\t\t\t\t<img fetchpriority=\"high\" decoding=\"async\" width=\"800\" height=\"262\" src=\"https:\/\/360aestheticsmedspa.com\/wp-content\/uploads\/2023\/07\/VIVE-1-1024x335.jpg\" class=\"attachment-large size-large wp-image-993\" alt=\"\" srcset=\"https:\/\/360aestheticsmedspa.com\/wp-content\/uploads\/2023\/07\/VIVE-1-1024x335.jpg 1024w, https:\/\/360aestheticsmedspa.com\/wp-content\/uploads\/2023\/07\/VIVE-1-300x98.jpg 300w, https:\/\/360aestheticsmedspa.com\/wp-content\/uploads\/2023\/07\/VIVE-1-768x251.jpg 768w, https:\/\/360aestheticsmedspa.com\/wp-content\/uploads\/2023\/07\/VIVE-1-18x6.jpg 18w, https:\/\/360aestheticsmedspa.com\/wp-content\/uploads\/2023\/07\/VIVE-1.jpg 1500w\" sizes=\"(max-width: 800px) 100vw, 800px\" \/>\t\t\t\t\t\t\t\t\t\t\t\t\t\t\t<\/div>\n\t\t\t\t<\/div>\n\t\t\t\t<section class=\"elementor-section elementor-inner-section elementor-element elementor-element-7d6eb0a elementor-section-content-middle elementor-section-boxed elementor-section-height-default elementor-section-height-default\" data-id=\"7d6eb0a\" data-element_type=\"section\">\n\t\t\t\t\t\t<div class=\"elementor-container elementor-column-gap-default\">\n\t\t\t\t\t<div class=\"elementor-column elementor-col-100 elementor-inner-column elementor-element elementor-element-2b4303c\" data-id=\"2b4303c\" data-element_type=\"column\">\n\t\t\t<div class=\"elementor-widget-wrap elementor-element-populated\">\n\t\t\t\t\t\t<div class=\"elementor-element elementor-element-898d0db elementor-widget elementor-widget-text-editor\" data-id=\"898d0db\" data-element_type=\"widget\" data-widget_type=\"text-editor.default\">\n\t\t\t\t<div class=\"elementor-widget-container\">\n\t\t\t\t\t\t\t\t\t<p><strong>Ten en cuenta que este texto es una sugerencia y puedes personalizarlo<br \/><\/strong><strong>De acuerdo a las caracter\u00edsticas espec\u00edficas y servicios de tu centro de spa m\u00e9dico en Tijuana.<\/strong><\/p>\t\t\t\t\t\t\t\t<\/div>\n\t\t\t\t<\/div>\n\t\t\t\t\t<\/div>\n\t\t<\/div>\n\t\t\t\t\t<\/div>\n\t\t<\/section>\n\t\t\t\t\t<\/div>\n\t\t<\/div>\n\t\t\t\t\t<\/div>\n\t\t<\/section>\n\t\t\t\t<\/div>","protected":false},"excerpt":{"rendered":"<p>Treatments Hair treatment \u00a0 Discover the power of our exclusive hair treatment at our medical spa center in Tijuana. At Vive Medical Spa, we take pride in providing our clients with the ultimate hair care experience. Our team of highly trained specialists will offer tailored solutions to address your individual hair needs, whether you&#8217;re seeking [&hellip;]<\/p>","protected":false},"author":1,"featured_media":0,"parent":0,"menu_order":0,"comment_status":"closed","ping_status":"closed","template":"elementor_header_footer","meta":{"_joinchat":[],"footnotes":""},"class_list":["post-596","page","type-page","status-publish","hentry"],"yoast_head":"<!-- This site is optimized with the Yoast SEO plugin v25.5 - https:\/\/yoast.com\/wordpress\/plugins\/seo\/ -->\n<title>Hair treatment - 360<\/title>\n<meta name=\"robots\" content=\"index, follow, max-snippet:-1, max-image-preview:large, max-video-preview:-1\" \/>\n<link rel=\"canonical\" href=\"https:\/\/360aestheticsmedspa.com\/es\/hair-treatment\/\" \/>\n<meta property=\"og:locale\" content=\"es_MX\" \/>\n<meta property=\"og:type\" content=\"article\" \/>\n<meta property=\"og:title\" content=\"Hair treatment - 360\" \/>\n<meta property=\"og:description\" content=\"Treatments Hair treatment \u00a0 Discover the power of our exclusive hair treatment at our medical spa center in Tijuana. At Vive Medical Spa, we take pride in providing our clients with the ultimate hair care experience. Our team of highly trained specialists will offer tailored solutions to address your individual hair needs, whether you&#8217;re seeking [&hellip;]\" \/>\n<meta property=\"og:url\" content=\"https:\/\/360aestheticsmedspa.com\/es\/hair-treatment\/\" \/>\n<meta property=\"og:site_name\" content=\"360\" \/>\n<meta property=\"article:modified_time\" content=\"2023-07-29T19:41:31+00:00\" \/>\n<meta property=\"og:image\" content=\"https:\/\/360aestheticsmedspa.com\/wp-content\/uploads\/2023\/07\/VIVE-1-1024x335.jpg\" \/>\n<meta name=\"twitter:card\" content=\"summary_large_image\" \/>\n<meta name=\"twitter:label1\" content=\"Tiempo de lectura\" \/>\n\t<meta name=\"twitter:data1\" content=\"1 minuto\" \/>\n<script type=\"application\/ld+json\" class=\"yoast-schema-graph\">{\"@context\":\"https:\/\/schema.org\",\"@graph\":[{\"@type\":\"WebPage\",\"@id\":\"https:\/\/360aestheticsmedspa.com\/hair-treatment\/\",\"url\":\"https:\/\/360aestheticsmedspa.com\/hair-treatment\/\",\"name\":\"Hair treatment - 360\",\"isPartOf\":{\"@id\":\"https:\/\/360aestheticsmedspa.com\/#website\"},\"primaryImageOfPage\":{\"@id\":\"https:\/\/360aestheticsmedspa.com\/hair-treatment\/#primaryimage\"},\"image\":{\"@id\":\"https:\/\/360aestheticsmedspa.com\/hair-treatment\/#primaryimage\"},\"thumbnailUrl\":\"https:\/\/360aestheticsmedspa.com\/wp-content\/uploads\/2023\/07\/VIVE-1-1024x335.jpg\",\"datePublished\":\"2023-07-15T00:35:25+00:00\",\"dateModified\":\"2023-07-29T19:41:31+00:00\",\"breadcrumb\":{\"@id\":\"https:\/\/360aestheticsmedspa.com\/hair-treatment\/#breadcrumb\"},\"inLanguage\":\"es\",\"potentialAction\":[{\"@type\":\"ReadAction\",\"target\":[\"https:\/\/360aestheticsmedspa.com\/hair-treatment\/\"]}]},{\"@type\":\"ImageObject\",\"inLanguage\":\"es\",\"@id\":\"https:\/\/360aestheticsmedspa.com\/hair-treatment\/#primaryimage\",\"url\":\"https:\/\/360aestheticsmedspa.com\/wp-content\/uploads\/2023\/07\/VIVE-1-1024x335.jpg\",\"contentUrl\":\"https:\/\/360aestheticsmedspa.com\/wp-content\/uploads\/2023\/07\/VIVE-1-1024x335.jpg\"},{\"@type\":\"BreadcrumbList\",\"@id\":\"https:\/\/360aestheticsmedspa.com\/hair-treatment\/#breadcrumb\",\"itemListElement\":[{\"@type\":\"ListItem\",\"position\":1,\"name\":\"Home\",\"item\":\"https:\/\/360aestheticsmedspa.com\/\"},{\"@type\":\"ListItem\",\"position\":2,\"name\":\"Hair treatment\"}]},{\"@type\":\"WebSite\",\"@id\":\"https:\/\/360aestheticsmedspa.com\/#website\",\"url\":\"https:\/\/360aestheticsmedspa.com\/\",\"name\":\"360\",\"description\":\"Aesthetics\",\"potentialAction\":[{\"@type\":\"SearchAction\",\"target\":{\"@type\":\"EntryPoint\",\"urlTemplate\":\"https:\/\/360aestheticsmedspa.com\/?s={search_term_string}\"},\"query-input\":{\"@type\":\"PropertyValueSpecification\",\"valueRequired\":true,\"valueName\":\"search_term_string\"}}],\"inLanguage\":\"es\"}]}<\/script>\n<!-- \/ Yoast SEO plugin. -->","yoast_head_json":{"title":"Hair treatment - 360","robots":{"index":"index","follow":"follow","max-snippet":"max-snippet:-1","max-image-preview":"max-image-preview:large","max-video-preview":"max-video-preview:-1"},"canonical":"https:\/\/360aestheticsmedspa.com\/es\/hair-treatment\/","og_locale":"es_MX","og_type":"article","og_title":"Hair treatment - 360","og_description":"Treatments Hair treatment \u00a0 Discover the power of our exclusive hair treatment at our medical spa center in Tijuana. At Vive Medical Spa, we take pride in providing our clients with the ultimate hair care experience. Our team of highly trained specialists will offer tailored solutions to address your individual hair needs, whether you&#8217;re seeking [&hellip;]","og_url":"https:\/\/360aestheticsmedspa.com\/es\/hair-treatment\/","og_site_name":"360","article_modified_time":"2023-07-29T19:41:31+00:00","og_image":[{"url":"https:\/\/360aestheticsmedspa.com\/wp-content\/uploads\/2023\/07\/VIVE-1-1024x335.jpg","type":"","width":"","height":""}],"twitter_card":"summary_large_image","twitter_misc":{"Tiempo de lectura":"1 minuto"},"schema":{"@context":"https:\/\/schema.org","@graph":[{"@type":"WebPage","@id":"https:\/\/360aestheticsmedspa.com\/hair-treatment\/","url":"https:\/\/360aestheticsmedspa.com\/hair-treatment\/","name":"Hair treatment - 360","isPartOf":{"@id":"https:\/\/360aestheticsmedspa.com\/#website"},"primaryImageOfPage":{"@id":"https:\/\/360aestheticsmedspa.com\/hair-treatment\/#primaryimage"},"image":{"@id":"https:\/\/360aestheticsmedspa.com\/hair-treatment\/#primaryimage"},"thumbnailUrl":"https:\/\/360aestheticsmedspa.com\/wp-content\/uploads\/2023\/07\/VIVE-1-1024x335.jpg","datePublished":"2023-07-15T00:35:25+00:00","dateModified":"2023-07-29T19:41:31+00:00","breadcrumb":{"@id":"https:\/\/360aestheticsmedspa.com\/hair-treatment\/#breadcrumb"},"inLanguage":"es","potentialAction":[{"@type":"ReadAction","target":["https:\/\/360aestheticsmedspa.com\/hair-treatment\/"]}]},{"@type":"ImageObject","inLanguage":"es","@id":"https:\/\/360aestheticsmedspa.com\/hair-treatment\/#primaryimage","url":"https:\/\/360aestheticsmedspa.com\/wp-content\/uploads\/2023\/07\/VIVE-1-1024x335.jpg","contentUrl":"https:\/\/360aestheticsmedspa.com\/wp-content\/uploads\/2023\/07\/VIVE-1-1024x335.jpg"},{"@type":"BreadcrumbList","@id":"https:\/\/360aestheticsmedspa.com\/hair-treatment\/#breadcrumb","itemListElement":[{"@type":"ListItem","position":1,"name":"Home","item":"https:\/\/360aestheticsmedspa.com\/"},{"@type":"ListItem","position":2,"name":"Hair treatment"}]},{"@type":"WebSite","@id":"https:\/\/360aestheticsmedspa.com\/#website","url":"https:\/\/360aestheticsmedspa.com\/","name":"360","description":"Aesthetics","potentialAction":[{"@type":"SearchAction","target":{"@type":"EntryPoint","urlTemplate":"https:\/\/360aestheticsmedspa.com\/?s={search_term_string}"},"query-input":{"@type":"PropertyValueSpecification","valueRequired":true,"valueName":"search_term_string"}}],"inLanguage":"es"}]}},"_links":{"self":[{"href":"https:\/\/360aestheticsmedspa.com\/es\/wp-json\/wp\/v2\/pages\/596","targetHints":{"allow":["GET"]}}],"collection":[{"href":"https:\/\/360aestheticsmedspa.com\/es\/wp-json\/wp\/v2\/pages"}],"about":[{"href":"https:\/\/360aestheticsmedspa.com\/es\/wp-json\/wp\/v2\/types\/page"}],"author":[{"embeddable":true,"href":"https:\/\/360aestheticsmedspa.com\/es\/wp-json\/wp\/v2\/users\/1"}],"replies":[{"embeddable":true,"href":"https:\/\/360aestheticsmedspa.com\/es\/wp-json\/wp\/v2\/comments?post=596"}],"version-history":[{"count":0,"href":"https:\/\/360aestheticsmedspa.com\/es\/wp-json\/wp\/v2\/pages\/596\/revisions"}],"wp:attachment":[{"href":"https:\/\/360aestheticsmedspa.com\/es\/wp-json\/wp\/v2\/media?parent=596"}],"curies":[{"name":"wp","href":"https:\/\/api.w.org\/{rel}","templated":true}]}}