{"id":329,"date":"2023-06-08T17:20:38","date_gmt":"2023-06-08T17:20:38","guid":{"rendered":"https:\/\/360aestheticsmedspa.com\/?page_id=329"},"modified":"2023-09-06T22:53:32","modified_gmt":"2023-09-06T22:53:32","slug":"under-eyes-fillers","status":"publish","type":"page","link":"https:\/\/360aestheticsmedspa.com\/es\/fillers\/under-eyes-fillers\/","title":{"rendered":"Relleno de ojeras"},"content":{"rendered":"<div data-elementor-type=\"wp-page\" data-elementor-id=\"329\" class=\"elementor elementor-329\" data-elementor-post-type=\"page\">\n\t\t\t\t\t\t<section class=\"elementor-section elementor-top-section elementor-element elementor-element-37b52db elementor-section-full_width elementor-section-stretched elementor-section-height-default elementor-section-height-default\" data-id=\"37b52db\" data-element_type=\"section\" data-settings=\"{&quot;stretch_section&quot;:&quot;section-stretched&quot;,&quot;background_background&quot;:&quot;classic&quot;}\">\n\t\t\t\t\t\t\t<div class=\"elementor-background-overlay\"><\/div>\n\t\t\t\t\t\t\t<div class=\"elementor-container elementor-column-gap-no\">\n\t\t\t\t\t<div class=\"elementor-column elementor-col-100 elementor-top-column elementor-element elementor-element-d4d1358\" data-id=\"d4d1358\" data-element_type=\"column\">\n\t\t\t<div class=\"elementor-widget-wrap elementor-element-populated\">\n\t\t\t\t\t\t<section class=\"elementor-section elementor-inner-section elementor-element elementor-element-ca4e1c5 elementor-section-boxed elementor-section-height-default elementor-section-height-default\" data-id=\"ca4e1c5\" data-element_type=\"section\">\n\t\t\t\t\t\t<div class=\"elementor-container elementor-column-gap-default\">\n\t\t\t\t\t<div class=\"elementor-column elementor-col-50 elementor-inner-column elementor-element elementor-element-1389b61\" data-id=\"1389b61\" data-element_type=\"column\">\n\t\t\t<div class=\"elementor-widget-wrap elementor-element-populated\">\n\t\t\t\t\t\t<div class=\"elementor-element elementor-element-abc0bee elementor-widget elementor-widget-heading\" data-id=\"abc0bee\" data-element_type=\"widget\" data-widget_type=\"heading.default\">\n\t\t\t\t<div class=\"elementor-widget-container\">\n\t\t\t\t\t<h2 class=\"elementor-heading-title elementor-size-default\">Relleno de ojeras<\/h2>\t\t\t\t<\/div>\n\t\t\t\t<\/div>\n\t\t\t\t\t<\/div>\n\t\t<\/div>\n\t\t\t\t<div class=\"elementor-column elementor-col-50 elementor-inner-column elementor-element elementor-element-5e44d7c\" data-id=\"5e44d7c\" data-element_type=\"column\">\n\t\t\t<div class=\"elementor-widget-wrap\">\n\t\t\t\t\t\t\t<\/div>\n\t\t<\/div>\n\t\t\t\t\t<\/div>\n\t\t<\/section>\n\t\t\t\t\t<\/div>\n\t\t<\/div>\n\t\t\t\t\t<\/div>\n\t\t<\/section>\n\t\t\t\t<section class=\"elementor-section elementor-top-section elementor-element elementor-element-d3e5ebe elementor-section-boxed elementor-section-height-default elementor-section-height-default\" data-id=\"d3e5ebe\" data-element_type=\"section\">\n\t\t\t\t\t\t<div class=\"elementor-container elementor-column-gap-default\">\n\t\t\t\t\t<div class=\"elementor-column elementor-col-100 elementor-top-column elementor-element elementor-element-6b4f268\" data-id=\"6b4f268\" data-element_type=\"column\">\n\t\t\t<div class=\"elementor-widget-wrap elementor-element-populated\">\n\t\t\t\t\t\t<div class=\"elementor-element elementor-element-7e43aa9 elementor-widget elementor-widget-spacer\" data-id=\"7e43aa9\" data-element_type=\"widget\" data-widget_type=\"spacer.default\">\n\t\t\t\t<div class=\"elementor-widget-container\">\n\t\t\t\t\t\t\t<div class=\"elementor-spacer\">\n\t\t\t<div class=\"elementor-spacer-inner\"><\/div>\n\t\t<\/div>\n\t\t\t\t\t\t<\/div>\n\t\t\t\t<\/div>\n\t\t\t\t<div class=\"elementor-element elementor-element-17bed55 elementor-widget elementor-widget-heading\" data-id=\"17bed55\" data-element_type=\"widget\" data-widget_type=\"heading.default\">\n\t\t\t\t<div class=\"elementor-widget-container\">\n\t\t\t\t\t<h2 class=\"elementor-heading-title elementor-size-default\">Ilumina tus ojos y reduce las ojeras con los rellenos para el \u00e1rea debajo de los ojos en la Cl\u00ednica Est\u00e9tica 360.<\/h2>\t\t\t\t<\/div>\n\t\t\t\t<\/div>\n\t\t\t\t<div class=\"elementor-element elementor-element-4887846 elementor-widget elementor-widget-text-editor\" data-id=\"4887846\" data-element_type=\"widget\" data-widget_type=\"text-editor.default\">\n\t\t\t\t<div class=\"elementor-widget-container\">\n\t\t\t\t\t\t\t\t\t<p><span style=\"font-weight: 400;\">Minimiza la apariencia de las ojeras y rejuvenece el \u00e1rea debajo de los ojos con rellenos para el \u00e1rea debajo de los ojos en la Cl\u00ednica Est\u00e9tica 360. Nuestros especialistas capacitados utilizan t\u00e9cnicas avanzadas y rellenos premium para ayudarte a lograr una apariencia renovada y juvenil.<\/span><\/p>\t\t\t\t\t\t\t\t<\/div>\n\t\t\t\t<\/div>\n\t\t\t\t\t<\/div>\n\t\t<\/div>\n\t\t\t\t\t<\/div>\n\t\t<\/section>\n\t\t\t\t<section class=\"elementor-section elementor-top-section elementor-element elementor-element-96032a2 elementor-section-boxed elementor-section-height-default elementor-section-height-default\" data-id=\"96032a2\" data-element_type=\"section\">\n\t\t\t\t\t\t<div class=\"elementor-container elementor-column-gap-default\">\n\t\t\t\t\t<div class=\"elementor-column elementor-col-100 elementor-top-column elementor-element elementor-element-9f8da7d\" data-id=\"9f8da7d\" data-element_type=\"column\">\n\t\t\t<div class=\"elementor-widget-wrap elementor-element-populated\">\n\t\t\t\t\t\t<div class=\"elementor-element elementor-element-b1f9377 elementor-widget elementor-widget-spacer\" data-id=\"b1f9377\" data-element_type=\"widget\" data-widget_type=\"spacer.default\">\n\t\t\t\t<div class=\"elementor-widget-container\">\n\t\t\t\t\t\t\t<div class=\"elementor-spacer\">\n\t\t\t<div class=\"elementor-spacer-inner\"><\/div>\n\t\t<\/div>\n\t\t\t\t\t\t<\/div>\n\t\t\t\t<\/div>\n\t\t\t\t<div class=\"elementor-element elementor-element-750b16b elementor-widget elementor-widget-heading\" data-id=\"750b16b\" data-element_type=\"widget\" data-widget_type=\"heading.default\">\n\t\t\t\t<div class=\"elementor-widget-container\">\n\t\t\t\t\t<h2 class=\"elementor-heading-title elementor-size-default translation-block\">Rejuvenece el \u00e1rea debajo de los ojos con rellenos para el \u00e1rea debajo de los ojos en la Cl\u00ednica Est\u00e9tica 360.<\/h2>\t\t\t\t<\/div>\n\t\t\t\t<\/div>\n\t\t\t\t<div class=\"elementor-element elementor-element-8265668 elementor-widget elementor-widget-heading\" data-id=\"8265668\" data-element_type=\"widget\" data-widget_type=\"heading.default\">\n\t\t\t\t<div class=\"elementor-widget-container\">\n\t\t\t\t\t<h2 class=\"elementor-heading-title elementor-size-default\">Di adi\u00f3s a las ojeras con los tratamientos de relleno para el \u00e1rea debajo de los ojos.\n<\/h2>\t\t\t\t<\/div>\n\t\t\t\t<\/div>\n\t\t\t\t<section class=\"elementor-section elementor-inner-section elementor-element elementor-element-d300b84 elementor-section-boxed elementor-section-height-default elementor-section-height-default\" data-id=\"d300b84\" data-element_type=\"section\">\n\t\t\t\t\t\t<div class=\"elementor-container elementor-column-gap-default\">\n\t\t\t\t\t<div class=\"elementor-column elementor-col-100 elementor-inner-column elementor-element elementor-element-e8eea77\" data-id=\"e8eea77\" data-element_type=\"column\">\n\t\t\t<div class=\"elementor-widget-wrap elementor-element-populated\">\n\t\t\t\t\t\t<div class=\"elementor-element elementor-element-83a2097 elementor-widget elementor-widget-text-editor\" data-id=\"83a2097\" data-element_type=\"widget\" data-widget_type=\"text-editor.default\">\n\t\t\t\t<div class=\"elementor-widget-container\">\n\t\t\t\t\t\t\t\t\t<p><span style=\"font-weight: 400;\">Las ojeras y hundimientos debajo de los ojos pueden hacerte lucir cansado y envejecido, incluso si te sientes en\u00e9rgico y vibrante. En la Cl\u00ednica Est\u00e9tica 360, ofrecemos tratamientos de relleno para el \u00e1rea debajo de los ojos para ayudarte a minimizar la apariencia de las ojeras y rejuvenecer esta zona, brind\u00e1ndote un aspecto renovado y juvenil.<\/span><\/p><p><span style=\"font-weight: 400;\">Nuestros especialistas experimentados utilizan t\u00e9cnicas avanzadas y rellenos premium para el \u00e1rea debajo de los ojos, con el fin de abordar las preocupaciones espec\u00edficas de esta zona. Al inyectar cuidadosamente los rellenos, podemos agregar volumen, reducir hundimientos y suavizar la delicada piel, lo que resulta en una apariencia m\u00e1s vibrante y rejuvenecida.<\/span><\/p>\t\t\t\t\t\t\t\t<\/div>\n\t\t\t\t<\/div>\n\t\t\t\t\t<\/div>\n\t\t<\/div>\n\t\t\t\t\t<\/div>\n\t\t<\/section>\n\t\t\t\t\t<\/div>\n\t\t<\/div>\n\t\t\t\t\t<\/div>\n\t\t<\/section>\n\t\t\t\t<section class=\"elementor-section elementor-top-section elementor-element elementor-element-f2419aa elementor-section-boxed elementor-section-height-default elementor-section-height-default\" data-id=\"f2419aa\" data-element_type=\"section\">\n\t\t\t\t\t\t<div class=\"elementor-container elementor-column-gap-default\">\n\t\t\t\t\t<div class=\"elementor-column elementor-col-100 elementor-top-column elementor-element elementor-element-f9d1d71\" data-id=\"f9d1d71\" data-element_type=\"column\">\n\t\t\t<div class=\"elementor-widget-wrap elementor-element-populated\">\n\t\t\t\t\t\t<div class=\"elementor-element elementor-element-c1e09e1 elementor-widget elementor-widget-image\" data-id=\"c1e09e1\" data-element_type=\"widget\" data-widget_type=\"image.default\">\n\t\t\t\t<div class=\"elementor-widget-container\">\n\t\t\t\t\t\t\t\t\t\t\t\t\t\t\t<img fetchpriority=\"high\" decoding=\"async\" width=\"800\" height=\"482\" src=\"https:\/\/360aestheticsmedspa.com\/wp-content\/uploads\/2023\/09\/producto02.jpeg\" class=\"attachment-large size-large wp-image-1540\" alt=\"\" srcset=\"https:\/\/360aestheticsmedspa.com\/wp-content\/uploads\/2023\/09\/producto02.jpeg 944w, https:\/\/360aestheticsmedspa.com\/wp-content\/uploads\/2023\/09\/producto02-300x181.jpeg 300w, https:\/\/360aestheticsmedspa.com\/wp-content\/uploads\/2023\/09\/producto02-768x463.jpeg 768w, https:\/\/360aestheticsmedspa.com\/wp-content\/uploads\/2023\/09\/producto02-18x12.jpeg 18w\" sizes=\"(max-width: 800px) 100vw, 800px\" \/>\t\t\t\t\t\t\t\t\t\t\t\t\t\t\t<\/div>\n\t\t\t\t<\/div>\n\t\t\t\t\t<\/div>\n\t\t<\/div>\n\t\t\t\t\t<\/div>\n\t\t<\/section>\n\t\t\t\t<section class=\"elementor-section elementor-top-section elementor-element elementor-element-b3f32fa elementor-section-full_width elementor-section-content-middle elementor-section-height-default elementor-section-height-default\" data-id=\"b3f32fa\" data-element_type=\"section\">\n\t\t\t\t\t\t<div class=\"elementor-container elementor-column-gap-no\">\n\t\t\t\t\t<div class=\"elementor-column elementor-col-50 elementor-top-column elementor-element elementor-element-bf2ab35\" data-id=\"bf2ab35\" data-element_type=\"column\" data-settings=\"{&quot;background_background&quot;:&quot;classic&quot;}\">\n\t\t\t<div class=\"elementor-widget-wrap elementor-element-populated\">\n\t\t\t\t\t\t<div class=\"elementor-element elementor-element-34d2487 elementor-widget elementor-widget-spacer\" data-id=\"34d2487\" data-element_type=\"widget\" data-widget_type=\"spacer.default\">\n\t\t\t\t<div class=\"elementor-widget-container\">\n\t\t\t\t\t\t\t<div class=\"elementor-spacer\">\n\t\t\t<div class=\"elementor-spacer-inner\"><\/div>\n\t\t<\/div>\n\t\t\t\t\t\t<\/div>\n\t\t\t\t<\/div>\n\t\t\t\t\t<\/div>\n\t\t<\/div>\n\t\t\t\t<div class=\"elementor-column elementor-col-50 elementor-top-column elementor-element elementor-element-691825c\" data-id=\"691825c\" data-element_type=\"column\" data-settings=\"{&quot;background_background&quot;:&quot;classic&quot;}\">\n\t\t\t<div class=\"elementor-widget-wrap elementor-element-populated\">\n\t\t\t\t\t\t<div class=\"elementor-element elementor-element-1a729c8 elementor-widget elementor-widget-heading\" data-id=\"1a729c8\" data-element_type=\"widget\" data-widget_type=\"heading.default\">\n\t\t\t\t<div class=\"elementor-widget-container\">\n\t\t\t\t\t<h2 class=\"elementor-heading-title elementor-size-default\">Beneficios de los rellenos debajo de los ojos en 360 Aesthetics Clinic:\n<\/h2>\t\t\t\t<\/div>\n\t\t\t\t<\/div>\n\t\t\t\t<div class=\"elementor-element elementor-element-868d29e elementor-widget elementor-widget-text-editor\" data-id=\"868d29e\" data-element_type=\"widget\" data-widget_type=\"text-editor.default\">\n\t\t\t\t<div class=\"elementor-widget-container\">\n\t\t\t\t\t\t\t\t\t<ol><li style=\"list-style-type: none;\"><ol><li style=\"font-weight: 400;\" aria-level=\"1\"><p><span style=\"font-weight: 400;\">Reducci\u00f3n de las ojeras: los rellenos debajo de los ojos pueden ayudar a disminuir la apariencia de las ojeras al agregar volumen a las \u00e1reas huecas y reducir el efecto de sombra.<\/span><\/p><\/li><li style=\"font-weight: 400;\" aria-level=\"1\"><p>Volumen y gordura mejorados: Al inyectar rellenos, podemos restaurar el volumen perdido y rellenar el \u00e1rea debajo de los ojos, reduciendo la apariencia hundida y haciendo que parezca m\u00e1s descansado.<\/p><\/li><li style=\"font-weight: 400;\" aria-level=\"1\"><span style=\"font-weight: 400;\">Piel m\u00e1s suave y firme: Los rellenos debajo de los ojos tambi\u00e9n pueden mejorar la textura y elasticidad de la piel, minimizando la aparici\u00f3n de l\u00edneas finas y arrugas.<\/span><\/li><li style=\"font-weight: 400;\" aria-level=\"1\"><span style=\"font-weight: 400;\">Resultados de apariencia natural: Nuestros especialistas capacitados priorizan los resultados de apariencia natural, asegurando que el \u00e1rea debajo de los ojos luzca fresca y rejuvenecida sin una apariencia artificial o excesiva.<\/span><\/li><li style=\"font-weight: 400;\" aria-level=\"1\"><span style=\"font-weight: 400;\">Tratamiento personalizado: entendemos que cada individuo tiene preocupaciones \u00fanicas debajo de los ojos. Nuestros especialistas evaluar\u00e1n sus necesidades espec\u00edficas y adaptar\u00e1n el tratamiento para lograr los mejores resultados posibles para usted.<\/span><\/li><\/ol><\/li><\/ol>\t\t\t\t\t\t\t\t<\/div>\n\t\t\t\t<\/div>\n\t\t\t\t<div class=\"elementor-element elementor-element-7e0f31a elementor-widget elementor-widget-text-editor\" data-id=\"7e0f31a\" data-element_type=\"widget\" data-widget_type=\"text-editor.default\">\n\t\t\t\t<div class=\"elementor-widget-container\">\n\t\t\t\t\t\t\t\t\t<p><span style=\"font-weight: 400;\">Experimente la diferencia en 360 Aesthetics Clinic: si busca iluminar sus ojos y reducir la apariencia de las ojeras, conf\u00ede en la experiencia de los especialistas de 360 \u200b\u200bAesthetics Clinic. Con nuestras t\u00e9cnicas avanzadas, rellenos premium y nuestro compromiso con resultados de apariencia natural, podemos ayudarlo a lograr un \u00e1rea debajo de los ojos m\u00e1s joven y renovada. Cont\u00e1ctenos hoy para programar una consulta y descubrir las posibilidades.<\/span><\/p>\t\t\t\t\t\t\t\t<\/div>\n\t\t\t\t<\/div>\n\t\t\t\t<div class=\"elementor-element elementor-element-3b10d10 elementor-align-left elementor-widget elementor-widget-button\" data-id=\"3b10d10\" data-element_type=\"widget\" data-widget_type=\"button.default\">\n\t\t\t\t<div class=\"elementor-widget-container\">\n\t\t\t\t\t\t\t\t\t<div class=\"elementor-button-wrapper\">\n\t\t\t\t\t<a class=\"elementor-button elementor-button-link elementor-size-sm\" href=\"https:\/\/api.whatsapp.com\/send\/?phone=5216633224448&#038;text&#038;type=phone_number&#038;app_absent=0\" target=\"_blank\">\n\t\t\t\t\t\t<span class=\"elementor-button-content-wrapper\">\n\t\t\t\t\t\t\t\t\t<span class=\"elementor-button-text\">Consulta con un experto<\/span>\n\t\t\t\t\t<\/span>\n\t\t\t\t\t<\/a>\n\t\t\t\t<\/div>\n\t\t\t\t\t\t\t\t<\/div>\n\t\t\t\t<\/div>\n\t\t\t\t\t<\/div>\n\t\t<\/div>\n\t\t\t\t\t<\/div>\n\t\t<\/section>\n\t\t\t\t<\/div>","protected":false},"excerpt":{"rendered":"<p>Under eyes Fillers Brighten Your Eyes and Reduce Dark Circles with Under Eye Fillers at 360 Aesthetics Clinic Minimize the appearance of dark circles and rejuvenate your under-eye area with under eye fillers at 360 Aesthetics Clinic. Our skilled specialists use advanced techniques and premium fillers to help you achieve a refreshed and youthful look. [&hellip;]<\/p>","protected":false},"author":1,"featured_media":0,"parent":146,"menu_order":0,"comment_status":"closed","ping_status":"closed","template":"","meta":{"_joinchat":[],"footnotes":""},"class_list":["post-329","page","type-page","status-publish","hentry"],"yoast_head":"<!-- This site is optimized with the Yoast SEO plugin v25.5 - https:\/\/yoast.com\/wordpress\/plugins\/seo\/ -->\n<title>Under eyes Fillers - 360<\/title>\n<meta name=\"robots\" content=\"index, follow, max-snippet:-1, max-image-preview:large, max-video-preview:-1\" \/>\n<link rel=\"canonical\" href=\"https:\/\/360aestheticsmedspa.com\/es\/fillers\/under-eyes-fillers\/\" \/>\n<meta property=\"og:locale\" content=\"es_MX\" \/>\n<meta property=\"og:type\" content=\"article\" \/>\n<meta property=\"og:title\" content=\"Under eyes Fillers - 360\" \/>\n<meta property=\"og:description\" content=\"Under eyes Fillers Brighten Your Eyes and Reduce Dark Circles with Under Eye Fillers at 360 Aesthetics Clinic Minimize the appearance of dark circles and rejuvenate your under-eye area with under eye fillers at 360 Aesthetics Clinic. Our skilled specialists use advanced techniques and premium fillers to help you achieve a refreshed and youthful look. [&hellip;]\" \/>\n<meta property=\"og:url\" content=\"https:\/\/360aestheticsmedspa.com\/es\/fillers\/under-eyes-fillers\/\" \/>\n<meta property=\"og:site_name\" content=\"360\" \/>\n<meta property=\"article:modified_time\" content=\"2023-09-06T22:53:32+00:00\" \/>\n<meta property=\"og:image\" content=\"https:\/\/360aestheticsmedspa.com\/wp-content\/uploads\/2023\/09\/producto02.jpeg\" \/>\n<meta name=\"twitter:card\" content=\"summary_large_image\" \/>\n<meta name=\"twitter:label1\" content=\"Tiempo de lectura\" \/>\n\t<meta name=\"twitter:data1\" content=\"2 minutos\" \/>\n<script type=\"application\/ld+json\" class=\"yoast-schema-graph\">{\"@context\":\"https:\/\/schema.org\",\"@graph\":[{\"@type\":\"WebPage\",\"@id\":\"https:\/\/360aestheticsmedspa.com\/fillers\/under-eyes-fillers\/\",\"url\":\"https:\/\/360aestheticsmedspa.com\/fillers\/under-eyes-fillers\/\",\"name\":\"Under eyes Fillers - 360\",\"isPartOf\":{\"@id\":\"https:\/\/360aestheticsmedspa.com\/#website\"},\"primaryImageOfPage\":{\"@id\":\"https:\/\/360aestheticsmedspa.com\/fillers\/under-eyes-fillers\/#primaryimage\"},\"image\":{\"@id\":\"https:\/\/360aestheticsmedspa.com\/fillers\/under-eyes-fillers\/#primaryimage\"},\"thumbnailUrl\":\"https:\/\/360aestheticsmedspa.com\/wp-content\/uploads\/2023\/09\/producto02.jpeg\",\"datePublished\":\"2023-06-08T17:20:38+00:00\",\"dateModified\":\"2023-09-06T22:53:32+00:00\",\"breadcrumb\":{\"@id\":\"https:\/\/360aestheticsmedspa.com\/fillers\/under-eyes-fillers\/#breadcrumb\"},\"inLanguage\":\"es\",\"potentialAction\":[{\"@type\":\"ReadAction\",\"target\":[\"https:\/\/360aestheticsmedspa.com\/fillers\/under-eyes-fillers\/\"]}]},{\"@type\":\"ImageObject\",\"inLanguage\":\"es\",\"@id\":\"https:\/\/360aestheticsmedspa.com\/fillers\/under-eyes-fillers\/#primaryimage\",\"url\":\"https:\/\/360aestheticsmedspa.com\/wp-content\/uploads\/2023\/09\/producto02.jpeg\",\"contentUrl\":\"https:\/\/360aestheticsmedspa.com\/wp-content\/uploads\/2023\/09\/producto02.jpeg\"},{\"@type\":\"BreadcrumbList\",\"@id\":\"https:\/\/360aestheticsmedspa.com\/fillers\/under-eyes-fillers\/#breadcrumb\",\"itemListElement\":[{\"@type\":\"ListItem\",\"position\":1,\"name\":\"Home\",\"item\":\"https:\/\/360aestheticsmedspa.com\/\"},{\"@type\":\"ListItem\",\"position\":2,\"name\":\"Fillers\",\"item\":\"https:\/\/360aestheticsmedspa.com\/fillers\/\"},{\"@type\":\"ListItem\",\"position\":3,\"name\":\"Under eyes Fillers\"}]},{\"@type\":\"WebSite\",\"@id\":\"https:\/\/360aestheticsmedspa.com\/#website\",\"url\":\"https:\/\/360aestheticsmedspa.com\/\",\"name\":\"360\",\"description\":\"Aesthetics\",\"potentialAction\":[{\"@type\":\"SearchAction\",\"target\":{\"@type\":\"EntryPoint\",\"urlTemplate\":\"https:\/\/360aestheticsmedspa.com\/?s={search_term_string}\"},\"query-input\":{\"@type\":\"PropertyValueSpecification\",\"valueRequired\":true,\"valueName\":\"search_term_string\"}}],\"inLanguage\":\"es\"}]}<\/script>\n<!-- \/ Yoast SEO plugin. -->","yoast_head_json":{"title":"Under eyes Fillers - 360","robots":{"index":"index","follow":"follow","max-snippet":"max-snippet:-1","max-image-preview":"max-image-preview:large","max-video-preview":"max-video-preview:-1"},"canonical":"https:\/\/360aestheticsmedspa.com\/es\/fillers\/under-eyes-fillers\/","og_locale":"es_MX","og_type":"article","og_title":"Under eyes Fillers - 360","og_description":"Under eyes Fillers Brighten Your Eyes and Reduce Dark Circles with Under Eye Fillers at 360 Aesthetics Clinic Minimize the appearance of dark circles and rejuvenate your under-eye area with under eye fillers at 360 Aesthetics Clinic. Our skilled specialists use advanced techniques and premium fillers to help you achieve a refreshed and youthful look. [&hellip;]","og_url":"https:\/\/360aestheticsmedspa.com\/es\/fillers\/under-eyes-fillers\/","og_site_name":"360","article_modified_time":"2023-09-06T22:53:32+00:00","og_image":[{"url":"https:\/\/360aestheticsmedspa.com\/wp-content\/uploads\/2023\/09\/producto02.jpeg","type":"","width":"","height":""}],"twitter_card":"summary_large_image","twitter_misc":{"Tiempo de lectura":"2 minutos"},"schema":{"@context":"https:\/\/schema.org","@graph":[{"@type":"WebPage","@id":"https:\/\/360aestheticsmedspa.com\/fillers\/under-eyes-fillers\/","url":"https:\/\/360aestheticsmedspa.com\/fillers\/under-eyes-fillers\/","name":"Under eyes Fillers - 360","isPartOf":{"@id":"https:\/\/360aestheticsmedspa.com\/#website"},"primaryImageOfPage":{"@id":"https:\/\/360aestheticsmedspa.com\/fillers\/under-eyes-fillers\/#primaryimage"},"image":{"@id":"https:\/\/360aestheticsmedspa.com\/fillers\/under-eyes-fillers\/#primaryimage"},"thumbnailUrl":"https:\/\/360aestheticsmedspa.com\/wp-content\/uploads\/2023\/09\/producto02.jpeg","datePublished":"2023-06-08T17:20:38+00:00","dateModified":"2023-09-06T22:53:32+00:00","breadcrumb":{"@id":"https:\/\/360aestheticsmedspa.com\/fillers\/under-eyes-fillers\/#breadcrumb"},"inLanguage":"es","potentialAction":[{"@type":"ReadAction","target":["https:\/\/360aestheticsmedspa.com\/fillers\/under-eyes-fillers\/"]}]},{"@type":"ImageObject","inLanguage":"es","@id":"https:\/\/360aestheticsmedspa.com\/fillers\/under-eyes-fillers\/#primaryimage","url":"https:\/\/360aestheticsmedspa.com\/wp-content\/uploads\/2023\/09\/producto02.jpeg","contentUrl":"https:\/\/360aestheticsmedspa.com\/wp-content\/uploads\/2023\/09\/producto02.jpeg"},{"@type":"BreadcrumbList","@id":"https:\/\/360aestheticsmedspa.com\/fillers\/under-eyes-fillers\/#breadcrumb","itemListElement":[{"@type":"ListItem","position":1,"name":"Home","item":"https:\/\/360aestheticsmedspa.com\/"},{"@type":"ListItem","position":2,"name":"Fillers","item":"https:\/\/360aestheticsmedspa.com\/fillers\/"},{"@type":"ListItem","position":3,"name":"Under eyes Fillers"}]},{"@type":"WebSite","@id":"https:\/\/360aestheticsmedspa.com\/#website","url":"https:\/\/360aestheticsmedspa.com\/","name":"360","description":"Aesthetics","potentialAction":[{"@type":"SearchAction","target":{"@type":"EntryPoint","urlTemplate":"https:\/\/360aestheticsmedspa.com\/?s={search_term_string}"},"query-input":{"@type":"PropertyValueSpecification","valueRequired":true,"valueName":"search_term_string"}}],"inLanguage":"es"}]}},"_links":{"self":[{"href":"https:\/\/360aestheticsmedspa.com\/es\/wp-json\/wp\/v2\/pages\/329","targetHints":{"allow":["GET"]}}],"collection":[{"href":"https:\/\/360aestheticsmedspa.com\/es\/wp-json\/wp\/v2\/pages"}],"about":[{"href":"https:\/\/360aestheticsmedspa.com\/es\/wp-json\/wp\/v2\/types\/page"}],"author":[{"embeddable":true,"href":"https:\/\/360aestheticsmedspa.com\/es\/wp-json\/wp\/v2\/users\/1"}],"replies":[{"embeddable":true,"href":"https:\/\/360aestheticsmedspa.com\/es\/wp-json\/wp\/v2\/comments?post=329"}],"version-history":[{"count":0,"href":"https:\/\/360aestheticsmedspa.com\/es\/wp-json\/wp\/v2\/pages\/329\/revisions"}],"up":[{"embeddable":true,"href":"https:\/\/360aestheticsmedspa.com\/es\/wp-json\/wp\/v2\/pages\/146"}],"wp:attachment":[{"href":"https:\/\/360aestheticsmedspa.com\/es\/wp-json\/wp\/v2\/media?parent=329"}],"curies":[{"name":"wp","href":"https:\/\/api.w.org\/{rel}","templated":true}]}}