{"id":1444,"date":"2023-09-04T16:29:41","date_gmt":"2023-09-04T16:29:41","guid":{"rendered":"https:\/\/360aestheticsmedspa.com\/?page_id=1444"},"modified":"2023-09-04T16:55:08","modified_gmt":"2023-09-04T16:55:08","slug":"prp-facial","status":"publish","type":"page","link":"https:\/\/360aestheticsmedspa.com\/es\/prp-facial\/","title":{"rendered":"PRP facial\u00a0"},"content":{"rendered":"<div data-elementor-type=\"wp-page\" data-elementor-id=\"1444\" class=\"elementor elementor-1444\" data-elementor-post-type=\"page\">\n\t\t\t\t\t\t<section class=\"elementor-section elementor-top-section elementor-element elementor-element-8f09806 elementor-section-boxed elementor-section-height-default elementor-section-height-default\" data-id=\"8f09806\" data-element_type=\"section\">\n\t\t\t\t\t\t<div class=\"elementor-container elementor-column-gap-default\">\n\t\t\t\t\t<div class=\"elementor-column elementor-col-100 elementor-top-column elementor-element elementor-element-d57ed67\" data-id=\"d57ed67\" data-element_type=\"column\">\n\t\t\t<div class=\"elementor-widget-wrap elementor-element-populated\">\n\t\t\t\t\t\t<div class=\"elementor-element elementor-element-7a3ce84 elementor-widget elementor-widget-heading\" data-id=\"7a3ce84\" data-element_type=\"widget\" data-widget_type=\"heading.default\">\n\t\t\t\t<div class=\"elementor-widget-container\">\n\t\t\t\t\t<p class=\"elementor-heading-title elementor-size-default\">PRP facial \n<\/p>\t\t\t\t<\/div>\n\t\t\t\t<\/div>\n\t\t\t\t<div class=\"elementor-element elementor-element-a03e541 elementor-widget elementor-widget-text-editor\" data-id=\"a03e541\" data-element_type=\"widget\" data-widget_type=\"text-editor.default\">\n\t\t\t\t<div class=\"elementor-widget-container\">\n\t\t\t\t\t\t\t\t\t<div class=\"zw-line-div\"><div class=\"zw-line-content\">Experimenta el poder rejuvenecedor del PRP Facial en nuestra cl\u00ednica de \u00faltima generaci\u00f3n. Nuestro h\u00e1bil equipo de expertos utiliza las t\u00e9cnicas m\u00e1s avanzadas para aprovechar el potencial regenerativo de tu propia sangre, ayud\u00e1ndote a lograr una tez radiante y juvenil. El PRP Facial, tambi\u00e9n conocido como el \"Facial de Vampiro\", es un tratamiento seguro y no quir\u00fargico que puede abordar una variedad de preocupaciones relacionadas con el cuidado de la piel, como l\u00edneas finas, arrugas, cicatrices de acn\u00e9 y tono de piel desigual. Descubre la mejora natural de la belleza que ha sido favorecida tanto por celebridades como por entusiastas de la belleza. Agenda tu consulta hoy mismo y descubre el secreto de la belleza atemporal con el PRP Facial.<\/div><\/div>\t\t\t\t\t\t\t\t<\/div>\n\t\t\t\t<\/div>\n\t\t\t\t<div class=\"elementor-element elementor-element-4a884b3 elementor-widget elementor-widget-spacer\" data-id=\"4a884b3\" data-element_type=\"widget\" data-widget_type=\"spacer.default\">\n\t\t\t\t<div class=\"elementor-widget-container\">\n\t\t\t\t\t\t\t<div class=\"elementor-spacer\">\n\t\t\t<div class=\"elementor-spacer-inner\"><\/div>\n\t\t<\/div>\n\t\t\t\t\t\t<\/div>\n\t\t\t\t<\/div>\n\t\t\t\t\t<\/div>\n\t\t<\/div>\n\t\t\t\t\t<\/div>\n\t\t<\/section>\n\t\t\t\t<\/div>","protected":false},"excerpt":{"rendered":"<p>PRP facial Experience the rejuvenating power of PRP Facial at our state-of-the-art clinic. Our skilled team of experts uses the latest techniques to harness the regenerative potential of your own blood, helping you achieve a radiant and youthful complexion. PRP Facial, also known as the &#8220;Vampire Facial,&#8221; is a safe and non-surgical treatment that can [&hellip;]<\/p>","protected":false},"author":1,"featured_media":0,"parent":0,"menu_order":0,"comment_status":"closed","ping_status":"closed","template":"elementor_header_footer","meta":{"_joinchat":[],"footnotes":""},"class_list":["post-1444","page","type-page","status-publish","hentry"],"yoast_head":"<!-- This site is optimized with the Yoast SEO plugin v25.5 - https:\/\/yoast.com\/wordpress\/plugins\/seo\/ -->\n<title>PRP facial\u00a0 - 360<\/title>\n<meta name=\"robots\" content=\"index, follow, max-snippet:-1, max-image-preview:large, max-video-preview:-1\" \/>\n<link rel=\"canonical\" href=\"https:\/\/360aestheticsmedspa.com\/es\/prp-facial\/\" \/>\n<meta property=\"og:locale\" content=\"es_MX\" \/>\n<meta property=\"og:type\" content=\"article\" \/>\n<meta property=\"og:title\" content=\"PRP facial\u00a0 - 360\" \/>\n<meta property=\"og:description\" content=\"PRP facial Experience the rejuvenating power of PRP Facial at our state-of-the-art clinic. Our skilled team of experts uses the latest techniques to harness the regenerative potential of your own blood, helping you achieve a radiant and youthful complexion. PRP Facial, also known as the &#8220;Vampire Facial,&#8221; is a safe and non-surgical treatment that can [&hellip;]\" \/>\n<meta property=\"og:url\" content=\"https:\/\/360aestheticsmedspa.com\/es\/prp-facial\/\" \/>\n<meta property=\"og:site_name\" content=\"360\" \/>\n<meta property=\"article:modified_time\" content=\"2023-09-04T16:55:08+00:00\" \/>\n<meta name=\"twitter:card\" content=\"summary_large_image\" \/>\n<meta name=\"twitter:label1\" content=\"Tiempo de lectura\" \/>\n\t<meta name=\"twitter:data1\" content=\"1 minuto\" \/>\n<script type=\"application\/ld+json\" class=\"yoast-schema-graph\">{\"@context\":\"https:\/\/schema.org\",\"@graph\":[{\"@type\":\"WebPage\",\"@id\":\"https:\/\/360aestheticsmedspa.com\/prp-facial\/\",\"url\":\"https:\/\/360aestheticsmedspa.com\/prp-facial\/\",\"name\":\"PRP facial\u00a0 - 360\",\"isPartOf\":{\"@id\":\"https:\/\/360aestheticsmedspa.com\/#website\"},\"datePublished\":\"2023-09-04T16:29:41+00:00\",\"dateModified\":\"2023-09-04T16:55:08+00:00\",\"breadcrumb\":{\"@id\":\"https:\/\/360aestheticsmedspa.com\/prp-facial\/#breadcrumb\"},\"inLanguage\":\"es\",\"potentialAction\":[{\"@type\":\"ReadAction\",\"target\":[\"https:\/\/360aestheticsmedspa.com\/prp-facial\/\"]}]},{\"@type\":\"BreadcrumbList\",\"@id\":\"https:\/\/360aestheticsmedspa.com\/prp-facial\/#breadcrumb\",\"itemListElement\":[{\"@type\":\"ListItem\",\"position\":1,\"name\":\"Home\",\"item\":\"https:\/\/360aestheticsmedspa.com\/\"},{\"@type\":\"ListItem\",\"position\":2,\"name\":\"PRP facial\u00a0\"}]},{\"@type\":\"WebSite\",\"@id\":\"https:\/\/360aestheticsmedspa.com\/#website\",\"url\":\"https:\/\/360aestheticsmedspa.com\/\",\"name\":\"360\",\"description\":\"Aesthetics\",\"potentialAction\":[{\"@type\":\"SearchAction\",\"target\":{\"@type\":\"EntryPoint\",\"urlTemplate\":\"https:\/\/360aestheticsmedspa.com\/?s={search_term_string}\"},\"query-input\":{\"@type\":\"PropertyValueSpecification\",\"valueRequired\":true,\"valueName\":\"search_term_string\"}}],\"inLanguage\":\"es\"}]}<\/script>\n<!-- \/ Yoast SEO plugin. -->","yoast_head_json":{"title":"PRP facial\u00a0 - 360","robots":{"index":"index","follow":"follow","max-snippet":"max-snippet:-1","max-image-preview":"max-image-preview:large","max-video-preview":"max-video-preview:-1"},"canonical":"https:\/\/360aestheticsmedspa.com\/es\/prp-facial\/","og_locale":"es_MX","og_type":"article","og_title":"PRP facial\u00a0 - 360","og_description":"PRP facial Experience the rejuvenating power of PRP Facial at our state-of-the-art clinic. Our skilled team of experts uses the latest techniques to harness the regenerative potential of your own blood, helping you achieve a radiant and youthful complexion. PRP Facial, also known as the &#8220;Vampire Facial,&#8221; is a safe and non-surgical treatment that can [&hellip;]","og_url":"https:\/\/360aestheticsmedspa.com\/es\/prp-facial\/","og_site_name":"360","article_modified_time":"2023-09-04T16:55:08+00:00","twitter_card":"summary_large_image","twitter_misc":{"Tiempo de lectura":"1 minuto"},"schema":{"@context":"https:\/\/schema.org","@graph":[{"@type":"WebPage","@id":"https:\/\/360aestheticsmedspa.com\/prp-facial\/","url":"https:\/\/360aestheticsmedspa.com\/prp-facial\/","name":"PRP facial\u00a0 - 360","isPartOf":{"@id":"https:\/\/360aestheticsmedspa.com\/#website"},"datePublished":"2023-09-04T16:29:41+00:00","dateModified":"2023-09-04T16:55:08+00:00","breadcrumb":{"@id":"https:\/\/360aestheticsmedspa.com\/prp-facial\/#breadcrumb"},"inLanguage":"es","potentialAction":[{"@type":"ReadAction","target":["https:\/\/360aestheticsmedspa.com\/prp-facial\/"]}]},{"@type":"BreadcrumbList","@id":"https:\/\/360aestheticsmedspa.com\/prp-facial\/#breadcrumb","itemListElement":[{"@type":"ListItem","position":1,"name":"Home","item":"https:\/\/360aestheticsmedspa.com\/"},{"@type":"ListItem","position":2,"name":"PRP facial\u00a0"}]},{"@type":"WebSite","@id":"https:\/\/360aestheticsmedspa.com\/#website","url":"https:\/\/360aestheticsmedspa.com\/","name":"360","description":"Aesthetics","potentialAction":[{"@type":"SearchAction","target":{"@type":"EntryPoint","urlTemplate":"https:\/\/360aestheticsmedspa.com\/?s={search_term_string}"},"query-input":{"@type":"PropertyValueSpecification","valueRequired":true,"valueName":"search_term_string"}}],"inLanguage":"es"}]}},"_links":{"self":[{"href":"https:\/\/360aestheticsmedspa.com\/es\/wp-json\/wp\/v2\/pages\/1444","targetHints":{"allow":["GET"]}}],"collection":[{"href":"https:\/\/360aestheticsmedspa.com\/es\/wp-json\/wp\/v2\/pages"}],"about":[{"href":"https:\/\/360aestheticsmedspa.com\/es\/wp-json\/wp\/v2\/types\/page"}],"author":[{"embeddable":true,"href":"https:\/\/360aestheticsmedspa.com\/es\/wp-json\/wp\/v2\/users\/1"}],"replies":[{"embeddable":true,"href":"https:\/\/360aestheticsmedspa.com\/es\/wp-json\/wp\/v2\/comments?post=1444"}],"version-history":[{"count":0,"href":"https:\/\/360aestheticsmedspa.com\/es\/wp-json\/wp\/v2\/pages\/1444\/revisions"}],"wp:attachment":[{"href":"https:\/\/360aestheticsmedspa.com\/es\/wp-json\/wp\/v2\/media?parent=1444"}],"curies":[{"name":"wp","href":"https:\/\/api.w.org\/{rel}","templated":true}]}}