{"id":1433,"date":"2023-09-04T16:20:35","date_gmt":"2023-09-04T16:20:35","guid":{"rendered":"https:\/\/360aestheticsmedspa.com\/?page_id=1433"},"modified":"2023-09-04T16:24:21","modified_gmt":"2023-09-04T16:24:21","slug":"coolsculpting","status":"publish","type":"page","link":"https:\/\/360aestheticsmedspa.com\/es\/coolsculpting\/","title":{"rendered":"Coolsculpting"},"content":{"rendered":"<div data-elementor-type=\"wp-page\" data-elementor-id=\"1433\" class=\"elementor elementor-1433\" data-elementor-post-type=\"page\">\n\t\t\t\t\t\t<section class=\"elementor-section elementor-top-section elementor-element elementor-element-7e98444 elementor-section-boxed elementor-section-height-default elementor-section-height-default\" data-id=\"7e98444\" data-element_type=\"section\">\n\t\t\t\t\t\t<div class=\"elementor-container elementor-column-gap-default\">\n\t\t\t\t\t<div class=\"elementor-column elementor-col-100 elementor-top-column elementor-element elementor-element-ca2e4e9\" data-id=\"ca2e4e9\" data-element_type=\"column\">\n\t\t\t<div class=\"elementor-widget-wrap elementor-element-populated\">\n\t\t\t\t\t\t<div class=\"elementor-element elementor-element-e10f5aa elementor-widget elementor-widget-heading\" data-id=\"e10f5aa\" data-element_type=\"widget\" data-widget_type=\"heading.default\">\n\t\t\t\t<div class=\"elementor-widget-container\">\n\t\t\t\t\t<p class=\"elementor-heading-title elementor-size-default\">Coolsculpting<\/p>\t\t\t\t<\/div>\n\t\t\t\t<\/div>\n\t\t\t\t<div class=\"elementor-element elementor-element-b43b533 elementor-widget elementor-widget-text-editor\" data-id=\"b43b533\" data-element_type=\"widget\" data-widget_type=\"text-editor.default\">\n\t\t\t\t<div class=\"elementor-widget-container\">\n\t\t\t\t\t\t\t\t\t<div class=\"zw-line-div\"><div class=\"zw-line-content\"><span class=\"EOP-readonly EOP\">Cool Sculping utiliza el fr\u00edo para eliminar el exceso de grasa corporal, apuntando a las zonas donde se encuentra la grasa no deseada y aplicando una ola de fr\u00edo que la destruye bajando su temperatura hasta descomponerla. <\/span><\/div><\/div>\t\t\t\t\t\t\t\t<\/div>\n\t\t\t\t<\/div>\n\t\t\t\t<div class=\"elementor-element elementor-element-e279d96 elementor-widget elementor-widget-heading\" data-id=\"e279d96\" data-element_type=\"widget\" data-widget_type=\"heading.default\">\n\t\t\t\t<div class=\"elementor-widget-container\">\n\t\t\t\t\t<p class=\"elementor-heading-title elementor-size-default\">\u00bfC\u00f3mo es el tratamiento Coolsculpting? <\/p>\t\t\t\t<\/div>\n\t\t\t\t<\/div>\n\t\t\t\t<div class=\"elementor-element elementor-element-3fd2a0d elementor-widget elementor-widget-text-editor\" data-id=\"3fd2a0d\" data-element_type=\"widget\" data-widget_type=\"text-editor.default\">\n\t\t\t\t<div class=\"elementor-widget-container\">\n\t\t\t\t\t\t\t\t\t<p><span style=\"font-weight: 400;\">Coolsculpting o criolip\u00f3lisis es una liposucci\u00f3n sin cirug\u00eda. El especialista utiliza un dispositivo que se aplica sobre la piel y que env\u00eda ondas de fr\u00edo para \u201ccongelar\u201d las bolas de grasa acumuladas.<\/span><\/p><p><span style=\"font-weight: 400;\">La baja temperatura degrada y descompone los tejidos grasos, que el cuerpo desecha de forma natural.<\/span><\/p><p><span style=\"font-weight: 400;\">Los pacientes pueden continuar con sus actividades normales despu\u00e9s de un procedimiento indoloro en el consultorio.<\/span><\/p>\t\t\t\t\t\t\t\t<\/div>\n\t\t\t\t<\/div>\n\t\t\t\t<section class=\"elementor-section elementor-inner-section elementor-element elementor-element-da3fc81 elementor-section-boxed elementor-section-height-default elementor-section-height-default\" data-id=\"da3fc81\" data-element_type=\"section\">\n\t\t\t\t\t\t<div class=\"elementor-container elementor-column-gap-default\">\n\t\t\t\t\t<div class=\"elementor-column elementor-col-50 elementor-inner-column elementor-element elementor-element-843c14b\" data-id=\"843c14b\" data-element_type=\"column\">\n\t\t\t<div class=\"elementor-widget-wrap elementor-element-populated\">\n\t\t\t\t\t\t<div class=\"elementor-element elementor-element-5c5d45f elementor-widget elementor-widget-text-editor\" data-id=\"5c5d45f\" data-element_type=\"widget\" data-widget_type=\"text-editor.default\">\n\t\t\t\t<div class=\"elementor-widget-container\">\n\t\t\t\t\t\t\t\t\t<p style=\"text-align: left;\"><strong>Usted debe saber:<\/strong><\/p><ul style=\"text-align: left;\"><li style=\"font-weight: 400;\" aria-level=\"1\"><span style=\"font-weight: 400;\">El especialista tomar\u00e1 una medida del porcentaje de grasa localizada, para saber cu\u00e1ntas sesiones ser\u00e1n necesarias y qu\u00e9 resultados esperar.<\/span><\/li><li style=\"font-weight: 400;\" aria-level=\"1\"><span style=\"font-weight: 400;\">Usted se acostar\u00e1 c\u00f3modamente y su m\u00e9dico trazar\u00e1 con un bol\u00edgrafo las \u00e1reas a tratar.<\/span><\/li><li style=\"font-weight: 400;\" aria-level=\"1\"><span style=\"font-weight: 400;\">Estar\u00e1 protegido por una almohadilla de gel sobre su piel antes de aplicar una paleta en el \u00e1rea de tratamiento.<\/span><\/li><li style=\"font-weight: 400;\" aria-level=\"1\"><span style=\"font-weight: 400;\">El tratamiento genera m\u00ednimas molestias, por lo que no es necesario el uso de ning\u00fan anest\u00e9sico en la zona de aplicaci\u00f3n.<\/span><\/li><li style=\"font-weight: 400;\" aria-level=\"1\"><span style=\"font-weight: 400;\">Coolsculpting estira la piel, algunos efectos son visibles casi inmediatamente cuando la piel recupera su temperatura y se puede sentir suavidad y elasticidad.\u00a0<\/span><\/li><li style=\"font-weight: 400;\" aria-level=\"1\"><span style=\"font-weight: 400;\">El cuerpo desecha la grasa de forma natural, por lo que es necesario esperar entre dos y tres semanas para ver el resultado completo.<\/span><\/li><\/ul>\t\t\t\t\t\t\t\t<\/div>\n\t\t\t\t<\/div>\n\t\t\t\t\t<\/div>\n\t\t<\/div>\n\t\t\t\t<div class=\"elementor-column elementor-col-50 elementor-inner-column elementor-element elementor-element-543da20\" data-id=\"543da20\" data-element_type=\"column\">\n\t\t\t<div class=\"elementor-widget-wrap elementor-element-populated\">\n\t\t\t\t\t\t<div class=\"elementor-element elementor-element-1c4d195 elementor-widget elementor-widget-text-editor\" data-id=\"1c4d195\" data-element_type=\"widget\" data-widget_type=\"text-editor.default\">\n\t\t\t\t<div class=\"elementor-widget-container\">\n\t\t\t\t\t\t\t\t\t<p style=\"text-align: left;\"><b>\u00c1reas de aplicaci\u00f3n<\/b><\/p><p style=\"text-align: left;\"><span style=\"font-weight: 400;\">Las \u00e1reas de aplicaci\u00f3n m\u00e1s comunes son:<\/span><\/p><p style=\"text-align: left;\"><span style=\"font-weight: 400;\">- Abdomen.<\/span><\/p><p style=\"text-align: left;\"><span style=\"font-weight: 400;\">-Flancos (michelines).<\/span><\/p><p style=\"text-align: left;\"><span style=\"font-weight: 400;\">- Buen ca\u00f1\u00f3n.<\/span><\/p><p style=\"text-align: left;\"><span style=\"font-weight: 400;\">-Muslos internos y externos.<\/span><\/p><p style=\"text-align: left;\"><span style=\"font-weight: 400;\">-Grasa trasera.<\/span><\/p><p style=\"text-align: left;\"><span style=\"font-weight: 400;\">-Parte superior de los brazos.<\/span><\/p><p style=\"text-align: left;\"><span style=\"font-weight: 400;\">-Rollos de gl\u00fateos (rollitos de pl\u00e1tano).<\/span><\/p>\t\t\t\t\t\t\t\t<\/div>\n\t\t\t\t<\/div>\n\t\t\t\t\t<\/div>\n\t\t<\/div>\n\t\t\t\t\t<\/div>\n\t\t<\/section>\n\t\t\t\t\t<\/div>\n\t\t<\/div>\n\t\t\t\t\t<\/div>\n\t\t<\/section>\n\t\t\t\t<section class=\"elementor-section elementor-top-section elementor-element elementor-element-84153d5 elementor-section-full_width elementor-section-height-default elementor-section-height-default\" data-id=\"84153d5\" data-element_type=\"section\" data-settings=\"{&quot;background_background&quot;:&quot;classic&quot;}\">\n\t\t\t\t\t\t<div class=\"elementor-container elementor-column-gap-no\">\n\t\t\t\t\t<div class=\"elementor-column elementor-col-50 elementor-top-column elementor-element elementor-element-4c1d632\" data-id=\"4c1d632\" data-element_type=\"column\" data-settings=\"{&quot;background_background&quot;:&quot;classic&quot;}\">\n\t\t\t<div class=\"elementor-widget-wrap elementor-element-populated\">\n\t\t\t\t\t\t<div class=\"elementor-element elementor-element-c387d41 elementor-widget elementor-widget-image\" data-id=\"c387d41\" data-element_type=\"widget\" data-widget_type=\"image.default\">\n\t\t\t\t<div class=\"elementor-widget-container\">\n\t\t\t\t\t\t\t\t\t\t\t\t\t\t\t<img fetchpriority=\"high\" decoding=\"async\" width=\"800\" height=\"800\" src=\"https:\/\/360aestheticsmedspa.com\/wp-content\/uploads\/2023\/09\/POST-SCULPT-YOUR-BODY.jpg\" class=\"attachment-large size-large wp-image-1439\" alt=\"\" srcset=\"https:\/\/360aestheticsmedspa.com\/wp-content\/uploads\/2023\/09\/POST-SCULPT-YOUR-BODY.jpg 900w, https:\/\/360aestheticsmedspa.com\/wp-content\/uploads\/2023\/09\/POST-SCULPT-YOUR-BODY-300x300.jpg 300w, https:\/\/360aestheticsmedspa.com\/wp-content\/uploads\/2023\/09\/POST-SCULPT-YOUR-BODY-150x150.jpg 150w, https:\/\/360aestheticsmedspa.com\/wp-content\/uploads\/2023\/09\/POST-SCULPT-YOUR-BODY-768x768.jpg 768w, https:\/\/360aestheticsmedspa.com\/wp-content\/uploads\/2023\/09\/POST-SCULPT-YOUR-BODY-12x12.jpg 12w\" sizes=\"(max-width: 800px) 100vw, 800px\" \/>\t\t\t\t\t\t\t\t\t\t\t\t\t\t\t<\/div>\n\t\t\t\t<\/div>\n\t\t\t\t\t<\/div>\n\t\t<\/div>\n\t\t\t\t<div class=\"elementor-column elementor-col-50 elementor-top-column elementor-element elementor-element-a67bce5\" data-id=\"a67bce5\" data-element_type=\"column\">\n\t\t\t<div class=\"elementor-widget-wrap elementor-element-populated\">\n\t\t\t\t\t\t<div class=\"elementor-element elementor-element-d59e256 elementor-widget elementor-widget-heading\" data-id=\"d59e256\" data-element_type=\"widget\" data-widget_type=\"heading.default\">\n\t\t\t\t<div class=\"elementor-widget-container\">\n\t\t\t\t\t<p class=\"elementor-heading-title elementor-size-default\">\u00bfC\u00f3mo funciona?<\/p>\t\t\t\t<\/div>\n\t\t\t\t<\/div>\n\t\t\t\t<div class=\"elementor-element elementor-element-7918981 elementor-widget elementor-widget-text-editor\" data-id=\"7918981\" data-element_type=\"widget\" data-widget_type=\"text-editor.default\">\n\t\t\t\t<div class=\"elementor-widget-container\">\n\t\t\t\t\t\t\t\t\t<div class=\"sqs-block-content\"><ul><li style=\"font-weight: 400; text-align: left;\" aria-level=\"1\"><span style=\"font-weight: 400;\">Las bajas temperaturas \u201ccongelan\u201d y destruyen la grasa, que el cuerpo elimina por medios naturales.<\/span><\/li><li style=\"font-weight: 400; text-align: left;\" aria-level=\"1\"><span style=\"font-weight: 400;\">Mientras que otros sistemas utilizan calor para quemar el exceso de grasa corporal, Coolsculpt utiliza fr\u00edo.<\/span><\/li><li style=\"font-weight: 400; text-align: left;\" aria-level=\"1\"><span style=\"font-weight: 400;\">El sistema de enfriamiento rompe las c\u00e9lulas que forman los tejidos grasos, sin efectos secundarios.<\/span><\/li><li style=\"font-weight: 400; text-align: left;\" aria-level=\"1\"><span style=\"font-weight: 400;\">Cada sesi\u00f3n tiene una duraci\u00f3n de 30 minutos a una hora, seg\u00fan la recomendaci\u00f3n del m\u00e9dico.\u00a0<\/span><\/li><li style=\"font-weight: 400; text-align: left;\" aria-level=\"1\"><span style=\"font-weight: 400;\">No hay molestias excepto una sensaci\u00f3n de fr\u00edo al inicio del tratamiento.<\/span><\/li><li style=\"font-weight: 400; text-align: left;\" aria-level=\"1\"><span style=\"font-weight: 400;\">No se requiere medicaci\u00f3n ni anestesia.<\/span><\/li><li style=\"font-weight: 400; text-align: left;\" aria-level=\"1\"><span style=\"font-weight: 400;\">El paciente puede reincorporarse a sus actividades habituales inmediatamente despu\u00e9s del tratamiento, sin ninguna contraindicaci\u00f3n.<\/span><\/li><li style=\"font-weight: 400; text-align: left;\" aria-level=\"1\"><span style=\"font-weight: 400;\">El metabolismo del cuerpo elimina la grasa, por eso puedes ver los resultados de cuatro a seis semanas.<\/span><\/li><li style=\"font-weight: 400; text-align: left;\" aria-level=\"1\"><span style=\"font-weight: 400;\">El n\u00famero de sesiones depende de las zonas a tratar y del volumen de grasa acumulada.<\/span><\/li><li style=\"font-weight: 400; text-align: left;\" aria-level=\"1\"><span style=\"font-weight: 400;\">Los m\u00e9dicos no recomiendan Coolsculpting para pacientes que sufren de obesidad sino para dep\u00f3sitos de grasa localizados.<\/span><\/li><li style=\"font-weight: 400; text-align: left;\" aria-level=\"1\"><span style=\"font-weight: 400;\">Coolsculpting ayuda a prevenir y tratar la celulitis.<\/span><\/li><li style=\"font-weight: 400; text-align: left;\" aria-level=\"1\"><span style=\"font-weight: 400;\">Habitualmente se requieren aproximadamente tres sesiones al a\u00f1o, con un periodo de un mes entre ellas.<\/span><\/li><li style=\"font-weight: 400; text-align: left;\" aria-level=\"1\"><span style=\"font-weight: 400;\">Cuando vea los resultados, se sentir\u00e1 motivado a mantenerlos con un estilo de vida saludable.<\/span><\/li><\/ul><\/div>\t\t\t\t\t\t\t\t<\/div>\n\t\t\t\t<\/div>\n\t\t\t\t\t<\/div>\n\t\t<\/div>\n\t\t\t\t\t<\/div>\n\t\t<\/section>\n\t\t\t\t<section class=\"elementor-section elementor-top-section elementor-element elementor-element-a7d009d elementor-section-boxed elementor-section-height-default elementor-section-height-default\" data-id=\"a7d009d\" data-element_type=\"section\">\n\t\t\t\t\t\t<div class=\"elementor-container elementor-column-gap-default\">\n\t\t\t\t\t<div class=\"elementor-column elementor-col-100 elementor-top-column elementor-element elementor-element-8edc003\" data-id=\"8edc003\" data-element_type=\"column\">\n\t\t\t<div class=\"elementor-widget-wrap elementor-element-populated\">\n\t\t\t\t\t\t<div class=\"elementor-element elementor-element-7b00b8a elementor-widget elementor-widget-heading\" data-id=\"7b00b8a\" data-element_type=\"widget\" data-widget_type=\"heading.default\">\n\t\t\t\t<div class=\"elementor-widget-container\">\n\t\t\t\t\t<p class=\"elementor-heading-title elementor-size-default\">\u00bfEres candidato?<\/p>\t\t\t\t<\/div>\n\t\t\t\t<\/div>\n\t\t\t\t<div class=\"elementor-element elementor-element-e46b5e2 elementor-widget elementor-widget-text-editor\" data-id=\"e46b5e2\" data-element_type=\"widget\" data-widget_type=\"text-editor.default\">\n\t\t\t\t<div class=\"elementor-widget-container\">\n\t\t\t\t\t\t\t\t\t<div class=\"sqs-block-content\"><p style=\"text-align: center;\"><span style=\"font-weight: 400;\">Consulta con tu m\u00e9dico para conseguir el mejor tratamiento para eliminar los dep\u00f3sitos de grasa.\u00a0<\/span><\/p><p style=\"text-align: center;\"><span style=\"font-weight: 400;\">Para obtener mejores resultados, debes mantener tu peso habitual y un \u00edndice de masa (IMC) inferior a 25.\u00a0<\/span><\/p><p style=\"text-align: left;\"><strong>No puedes hacerlo si:<\/strong><\/p><p style=\"text-align: left;\"><span style=\"font-weight: 400;\">-Si tienes heridas o cortes o cualquier otro problema en la piel. Debe esperar hasta que esas condiciones se curen.<\/span><\/p><p style=\"text-align: left;\"><span style=\"font-weight: 400;\">-Est\u00e1s embarazada o amamantando\u00a0<\/span><\/p><p style=\"text-align: left;\"><span style=\"font-weight: 400;\">-Tiene alguna condici\u00f3n de mala circulaci\u00f3n.<\/span><\/p><h4 style=\"text-align: center;\"><span style=\"font-weight: 400;\">Informe a su m\u00e9dico cualquier afecci\u00f3n que pueda tener para encontrar el mejor tratamiento para usted.<\/span><\/h4><\/div>\t\t\t\t\t\t\t\t<\/div>\n\t\t\t\t<\/div>\n\t\t\t\t\t<\/div>\n\t\t<\/div>\n\t\t\t\t\t<\/div>\n\t\t<\/section>\n\t\t\t\t<\/div>","protected":false},"excerpt":{"rendered":"<p>Coolsculpting Cool Sculping uses cold to eliminate excess body fat, targeting the areas where unwanted fat is found and applying a wave of cold that destroys it by lowering its temperature until it breaks down. How is the Coolsculpting treatment? Coolsculpting or cryolipolysis is liposuction without surgery. The specialist uses a device applied to the [&hellip;]<\/p>","protected":false},"author":1,"featured_media":0,"parent":0,"menu_order":0,"comment_status":"closed","ping_status":"closed","template":"elementor_header_footer","meta":{"_joinchat":[],"footnotes":""},"class_list":["post-1433","page","type-page","status-publish","hentry"],"yoast_head":"<!-- This site is optimized with the Yoast SEO plugin v25.5 - https:\/\/yoast.com\/wordpress\/plugins\/seo\/ -->\n<title>Coolsculpting - 360<\/title>\n<meta name=\"robots\" content=\"index, follow, max-snippet:-1, max-image-preview:large, max-video-preview:-1\" \/>\n<link rel=\"canonical\" href=\"https:\/\/360aestheticsmedspa.com\/es\/coolsculpting\/\" \/>\n<meta property=\"og:locale\" content=\"es_MX\" \/>\n<meta property=\"og:type\" content=\"article\" \/>\n<meta property=\"og:title\" content=\"Coolsculpting - 360\" \/>\n<meta property=\"og:description\" content=\"Coolsculpting Cool Sculping uses cold to eliminate excess body fat, targeting the areas where unwanted fat is found and applying a wave of cold that destroys it by lowering its temperature until it breaks down. How is the Coolsculpting treatment? Coolsculpting or cryolipolysis is liposuction without surgery. The specialist uses a device applied to the [&hellip;]\" \/>\n<meta property=\"og:url\" content=\"https:\/\/360aestheticsmedspa.com\/es\/coolsculpting\/\" \/>\n<meta property=\"og:site_name\" content=\"360\" \/>\n<meta property=\"article:modified_time\" content=\"2023-09-04T16:24:21+00:00\" \/>\n<meta property=\"og:image\" content=\"https:\/\/360aestheticsmedspa.com\/wp-content\/uploads\/2023\/09\/POST-SCULPT-YOUR-BODY.jpg\" \/>\n<meta name=\"twitter:card\" content=\"summary_large_image\" \/>\n<meta name=\"twitter:label1\" content=\"Tiempo de lectura\" \/>\n\t<meta name=\"twitter:data1\" content=\"3 minutos\" \/>\n<script type=\"application\/ld+json\" class=\"yoast-schema-graph\">{\"@context\":\"https:\/\/schema.org\",\"@graph\":[{\"@type\":\"WebPage\",\"@id\":\"https:\/\/360aestheticsmedspa.com\/coolsculpting\/\",\"url\":\"https:\/\/360aestheticsmedspa.com\/coolsculpting\/\",\"name\":\"Coolsculpting - 360\",\"isPartOf\":{\"@id\":\"https:\/\/360aestheticsmedspa.com\/#website\"},\"primaryImageOfPage\":{\"@id\":\"https:\/\/360aestheticsmedspa.com\/coolsculpting\/#primaryimage\"},\"image\":{\"@id\":\"https:\/\/360aestheticsmedspa.com\/coolsculpting\/#primaryimage\"},\"thumbnailUrl\":\"https:\/\/360aestheticsmedspa.com\/wp-content\/uploads\/2023\/09\/POST-SCULPT-YOUR-BODY.jpg\",\"datePublished\":\"2023-09-04T16:20:35+00:00\",\"dateModified\":\"2023-09-04T16:24:21+00:00\",\"breadcrumb\":{\"@id\":\"https:\/\/360aestheticsmedspa.com\/coolsculpting\/#breadcrumb\"},\"inLanguage\":\"es\",\"potentialAction\":[{\"@type\":\"ReadAction\",\"target\":[\"https:\/\/360aestheticsmedspa.com\/coolsculpting\/\"]}]},{\"@type\":\"ImageObject\",\"inLanguage\":\"es\",\"@id\":\"https:\/\/360aestheticsmedspa.com\/coolsculpting\/#primaryimage\",\"url\":\"https:\/\/360aestheticsmedspa.com\/wp-content\/uploads\/2023\/09\/POST-SCULPT-YOUR-BODY.jpg\",\"contentUrl\":\"https:\/\/360aestheticsmedspa.com\/wp-content\/uploads\/2023\/09\/POST-SCULPT-YOUR-BODY.jpg\"},{\"@type\":\"BreadcrumbList\",\"@id\":\"https:\/\/360aestheticsmedspa.com\/coolsculpting\/#breadcrumb\",\"itemListElement\":[{\"@type\":\"ListItem\",\"position\":1,\"name\":\"Home\",\"item\":\"https:\/\/360aestheticsmedspa.com\/\"},{\"@type\":\"ListItem\",\"position\":2,\"name\":\"Coolsculpting\"}]},{\"@type\":\"WebSite\",\"@id\":\"https:\/\/360aestheticsmedspa.com\/#website\",\"url\":\"https:\/\/360aestheticsmedspa.com\/\",\"name\":\"360\",\"description\":\"Aesthetics\",\"potentialAction\":[{\"@type\":\"SearchAction\",\"target\":{\"@type\":\"EntryPoint\",\"urlTemplate\":\"https:\/\/360aestheticsmedspa.com\/?s={search_term_string}\"},\"query-input\":{\"@type\":\"PropertyValueSpecification\",\"valueRequired\":true,\"valueName\":\"search_term_string\"}}],\"inLanguage\":\"es\"}]}<\/script>\n<!-- \/ Yoast SEO plugin. -->","yoast_head_json":{"title":"Coolsculpting - 360","robots":{"index":"index","follow":"follow","max-snippet":"max-snippet:-1","max-image-preview":"max-image-preview:large","max-video-preview":"max-video-preview:-1"},"canonical":"https:\/\/360aestheticsmedspa.com\/es\/coolsculpting\/","og_locale":"es_MX","og_type":"article","og_title":"Coolsculpting - 360","og_description":"Coolsculpting Cool Sculping uses cold to eliminate excess body fat, targeting the areas where unwanted fat is found and applying a wave of cold that destroys it by lowering its temperature until it breaks down. How is the Coolsculpting treatment? Coolsculpting or cryolipolysis is liposuction without surgery. The specialist uses a device applied to the [&hellip;]","og_url":"https:\/\/360aestheticsmedspa.com\/es\/coolsculpting\/","og_site_name":"360","article_modified_time":"2023-09-04T16:24:21+00:00","og_image":[{"url":"https:\/\/360aestheticsmedspa.com\/wp-content\/uploads\/2023\/09\/POST-SCULPT-YOUR-BODY.jpg","type":"","width":"","height":""}],"twitter_card":"summary_large_image","twitter_misc":{"Tiempo de lectura":"3 minutos"},"schema":{"@context":"https:\/\/schema.org","@graph":[{"@type":"WebPage","@id":"https:\/\/360aestheticsmedspa.com\/coolsculpting\/","url":"https:\/\/360aestheticsmedspa.com\/coolsculpting\/","name":"Coolsculpting - 360","isPartOf":{"@id":"https:\/\/360aestheticsmedspa.com\/#website"},"primaryImageOfPage":{"@id":"https:\/\/360aestheticsmedspa.com\/coolsculpting\/#primaryimage"},"image":{"@id":"https:\/\/360aestheticsmedspa.com\/coolsculpting\/#primaryimage"},"thumbnailUrl":"https:\/\/360aestheticsmedspa.com\/wp-content\/uploads\/2023\/09\/POST-SCULPT-YOUR-BODY.jpg","datePublished":"2023-09-04T16:20:35+00:00","dateModified":"2023-09-04T16:24:21+00:00","breadcrumb":{"@id":"https:\/\/360aestheticsmedspa.com\/coolsculpting\/#breadcrumb"},"inLanguage":"es","potentialAction":[{"@type":"ReadAction","target":["https:\/\/360aestheticsmedspa.com\/coolsculpting\/"]}]},{"@type":"ImageObject","inLanguage":"es","@id":"https:\/\/360aestheticsmedspa.com\/coolsculpting\/#primaryimage","url":"https:\/\/360aestheticsmedspa.com\/wp-content\/uploads\/2023\/09\/POST-SCULPT-YOUR-BODY.jpg","contentUrl":"https:\/\/360aestheticsmedspa.com\/wp-content\/uploads\/2023\/09\/POST-SCULPT-YOUR-BODY.jpg"},{"@type":"BreadcrumbList","@id":"https:\/\/360aestheticsmedspa.com\/coolsculpting\/#breadcrumb","itemListElement":[{"@type":"ListItem","position":1,"name":"Home","item":"https:\/\/360aestheticsmedspa.com\/"},{"@type":"ListItem","position":2,"name":"Coolsculpting"}]},{"@type":"WebSite","@id":"https:\/\/360aestheticsmedspa.com\/#website","url":"https:\/\/360aestheticsmedspa.com\/","name":"360","description":"Aesthetics","potentialAction":[{"@type":"SearchAction","target":{"@type":"EntryPoint","urlTemplate":"https:\/\/360aestheticsmedspa.com\/?s={search_term_string}"},"query-input":{"@type":"PropertyValueSpecification","valueRequired":true,"valueName":"search_term_string"}}],"inLanguage":"es"}]}},"_links":{"self":[{"href":"https:\/\/360aestheticsmedspa.com\/es\/wp-json\/wp\/v2\/pages\/1433","targetHints":{"allow":["GET"]}}],"collection":[{"href":"https:\/\/360aestheticsmedspa.com\/es\/wp-json\/wp\/v2\/pages"}],"about":[{"href":"https:\/\/360aestheticsmedspa.com\/es\/wp-json\/wp\/v2\/types\/page"}],"author":[{"embeddable":true,"href":"https:\/\/360aestheticsmedspa.com\/es\/wp-json\/wp\/v2\/users\/1"}],"replies":[{"embeddable":true,"href":"https:\/\/360aestheticsmedspa.com\/es\/wp-json\/wp\/v2\/comments?post=1433"}],"version-history":[{"count":0,"href":"https:\/\/360aestheticsmedspa.com\/es\/wp-json\/wp\/v2\/pages\/1433\/revisions"}],"wp:attachment":[{"href":"https:\/\/360aestheticsmedspa.com\/es\/wp-json\/wp\/v2\/media?parent=1433"}],"curies":[{"name":"wp","href":"https:\/\/api.w.org\/{rel}","templated":true}]}}