{"id":1410,"date":"2023-09-04T15:44:59","date_gmt":"2023-09-04T15:44:59","guid":{"rendered":"https:\/\/360aestheticsmedspa.com\/?page_id=1410"},"modified":"2023-10-06T19:36:39","modified_gmt":"2023-10-06T19:36:39","slug":"hifu-laser","status":"publish","type":"page","link":"https:\/\/360aestheticsmedspa.com\/es\/hifu-laser\/","title":{"rendered":"HIFU Laser\u200b"},"content":{"rendered":"<div data-elementor-type=\"wp-page\" data-elementor-id=\"1410\" class=\"elementor elementor-1410\" data-elementor-post-type=\"page\">\n\t\t\t\t\t\t<section class=\"elementor-section elementor-top-section elementor-element elementor-element-d761ba9 elementor-section-boxed elementor-section-height-default elementor-section-height-default\" data-id=\"d761ba9\" data-element_type=\"section\">\n\t\t\t\t\t\t<div class=\"elementor-container elementor-column-gap-default\">\n\t\t\t\t\t<div class=\"elementor-column elementor-col-100 elementor-top-column elementor-element elementor-element-e87abca\" data-id=\"e87abca\" data-element_type=\"column\">\n\t\t\t<div class=\"elementor-widget-wrap elementor-element-populated\">\n\t\t\t\t\t\t<div class=\"elementor-element elementor-element-761c569 elementor-widget elementor-widget-heading\" data-id=\"761c569\" data-element_type=\"widget\" data-widget_type=\"heading.default\">\n\t\t\t\t<div class=\"elementor-widget-container\">\n\t\t\t\t\t<p class=\"elementor-heading-title elementor-size-default\">HIFU<\/p>\t\t\t\t<\/div>\n\t\t\t\t<\/div>\n\t\t\t\t<div class=\"elementor-element elementor-element-52c67d9 elementor-widget elementor-widget-heading\" data-id=\"52c67d9\" data-element_type=\"widget\" data-widget_type=\"heading.default\">\n\t\t\t\t<div class=\"elementor-widget-container\">\n\t\t\t\t\t<p class=\"elementor-heading-title elementor-size-default\">\u00bfQu\u00e9 es esto?<\/p>\t\t\t\t<\/div>\n\t\t\t\t<\/div>\n\t\t\t\t<div class=\"elementor-element elementor-element-d66e7de elementor-widget elementor-widget-text-editor\" data-id=\"d66e7de\" data-element_type=\"widget\" data-widget_type=\"text-editor.default\">\n\t\t\t\t<div class=\"elementor-widget-container\">\n\t\t\t\t\t\t\t\t\t<p>Esta t\u00e9cnica permite la eliminaci\u00f3n de adipocitos y c\u00famulos de grasa localizada, lo que lleva a la remodelaci\u00f3n corporal. Pero adem\u00e1s, este tratamiento tambi\u00e9n ha demostrado ser muy efectivo.<\/p>\t\t\t\t\t\t\t\t<\/div>\n\t\t\t\t<\/div>\n\t\t\t\t<div class=\"elementor-element elementor-element-e9db96d elementor-widget elementor-widget-heading\" data-id=\"e9db96d\" data-element_type=\"widget\" data-widget_type=\"heading.default\">\n\t\t\t\t<div class=\"elementor-widget-container\">\n\t\t\t\t\t<p class=\"elementor-heading-title elementor-size-default\">\u00bfC\u00f3mo funciona el HIFU para reducir la grasa corporal?<\/p>\t\t\t\t<\/div>\n\t\t\t\t<\/div>\n\t\t\t\t<div class=\"elementor-element elementor-element-f590619 elementor-widget elementor-widget-text-editor\" data-id=\"f590619\" data-element_type=\"widget\" data-widget_type=\"text-editor.default\">\n\t\t\t\t<div class=\"elementor-widget-container\">\n\t\t\t\t\t\t\t\t\t<p>La ultrasonograf\u00eda se aplica directamente en la zona a tratar y se puede aplicar c\u00f3modamente incluso en las \u00e1reas curvas del cuerpo, que son precisamente donde generalmente se acumula m\u00e1s grasa, como en el abdomen, los flancos y las nalgas.<\/p><p>Lo que hacen las ondas HIFU es producir un efecto termomec\u00e1nico que se encarga de destruir el tejido graso de forma subcut\u00e1nea, pero sin da\u00f1ar los tejidos adyacentes ni la epidermis. La grasa comienza a eliminarse y se elimina de forma natural a trav\u00e9s del cuerpo.<\/p><p>Sus efectos son tan inmediatos que la reducci\u00f3n de una talla con una sola sesi\u00f3n est\u00e1 garantizada.<\/p><p>Es un tratamiento que no es doloroso. Lo normal es que primero se realice una exfoliaci\u00f3n en la zona a tratar para preparar la piel para el ultrasonido, se realiza un masaje en la zona y luego se aplican los ultrasonidos HIFU, realizando movimientos ascendentes para lograr la remodelaci\u00f3n y tonificaci\u00f3n mediante el calor corporal y la combusti\u00f3n de grasas. El tratamiento suele completarse con un masaje en la zona tratada y la aplicaci\u00f3n de una crema liporreductora.<\/p>\t\t\t\t\t\t\t\t<\/div>\n\t\t\t\t<\/div>\n\t\t\t\t<div class=\"elementor-element elementor-element-ae8d216 elementor-widget elementor-widget-heading\" data-id=\"ae8d216\" data-element_type=\"widget\" data-widget_type=\"heading.default\">\n\t\t\t\t<div class=\"elementor-widget-container\">\n\t\t\t\t\t<p class=\"elementor-heading-title elementor-size-default\">\u00bfC\u00f3mo funciona el HIFU para un estiramiento facial?<\/p>\t\t\t\t<\/div>\n\t\t\t\t<\/div>\n\t\t\t\t<div class=\"elementor-element elementor-element-c13b913 elementor-widget elementor-widget-text-editor\" data-id=\"c13b913\" data-element_type=\"widget\" data-widget_type=\"text-editor.default\">\n\t\t\t\t<div class=\"elementor-widget-container\">\n\t\t\t\t\t\t\t\t\t<p>Las ondas ultras\u00f3nicas causan un aumento en la temperatura corporal que resulta en una retracci\u00f3n y reestructuraci\u00f3n de las mol\u00e9culas de col\u00e1geno y elastina. El col\u00e1geno es una de las prote\u00ednas naturales que ayudan a mantener la piel firme y el\u00e1stica.\u00a0<br \/>El HIFU es capaz de estimular al cuerpo para que produzca nuevo col\u00e1geno, por eso produce un efecto tensor en la piel. Por lo tanto, el tratamiento con ondas ultras\u00f3nicas de este tipo tambi\u00e9n se est\u00e1 aplicando para combatir los signos del envejecimiento y reafirmar la piel del rostro.<br \/>El HIFU es una alternativa para aquellos que desean una regeneraci\u00f3n de los tejidos faciales y lucir m\u00e1s j\u00f3venes sin tener que pasar por el quir\u00f3fano. Al estimular de forma natural los fibroblastos, los resultados de reafirmaci\u00f3n obtenidos se mantienen durante mucho tiempo.<\/p>\t\t\t\t\t\t\t\t<\/div>\n\t\t\t\t<\/div>\n\t\t\t\t\t<\/div>\n\t\t<\/div>\n\t\t\t\t\t<\/div>\n\t\t<\/section>\n\t\t\t\t<section class=\"elementor-section elementor-top-section elementor-element elementor-element-cb6eaa5 elementor-section-full_width elementor-section-height-default elementor-section-height-default\" data-id=\"cb6eaa5\" data-element_type=\"section\" data-settings=\"{&quot;background_background&quot;:&quot;classic&quot;}\">\n\t\t\t\t\t\t<div class=\"elementor-container elementor-column-gap-no\">\n\t\t\t\t\t<div class=\"elementor-column elementor-col-50 elementor-top-column elementor-element elementor-element-703b7ab\" data-id=\"703b7ab\" data-element_type=\"column\" data-settings=\"{&quot;background_background&quot;:&quot;classic&quot;}\">\n\t\t\t<div class=\"elementor-widget-wrap elementor-element-populated\">\n\t\t\t\t\t\t<div class=\"elementor-element elementor-element-df39fa3 elementor-widget elementor-widget-spacer\" data-id=\"df39fa3\" data-element_type=\"widget\" data-widget_type=\"spacer.default\">\n\t\t\t\t<div class=\"elementor-widget-container\">\n\t\t\t\t\t\t\t<div class=\"elementor-spacer\">\n\t\t\t<div class=\"elementor-spacer-inner\"><\/div>\n\t\t<\/div>\n\t\t\t\t\t\t<\/div>\n\t\t\t\t<\/div>\n\t\t\t\t\t<\/div>\n\t\t<\/div>\n\t\t\t\t<div class=\"elementor-column elementor-col-50 elementor-top-column elementor-element elementor-element-c92d788\" data-id=\"c92d788\" data-element_type=\"column\">\n\t\t\t<div class=\"elementor-widget-wrap elementor-element-populated\">\n\t\t\t\t\t\t<div class=\"elementor-element elementor-element-81383f6 elementor-widget elementor-widget-heading\" data-id=\"81383f6\" data-element_type=\"widget\" data-widget_type=\"heading.default\">\n\t\t\t\t<div class=\"elementor-widget-container\">\n\t\t\t\t\t<p class=\"elementor-heading-title elementor-size-default\">\u00bfCu\u00e1nto dura el tratamiento? \u00bfTiene efectos secundarios?<\/p>\t\t\t\t<\/div>\n\t\t\t\t<\/div>\n\t\t\t\t<div class=\"elementor-element elementor-element-ec128f4 elementor-widget elementor-widget-text-editor\" data-id=\"ec128f4\" data-element_type=\"widget\" data-widget_type=\"text-editor.default\">\n\t\t\t\t<div class=\"elementor-widget-container\">\n\t\t\t\t\t\t\t\t\t<div class=\"sqs-block-content\"><p>La duraci\u00f3n del tratamiento con ondas HIFU depende del \u00e1rea que deseas tratar, pero es normal que cada sesi\u00f3n dure entre 45 y 60 minutos.<\/p><p>Despu\u00e9s, el paciente puede volver a su vida diaria con total normalidad. En algunos casos, puede haber enrojecimiento de la piel en la zona tratada, pero este efecto desaparece despu\u00e9s de unas pocas horas.<\/p><p>Otros efectos secundarios pueden incluir la aparici\u00f3n de una leve hinchaz\u00f3n en la zona tratada, hormigueo o sensibilidad al tacto, pero desaparecen r\u00e1pidamente.<\/p><p>En los d\u00edas siguientes, es normal sentir dolor muscular similar a la rigidez, aunque desaparece en dos o tres d\u00edas.<\/p><\/div>\t\t\t\t\t\t\t\t<\/div>\n\t\t\t\t<\/div>\n\t\t\t\t\t<\/div>\n\t\t<\/div>\n\t\t\t\t\t<\/div>\n\t\t<\/section>\n\t\t\t\t<section class=\"elementor-section elementor-top-section elementor-element elementor-element-586b980 elementor-section-boxed elementor-section-height-default elementor-section-height-default\" data-id=\"586b980\" data-element_type=\"section\">\n\t\t\t\t\t\t<div class=\"elementor-container elementor-column-gap-default\">\n\t\t\t\t\t<div class=\"elementor-column elementor-col-100 elementor-top-column elementor-element elementor-element-c1e4ba5\" data-id=\"c1e4ba5\" data-element_type=\"column\">\n\t\t\t<div class=\"elementor-widget-wrap elementor-element-populated\">\n\t\t\t\t\t\t<div class=\"elementor-element elementor-element-66b63df elementor-widget elementor-widget-heading\" data-id=\"66b63df\" data-element_type=\"widget\" data-widget_type=\"heading.default\">\n\t\t\t\t<div class=\"elementor-widget-container\">\n\t\t\t\t\t<p class=\"elementor-heading-title elementor-size-default translation-block\">\u00bfCu\u00e1ntas sesiones se necesitan y cu\u00e1ndo se pueden apreciar los resultados?<\/p>\t\t\t\t<\/div>\n\t\t\t\t<\/div>\n\t\t\t\t<div class=\"elementor-element elementor-element-8b133c5 elementor-widget elementor-widget-text-editor\" data-id=\"8b133c5\" data-element_type=\"widget\" data-widget_type=\"text-editor.default\">\n\t\t\t\t<div class=\"elementor-widget-container\">\n\t\t\t\t\t\t\t\t\t<div class=\"sqs-block-content\"><p class=\"translation-block\">El n\u00famero de sesiones que necesita cada paciente ser\u00e1 determinado en cualquier caso por el especialista, pero lo normal es entre dos y tres.\n\nLos resultados se notan desde la primera sesi\u00f3n, ya sea que las ondas HIFU se hayan utilizado para remodelar el cuerpo o para rejuvenecer la apariencia del rostro. Ten en cuenta que, aunque los resultados se notan desde el principio, el col\u00e1geno tiene un tiempo de reestructuraci\u00f3n de 21 d\u00edas, por lo que los resultados finales no se apreciar\u00e1n hasta despu\u00e9s de 2 o 3 meses.<\/p><\/div>\t\t\t\t\t\t\t\t<\/div>\n\t\t\t\t<\/div>\n\t\t\t\t\t<\/div>\n\t\t<\/div>\n\t\t\t\t\t<\/div>\n\t\t<\/section>\n\t\t\t\t<\/div>","protected":false},"excerpt":{"rendered":"<p>HIFU What Is It? This technique allows the removal of adipocytes and localized fat clusters, leading to body remodeling.\u00a0But in addition, this treatment has also been proven to be very effective. How Does HIFU Work To Reduce Body Fat? Ultrasound is applied directly on the area to be treated, and can be applied comfortably even [&hellip;]<\/p>","protected":false},"author":1,"featured_media":0,"parent":0,"menu_order":0,"comment_status":"closed","ping_status":"closed","template":"elementor_header_footer","meta":{"_joinchat":[],"footnotes":""},"class_list":["post-1410","page","type-page","status-publish","hentry"],"yoast_head":"<!-- This site is optimized with the Yoast SEO plugin v25.5 - https:\/\/yoast.com\/wordpress\/plugins\/seo\/ -->\n<title>HIFU Laser\u200b - 360<\/title>\n<meta name=\"robots\" content=\"index, follow, max-snippet:-1, max-image-preview:large, max-video-preview:-1\" \/>\n<link rel=\"canonical\" href=\"https:\/\/360aestheticsmedspa.com\/es\/hifu-laser\/\" \/>\n<meta property=\"og:locale\" content=\"es_MX\" \/>\n<meta property=\"og:type\" content=\"article\" \/>\n<meta property=\"og:title\" content=\"HIFU Laser\u200b - 360\" \/>\n<meta property=\"og:description\" content=\"HIFU What Is It? This technique allows the removal of adipocytes and localized fat clusters, leading to body remodeling.\u00a0But in addition, this treatment has also been proven to be very effective. How Does HIFU Work To Reduce Body Fat? Ultrasound is applied directly on the area to be treated, and can be applied comfortably even [&hellip;]\" \/>\n<meta property=\"og:url\" content=\"https:\/\/360aestheticsmedspa.com\/es\/hifu-laser\/\" \/>\n<meta property=\"og:site_name\" content=\"360\" \/>\n<meta property=\"article:modified_time\" content=\"2023-10-06T19:36:39+00:00\" \/>\n<meta name=\"twitter:card\" content=\"summary_large_image\" \/>\n<meta name=\"twitter:label1\" content=\"Tiempo de lectura\" \/>\n\t<meta name=\"twitter:data1\" content=\"3 minutos\" \/>\n<script type=\"application\/ld+json\" class=\"yoast-schema-graph\">{\"@context\":\"https:\/\/schema.org\",\"@graph\":[{\"@type\":\"WebPage\",\"@id\":\"https:\/\/360aestheticsmedspa.com\/hifu-laser\/\",\"url\":\"https:\/\/360aestheticsmedspa.com\/hifu-laser\/\",\"name\":\"HIFU Laser\u200b - 360\",\"isPartOf\":{\"@id\":\"https:\/\/360aestheticsmedspa.com\/#website\"},\"datePublished\":\"2023-09-04T15:44:59+00:00\",\"dateModified\":\"2023-10-06T19:36:39+00:00\",\"breadcrumb\":{\"@id\":\"https:\/\/360aestheticsmedspa.com\/hifu-laser\/#breadcrumb\"},\"inLanguage\":\"es\",\"potentialAction\":[{\"@type\":\"ReadAction\",\"target\":[\"https:\/\/360aestheticsmedspa.com\/hifu-laser\/\"]}]},{\"@type\":\"BreadcrumbList\",\"@id\":\"https:\/\/360aestheticsmedspa.com\/hifu-laser\/#breadcrumb\",\"itemListElement\":[{\"@type\":\"ListItem\",\"position\":1,\"name\":\"Home\",\"item\":\"https:\/\/360aestheticsmedspa.com\/\"},{\"@type\":\"ListItem\",\"position\":2,\"name\":\"HIFU Laser\u200b\"}]},{\"@type\":\"WebSite\",\"@id\":\"https:\/\/360aestheticsmedspa.com\/#website\",\"url\":\"https:\/\/360aestheticsmedspa.com\/\",\"name\":\"360\",\"description\":\"Aesthetics\",\"potentialAction\":[{\"@type\":\"SearchAction\",\"target\":{\"@type\":\"EntryPoint\",\"urlTemplate\":\"https:\/\/360aestheticsmedspa.com\/?s={search_term_string}\"},\"query-input\":{\"@type\":\"PropertyValueSpecification\",\"valueRequired\":true,\"valueName\":\"search_term_string\"}}],\"inLanguage\":\"es\"}]}<\/script>\n<!-- \/ Yoast SEO plugin. -->","yoast_head_json":{"title":"HIFU Laser\u200b - 360","robots":{"index":"index","follow":"follow","max-snippet":"max-snippet:-1","max-image-preview":"max-image-preview:large","max-video-preview":"max-video-preview:-1"},"canonical":"https:\/\/360aestheticsmedspa.com\/es\/hifu-laser\/","og_locale":"es_MX","og_type":"article","og_title":"HIFU Laser\u200b - 360","og_description":"HIFU What Is It? This technique allows the removal of adipocytes and localized fat clusters, leading to body remodeling.\u00a0But in addition, this treatment has also been proven to be very effective. How Does HIFU Work To Reduce Body Fat? Ultrasound is applied directly on the area to be treated, and can be applied comfortably even [&hellip;]","og_url":"https:\/\/360aestheticsmedspa.com\/es\/hifu-laser\/","og_site_name":"360","article_modified_time":"2023-10-06T19:36:39+00:00","twitter_card":"summary_large_image","twitter_misc":{"Tiempo de lectura":"3 minutos"},"schema":{"@context":"https:\/\/schema.org","@graph":[{"@type":"WebPage","@id":"https:\/\/360aestheticsmedspa.com\/hifu-laser\/","url":"https:\/\/360aestheticsmedspa.com\/hifu-laser\/","name":"HIFU Laser\u200b - 360","isPartOf":{"@id":"https:\/\/360aestheticsmedspa.com\/#website"},"datePublished":"2023-09-04T15:44:59+00:00","dateModified":"2023-10-06T19:36:39+00:00","breadcrumb":{"@id":"https:\/\/360aestheticsmedspa.com\/hifu-laser\/#breadcrumb"},"inLanguage":"es","potentialAction":[{"@type":"ReadAction","target":["https:\/\/360aestheticsmedspa.com\/hifu-laser\/"]}]},{"@type":"BreadcrumbList","@id":"https:\/\/360aestheticsmedspa.com\/hifu-laser\/#breadcrumb","itemListElement":[{"@type":"ListItem","position":1,"name":"Home","item":"https:\/\/360aestheticsmedspa.com\/"},{"@type":"ListItem","position":2,"name":"HIFU Laser\u200b"}]},{"@type":"WebSite","@id":"https:\/\/360aestheticsmedspa.com\/#website","url":"https:\/\/360aestheticsmedspa.com\/","name":"360","description":"Aesthetics","potentialAction":[{"@type":"SearchAction","target":{"@type":"EntryPoint","urlTemplate":"https:\/\/360aestheticsmedspa.com\/?s={search_term_string}"},"query-input":{"@type":"PropertyValueSpecification","valueRequired":true,"valueName":"search_term_string"}}],"inLanguage":"es"}]}},"_links":{"self":[{"href":"https:\/\/360aestheticsmedspa.com\/es\/wp-json\/wp\/v2\/pages\/1410","targetHints":{"allow":["GET"]}}],"collection":[{"href":"https:\/\/360aestheticsmedspa.com\/es\/wp-json\/wp\/v2\/pages"}],"about":[{"href":"https:\/\/360aestheticsmedspa.com\/es\/wp-json\/wp\/v2\/types\/page"}],"author":[{"embeddable":true,"href":"https:\/\/360aestheticsmedspa.com\/es\/wp-json\/wp\/v2\/users\/1"}],"replies":[{"embeddable":true,"href":"https:\/\/360aestheticsmedspa.com\/es\/wp-json\/wp\/v2\/comments?post=1410"}],"version-history":[{"count":0,"href":"https:\/\/360aestheticsmedspa.com\/es\/wp-json\/wp\/v2\/pages\/1410\/revisions"}],"wp:attachment":[{"href":"https:\/\/360aestheticsmedspa.com\/es\/wp-json\/wp\/v2\/media?parent=1410"}],"curies":[{"name":"wp","href":"https:\/\/api.w.org\/{rel}","templated":true}]}}