{"id":1263,"date":"2023-08-03T01:05:16","date_gmt":"2023-08-03T01:05:16","guid":{"rendered":"https:\/\/360aestheticsmedspa.com\/?page_id=1263"},"modified":"2023-09-04T20:12:07","modified_gmt":"2023-09-04T20:12:07","slug":"prp-capliar","status":"publish","type":"page","link":"https:\/\/360aestheticsmedspa.com\/es\/prp-capliar\/","title":{"rendered":"PRP capliar"},"content":{"rendered":"<div data-elementor-type=\"wp-page\" data-elementor-id=\"1263\" class=\"elementor elementor-1263\" data-elementor-post-type=\"page\">\n\t\t\t\t\t\t<section class=\"elementor-section elementor-top-section elementor-element elementor-element-f27c10a elementor-section-boxed elementor-section-height-default elementor-section-height-default\" data-id=\"f27c10a\" data-element_type=\"section\">\n\t\t\t\t\t\t<div class=\"elementor-container elementor-column-gap-default\">\n\t\t\t\t\t<div class=\"elementor-column elementor-col-100 elementor-top-column elementor-element elementor-element-3eba37b\" data-id=\"3eba37b\" data-element_type=\"column\">\n\t\t\t<div class=\"elementor-widget-wrap elementor-element-populated\">\n\t\t\t\t\t\t<div class=\"elementor-element elementor-element-64eb675 elementor-widget elementor-widget-heading\" data-id=\"64eb675\" data-element_type=\"widget\" data-widget_type=\"heading.default\">\n\t\t\t\t<div class=\"elementor-widget-container\">\n\t\t\t\t\t<p class=\"elementor-heading-title elementor-size-default\">PRP Capliar<\/p>\t\t\t\t<\/div>\n\t\t\t\t<\/div>\n\t\t\t\t<div class=\"elementor-element elementor-element-4a1e982 elementor-widget elementor-widget-heading\" data-id=\"4a1e982\" data-element_type=\"widget\" data-widget_type=\"heading.default\">\n\t\t\t\t<div class=\"elementor-widget-container\">\n\t\t\t\t\t<p class=\"elementor-heading-title elementor-size-default translation-block\">Terapia PRP en Tijuana, BC<br>\nTensa, levanta y rejuvenece tu piel.<\/p>\t\t\t\t<\/div>\n\t\t\t\t<\/div>\n\t\t\t\t<div class=\"elementor-element elementor-element-5f8f3ee elementor-widget elementor-widget-text-editor\" data-id=\"5f8f3ee\" data-element_type=\"widget\" data-widget_type=\"text-editor.default\">\n\t\t\t\t<div class=\"elementor-widget-container\">\n\t\t\t\t\t\t\t\t\t<p>La terapia PRP de la piel, tambi\u00e9n conocida como \"terapia de inducci\u00f3n de col\u00e1geno\", es un concepto relativamente moderno destinado a estimular el col\u00e1geno y la producci\u00f3n de elastina del cuerpo.<\/p><p>Vive Medical Spa se especializa en servicios de Plasma Rico en Plaquetas, la mayor\u00eda de nuestros clientes generalmente viven en el extranjero. La terapia PRP ayuda a tensar, levantar y rejuvenecer la piel. Este tratamiento reduce la apariencia de l\u00edneas finas y arrugas, minimiza los poros, las estr\u00edas y las cicatrices, como las de cirug\u00eda y acn\u00e9.<\/p><p>Esta t\u00e9cnica maneja los niveles de penetraciones d\u00e9rmicas a trav\u00e9s de las capas superiores protectoras de la piel mediante una serie de microagujas con profundidades precisas mediante ajustes ajustables en el dispositivo de mano. Miles de micropasos dentro de la dermis activan y alimentan la cascada de curaci\u00f3n natural positiva de las heridas mediante la liberaci\u00f3n de factores de crecimiento para la eventual producci\u00f3n y maduraci\u00f3n de col\u00e1geno y elastina.<\/p><p>Prp tiene varias ventajas. Uno de los beneficios m\u00e1s com\u00fanmente discutidos es la creaci\u00f3n de innumerables microcanales para la administraci\u00f3n de cosmec\u00e9uticos, p\u00e9ptidos bioactivos, factores de transformaci\u00f3n y de crecimiento; as\u00ed como sus propias plaquetas vivas en su dermis para mejorar el rejuvenecimiento de la piel. Nuestros especialistas han ayudado a muchos clientes a tensar, levantar y rejuvenecer su piel con tratamientos de microagujas.<\/p>\t\t\t\t\t\t\t\t<\/div>\n\t\t\t\t<\/div>\n\t\t\t\t\t<\/div>\n\t\t<\/div>\n\t\t\t\t\t<\/div>\n\t\t<\/section>\n\t\t\t\t<section class=\"elementor-section elementor-top-section elementor-element elementor-element-2e949f5 elementor-section-stretched elementor-section-height-min-height elementor-section-content-middle elementor-section-boxed elementor-section-height-default elementor-section-items-middle\" data-id=\"2e949f5\" data-element_type=\"section\" data-settings=\"{&quot;stretch_section&quot;:&quot;section-stretched&quot;,&quot;background_background&quot;:&quot;classic&quot;}\">\n\t\t\t\t\t\t<div class=\"elementor-container elementor-column-gap-default\">\n\t\t\t\t\t<div class=\"elementor-column elementor-col-50 elementor-top-column elementor-element elementor-element-5e41415\" data-id=\"5e41415\" data-element_type=\"column\" data-settings=\"{&quot;background_background&quot;:&quot;classic&quot;}\">\n\t\t\t<div class=\"elementor-widget-wrap elementor-element-populated\">\n\t\t\t\t\t\t<div class=\"elementor-element elementor-element-05fdd6e elementor-widget elementor-widget-image\" data-id=\"05fdd6e\" data-element_type=\"widget\" data-widget_type=\"image.default\">\n\t\t\t\t<div class=\"elementor-widget-container\">\n\t\t\t\t\t\t\t\t\t\t\t\t\t\t\t<img fetchpriority=\"high\" decoding=\"async\" width=\"424\" height=\"283\" src=\"https:\/\/360aestheticsmedspa.com\/wp-content\/uploads\/2023\/08\/microneedling.jpg\" class=\"attachment-large size-large wp-image-1265\" alt=\"\" srcset=\"https:\/\/360aestheticsmedspa.com\/wp-content\/uploads\/2023\/08\/microneedling.jpg 424w, https:\/\/360aestheticsmedspa.com\/wp-content\/uploads\/2023\/08\/microneedling-300x200.jpg 300w, https:\/\/360aestheticsmedspa.com\/wp-content\/uploads\/2023\/08\/microneedling-18x12.jpg 18w\" sizes=\"(max-width: 424px) 100vw, 424px\" \/>\t\t\t\t\t\t\t\t\t\t\t\t\t\t\t<\/div>\n\t\t\t\t<\/div>\n\t\t\t\t\t<\/div>\n\t\t<\/div>\n\t\t\t\t<div class=\"elementor-column elementor-col-50 elementor-top-column elementor-element elementor-element-babb33c\" data-id=\"babb33c\" data-element_type=\"column\">\n\t\t\t<div class=\"elementor-widget-wrap elementor-element-populated\">\n\t\t\t\t\t\t<div class=\"elementor-element elementor-element-fc3b8c8 elementor-widget elementor-widget-heading\" data-id=\"fc3b8c8\" data-element_type=\"widget\" data-widget_type=\"heading.default\">\n\t\t\t\t<div class=\"elementor-widget-container\">\n\t\t\t\t\t<p class=\"elementor-heading-title elementor-size-default\">\u00bfEs el PRP adecuado para usted?<\/p>\t\t\t\t<\/div>\n\t\t\t\t<\/div>\n\t\t\t\t<div class=\"elementor-element elementor-element-266f5cc elementor-widget elementor-widget-text-editor\" data-id=\"266f5cc\" data-element_type=\"widget\" data-widget_type=\"text-editor.default\">\n\t\t\t\t<div class=\"elementor-widget-container\">\n\t\t\t\t\t\t\t\t\t<p>La Terapia PRP puede ayudar a mejorar la apariencia de tu piel, ya sea en tu rostro o en otras \u00e1reas del cuerpo. Es su respuesta al rejuvenecimiento de la piel para reducir las l\u00edneas finas, las arrugas, los poros dilatados, las cicatrices del acn\u00e9 y el rejuvenecimiento total del rostro.<\/p><ul><li>\u00bfEst\u00e1 buscando una apariencia suave, joven y renovada, pero la idea detr\u00e1s de la cirug\u00eda est\u00e9tica lo deja aprensivo?<\/li><li>\u00bfLe gustar\u00eda que existiera un enfoque m\u00e1s suave, no invasivo o sin l\u00e1ser para el rejuvenecimiento de la piel?<\/li><li>\u00bfEst\u00e1s luchando con m\u00faltiples problemas de cutis simult\u00e1neamente? \u00bfTono desigual de la piel? \u00bfCicatrices de acn\u00e9? Etc\u00e9tera\u2026<\/li><li>\u00bfNo est\u00e1 seguro de si est\u00e1 listo para comprometerse con una soluci\u00f3n de rejuvenecimiento con l\u00e1ser?<\/li><li>\u00bfLe gustar\u00eda mejorar la apariencia de arrugas y l\u00edneas sin el uso de rellenos d\u00e9rmicos o BOTOX\u00ae?<\/li><li>\u00bfEst\u00e1 buscando opciones y m\u00e9todos alternativos debido a una tez m\u00e1s oscura?<\/li><li>\u00bfPrefieres un enfoque que anime a tu piel a renovarse naturalmente en lugar de una inyecci\u00f3n?<\/li><li>\u00a1Microneedling puede ser adecuado para ti!<\/li><\/ul>\t\t\t\t\t\t\t\t<\/div>\n\t\t\t\t<\/div>\n\t\t\t\t<div class=\"elementor-element elementor-element-9a4657e elementor-widget elementor-widget-spacer\" data-id=\"9a4657e\" data-element_type=\"widget\" data-widget_type=\"spacer.default\">\n\t\t\t\t<div class=\"elementor-widget-container\">\n\t\t\t\t\t\t\t<div class=\"elementor-spacer\">\n\t\t\t<div class=\"elementor-spacer-inner\"><\/div>\n\t\t<\/div>\n\t\t\t\t\t\t<\/div>\n\t\t\t\t<\/div>\n\t\t\t\t<div class=\"elementor-element elementor-element-5b1d572 elementor-align-left elementor-widget elementor-widget-button\" data-id=\"5b1d572\" data-element_type=\"widget\" data-widget_type=\"button.default\">\n\t\t\t\t<div class=\"elementor-widget-container\">\n\t\t\t\t\t\t\t\t\t<div class=\"elementor-button-wrapper\">\n\t\t\t\t\t<a class=\"elementor-button elementor-button-link elementor-size-sm\" href=\"https:\/\/api.whatsapp.com\/send\/?phone=5216633224448&#038;text&#038;type=phone_number&#038;app_absent=0\" target=\"_blank\">\n\t\t\t\t\t\t<span class=\"elementor-button-content-wrapper\">\n\t\t\t\t\t\t\t\t\t<span class=\"elementor-button-text\">Consulta con un experto<\/span>\n\t\t\t\t\t<\/span>\n\t\t\t\t\t<\/a>\n\t\t\t\t<\/div>\n\t\t\t\t\t\t\t\t<\/div>\n\t\t\t\t<\/div>\n\t\t\t\t\t<\/div>\n\t\t<\/div>\n\t\t\t\t\t<\/div>\n\t\t<\/section>\n\t\t\t\t<section class=\"elementor-section elementor-top-section elementor-element elementor-element-4746be6 elementor-section-boxed elementor-section-height-default elementor-section-height-default\" data-id=\"4746be6\" data-element_type=\"section\">\n\t\t\t\t\t\t<div class=\"elementor-container elementor-column-gap-default\">\n\t\t\t\t\t<div class=\"elementor-column elementor-col-100 elementor-top-column elementor-element elementor-element-08b1583\" data-id=\"08b1583\" data-element_type=\"column\">\n\t\t\t<div class=\"elementor-widget-wrap elementor-element-populated\">\n\t\t\t\t\t\t<div class=\"elementor-element elementor-element-a31ef7d elementor-widget elementor-widget-heading\" data-id=\"a31ef7d\" data-element_type=\"widget\" data-widget_type=\"heading.default\">\n\t\t\t\t<div class=\"elementor-widget-container\">\n\t\t\t\t\t<p class=\"elementor-heading-title elementor-size-default\">Hable con uno de nuestros especialistas en el cuidado de la piel para averiguar si el prp es adecuado para usted.<br>\nTambi\u00e9n podr\u00e1s visitar nuestro spa ubicado a minutos de la frontera.<\/p>\t\t\t\t<\/div>\n\t\t\t\t<\/div>\n\t\t\t\t<div class=\"elementor-element elementor-element-b94f402 elementor-widget elementor-widget-heading\" data-id=\"b94f402\" data-element_type=\"widget\" data-widget_type=\"heading.default\">\n\t\t\t\t<div class=\"elementor-widget-container\">\n\t\t\t\t\t<p class=\"elementor-heading-title elementor-size-default\">Los conceptos b\u00e1sicos del PRP<\/p>\t\t\t\t<\/div>\n\t\t\t\t<\/div>\n\t\t\t\t<div class=\"elementor-element elementor-element-12f1e01 elementor-widget elementor-widget-text-editor\" data-id=\"12f1e01\" data-element_type=\"widget\" data-widget_type=\"text-editor.default\">\n\t\t\t\t<div class=\"elementor-widget-container\">\n\t\t\t\t\t\t\t\t\t<div class=\"sqs-block-content\"><p>La terapia PRP en Tijuana tambi\u00e9n se conoce como terapia de inducci\u00f3n de col\u00e1geno (CIT), un r\u00e9gimen aprobado por la FDA para el tratamiento antienvejecimiento de la piel y otras afecciones.<\/p><p>Esto tambi\u00e9n produce canales microsc\u00f3picos en la piel que ayudan a alimentar las defensas naturales del cuerpo y producen un engrosamiento de la piel hasta en un 80%.<\/p><p>Las cicatrices, estr\u00edas y arrugas se pueden reducir visiblemente sin necesidad de inyecciones, incisiones ni tiempo de inactividad. Aunque se basa en principios y se utiliza tradicionalmente para el rejuvenecimiento facial, el MicroPen\u2122 se puede utilizar en el cuerpo.<\/p><p>A diferencia de la mayor\u00eda de las otras terapias de rejuvenecimiento, la microaguja es segura y eficaz en todo tipo y tono de piel.<\/p><p>La microaguja es una excelente soluci\u00f3n para los pacientes que desean encontrar un punto medio entre las exfoliaciones qu\u00edmicas suaves y el rejuvenecimiento con l\u00e1ser m\u00e1s complicado.<\/p><\/div>\t\t\t\t\t\t\t\t<\/div>\n\t\t\t\t<\/div>\n\t\t\t\t<div class=\"elementor-element elementor-element-dadb52e elementor-widget elementor-widget-heading\" data-id=\"dadb52e\" data-element_type=\"widget\" data-widget_type=\"heading.default\">\n\t\t\t\t<div class=\"elementor-widget-container\">\n\t\t\t\t\t<p class=\"elementor-heading-title elementor-size-default\">\u00bfDuele?<\/p>\t\t\t\t<\/div>\n\t\t\t\t<\/div>\n\t\t\t\t<div class=\"elementor-element elementor-element-77cd357 elementor-widget elementor-widget-text-editor\" data-id=\"77cd357\" data-element_type=\"widget\" data-widget_type=\"text-editor.default\">\n\t\t\t\t<div class=\"elementor-widget-container\">\n\t\t\t\t\t\t\t\t\t<div class=\"sqs-block-content\"><ul><li>No requiere incisiones invasivas ni tiempo de inactividad.<\/li><li>Durante su tratamiento las molestias son m\u00ednimas.<\/li><li>Puede parecer que la piel tiene una quemadura solar leve o sentirse ligeramente tirante y desaparece entre 3 y 7 d\u00edas.<\/li><li>Se aplica un gel hidratante t\u00f3pico de 30 a 60 minutos antes del tratamiento para garantizar el m\u00e1ximo confort y optimizar los efectos rejuvenecedores debajo de la piel.<\/li><\/ul><p>El proceso de la terapia prp espesa ligeramente la piel para reducir la aparici\u00f3n de arrugas, cicatrices y melasma o manchas solares.<br \/>Aseg\u00farate de evitar la exposici\u00f3n al sol y a los retinoides durante el periodo de tiempo indicado antes y despu\u00e9s de tu tratamiento.<\/p><p>Para algunas personas con da\u00f1os cut\u00e1neos m\u00e1s graves, las microagujas pueden ofrecer un rejuvenecimiento m\u00e1s profundo de la piel con la adici\u00f3n de c\u00e9lulas madre y\/o \u00e1cido hialur\u00f3nico (HA) al proceso de tratamiento.<\/p><\/div>\t\t\t\t\t\t\t\t<\/div>\n\t\t\t\t<\/div>\n\t\t\t\t<div class=\"elementor-element elementor-element-53ff91f elementor-widget elementor-widget-heading\" data-id=\"53ff91f\" data-element_type=\"widget\" data-widget_type=\"heading.default\">\n\t\t\t\t<div class=\"elementor-widget-container\">\n\t\t\t\t\t<p class=\"elementor-heading-title elementor-size-default\">Resultados\/recuperaci\u00f3n de la terapia PRP<\/p>\t\t\t\t<\/div>\n\t\t\t\t<\/div>\n\t\t\t\t<div class=\"elementor-element elementor-element-27e5e40 elementor-widget elementor-widget-text-editor\" data-id=\"27e5e40\" data-element_type=\"widget\" data-widget_type=\"text-editor.default\">\n\t\t\t\t<div class=\"elementor-widget-container\">\n\t\t\t\t\t\t\t\t\t<div class=\"sqs-block-content\"><p>Su especialista valorar\u00e1 sus inquietudes y el tratamiento adecuado para cumplir con sus expectativas y resultados deseados. En la mayor\u00eda de los casos, se recomienda una serie de 3 a 6 tratamientos con microagujas. Sin embargo, esto se basa en la gravedad de la condici\u00f3n de su piel y los resultados esperados. Se sugiere realizar un seguimiento de cada sesi\u00f3n con un intervalo aproximado de 4 a 6 semanas entre s\u00ed. Puede parecer que la piel tiene una quemadura solar leve o sentirse ligeramente tirante y desaparece entre 3 y 7 d\u00edas. No existe una recuperaci\u00f3n real ni un tiempo de inactividad, y puede reanudar sus actividades diarias normales de inmediato.<\/p><p>Ver\u00e1s una piel m\u00e1s firme, tersa y naturalmente revitalizada y recargada. Cada r\u00e9gimen de tratamiento se personaliza seg\u00fan las necesidades y objetivos de cada individuo.<\/p><p class=\"translation-block\">Llame para programar una cita haciendo clic en\u00a0<span style=\"color: #af8a36\"><a style=\"color: #af8a36\" href=\"https:\/\/vivemedicalspa.com\/contact\/\" data-wpel-link=\"internal\" target=\"_self\">AQU\u00cd<\/a>\u00a0<\/span>o completando nuestro formulario a continuaci\u00f3n.<\/p><\/div>\t\t\t\t\t\t\t\t<\/div>\n\t\t\t\t<\/div>\n\t\t\t\t\t<\/div>\n\t\t<\/div>\n\t\t\t\t\t<\/div>\n\t\t<\/section>\n\t\t\t\t<\/div>","protected":false},"excerpt":{"rendered":"<p>PRP Capliar PRP Therapy In Tijuana, BC Tighten, Lift And Rejuvenate Your Skin. PRP Therapy of the skin also referred to as \u201ccollagen induction therapy\u201d, is a relatively modern concept intended to stimulate the body\u2019s collagen and production of elastin. Vive Medical Spa specializes in Platelet Rich Plasma services, the majority of our clients typically [&hellip;]<\/p>","protected":false},"author":1,"featured_media":0,"parent":0,"menu_order":0,"comment_status":"closed","ping_status":"closed","template":"elementor_header_footer","meta":{"_joinchat":[],"footnotes":""},"class_list":["post-1263","page","type-page","status-publish","hentry"],"yoast_head":"<!-- This site is optimized with the Yoast SEO plugin v25.5 - https:\/\/yoast.com\/wordpress\/plugins\/seo\/ -->\n<title>PRP capliar - 360<\/title>\n<meta name=\"robots\" content=\"index, follow, max-snippet:-1, max-image-preview:large, max-video-preview:-1\" \/>\n<link rel=\"canonical\" href=\"https:\/\/360aestheticsmedspa.com\/es\/prp-capliar\/\" \/>\n<meta property=\"og:locale\" content=\"es_MX\" \/>\n<meta property=\"og:type\" content=\"article\" \/>\n<meta property=\"og:title\" content=\"PRP capliar - 360\" \/>\n<meta property=\"og:description\" content=\"PRP Capliar PRP Therapy In Tijuana, BC Tighten, Lift And Rejuvenate Your Skin. PRP Therapy of the skin also referred to as \u201ccollagen induction therapy\u201d, is a relatively modern concept intended to stimulate the body\u2019s collagen and production of elastin. Vive Medical Spa specializes in Platelet Rich Plasma services, the majority of our clients typically [&hellip;]\" \/>\n<meta property=\"og:url\" content=\"https:\/\/360aestheticsmedspa.com\/es\/prp-capliar\/\" \/>\n<meta property=\"og:site_name\" content=\"360\" \/>\n<meta property=\"article:modified_time\" content=\"2023-09-04T20:12:07+00:00\" \/>\n<meta property=\"og:image\" content=\"https:\/\/360aestheticsmedspa.com\/wp-content\/uploads\/2023\/08\/microneedling.jpg\" \/>\n<meta name=\"twitter:card\" content=\"summary_large_image\" \/>\n<meta name=\"twitter:label1\" content=\"Tiempo de lectura\" \/>\n\t<meta name=\"twitter:data1\" content=\"4 minutos\" \/>\n<script type=\"application\/ld+json\" class=\"yoast-schema-graph\">{\"@context\":\"https:\/\/schema.org\",\"@graph\":[{\"@type\":\"WebPage\",\"@id\":\"https:\/\/360aestheticsmedspa.com\/prp-capliar\/\",\"url\":\"https:\/\/360aestheticsmedspa.com\/prp-capliar\/\",\"name\":\"PRP capliar - 360\",\"isPartOf\":{\"@id\":\"https:\/\/360aestheticsmedspa.com\/#website\"},\"primaryImageOfPage\":{\"@id\":\"https:\/\/360aestheticsmedspa.com\/prp-capliar\/#primaryimage\"},\"image\":{\"@id\":\"https:\/\/360aestheticsmedspa.com\/prp-capliar\/#primaryimage\"},\"thumbnailUrl\":\"https:\/\/360aestheticsmedspa.com\/wp-content\/uploads\/2023\/08\/microneedling.jpg\",\"datePublished\":\"2023-08-03T01:05:16+00:00\",\"dateModified\":\"2023-09-04T20:12:07+00:00\",\"breadcrumb\":{\"@id\":\"https:\/\/360aestheticsmedspa.com\/prp-capliar\/#breadcrumb\"},\"inLanguage\":\"es\",\"potentialAction\":[{\"@type\":\"ReadAction\",\"target\":[\"https:\/\/360aestheticsmedspa.com\/prp-capliar\/\"]}]},{\"@type\":\"ImageObject\",\"inLanguage\":\"es\",\"@id\":\"https:\/\/360aestheticsmedspa.com\/prp-capliar\/#primaryimage\",\"url\":\"https:\/\/360aestheticsmedspa.com\/wp-content\/uploads\/2023\/08\/microneedling.jpg\",\"contentUrl\":\"https:\/\/360aestheticsmedspa.com\/wp-content\/uploads\/2023\/08\/microneedling.jpg\"},{\"@type\":\"BreadcrumbList\",\"@id\":\"https:\/\/360aestheticsmedspa.com\/prp-capliar\/#breadcrumb\",\"itemListElement\":[{\"@type\":\"ListItem\",\"position\":1,\"name\":\"Home\",\"item\":\"https:\/\/360aestheticsmedspa.com\/\"},{\"@type\":\"ListItem\",\"position\":2,\"name\":\"PRP capliar\"}]},{\"@type\":\"WebSite\",\"@id\":\"https:\/\/360aestheticsmedspa.com\/#website\",\"url\":\"https:\/\/360aestheticsmedspa.com\/\",\"name\":\"360\",\"description\":\"Aesthetics\",\"potentialAction\":[{\"@type\":\"SearchAction\",\"target\":{\"@type\":\"EntryPoint\",\"urlTemplate\":\"https:\/\/360aestheticsmedspa.com\/?s={search_term_string}\"},\"query-input\":{\"@type\":\"PropertyValueSpecification\",\"valueRequired\":true,\"valueName\":\"search_term_string\"}}],\"inLanguage\":\"es\"}]}<\/script>\n<!-- \/ Yoast SEO plugin. -->","yoast_head_json":{"title":"PRP capliar - 360","robots":{"index":"index","follow":"follow","max-snippet":"max-snippet:-1","max-image-preview":"max-image-preview:large","max-video-preview":"max-video-preview:-1"},"canonical":"https:\/\/360aestheticsmedspa.com\/es\/prp-capliar\/","og_locale":"es_MX","og_type":"article","og_title":"PRP capliar - 360","og_description":"PRP Capliar PRP Therapy In Tijuana, BC Tighten, Lift And Rejuvenate Your Skin. PRP Therapy of the skin also referred to as \u201ccollagen induction therapy\u201d, is a relatively modern concept intended to stimulate the body\u2019s collagen and production of elastin. Vive Medical Spa specializes in Platelet Rich Plasma services, the majority of our clients typically [&hellip;]","og_url":"https:\/\/360aestheticsmedspa.com\/es\/prp-capliar\/","og_site_name":"360","article_modified_time":"2023-09-04T20:12:07+00:00","og_image":[{"url":"https:\/\/360aestheticsmedspa.com\/wp-content\/uploads\/2023\/08\/microneedling.jpg","type":"","width":"","height":""}],"twitter_card":"summary_large_image","twitter_misc":{"Tiempo de lectura":"4 minutos"},"schema":{"@context":"https:\/\/schema.org","@graph":[{"@type":"WebPage","@id":"https:\/\/360aestheticsmedspa.com\/prp-capliar\/","url":"https:\/\/360aestheticsmedspa.com\/prp-capliar\/","name":"PRP capliar - 360","isPartOf":{"@id":"https:\/\/360aestheticsmedspa.com\/#website"},"primaryImageOfPage":{"@id":"https:\/\/360aestheticsmedspa.com\/prp-capliar\/#primaryimage"},"image":{"@id":"https:\/\/360aestheticsmedspa.com\/prp-capliar\/#primaryimage"},"thumbnailUrl":"https:\/\/360aestheticsmedspa.com\/wp-content\/uploads\/2023\/08\/microneedling.jpg","datePublished":"2023-08-03T01:05:16+00:00","dateModified":"2023-09-04T20:12:07+00:00","breadcrumb":{"@id":"https:\/\/360aestheticsmedspa.com\/prp-capliar\/#breadcrumb"},"inLanguage":"es","potentialAction":[{"@type":"ReadAction","target":["https:\/\/360aestheticsmedspa.com\/prp-capliar\/"]}]},{"@type":"ImageObject","inLanguage":"es","@id":"https:\/\/360aestheticsmedspa.com\/prp-capliar\/#primaryimage","url":"https:\/\/360aestheticsmedspa.com\/wp-content\/uploads\/2023\/08\/microneedling.jpg","contentUrl":"https:\/\/360aestheticsmedspa.com\/wp-content\/uploads\/2023\/08\/microneedling.jpg"},{"@type":"BreadcrumbList","@id":"https:\/\/360aestheticsmedspa.com\/prp-capliar\/#breadcrumb","itemListElement":[{"@type":"ListItem","position":1,"name":"Home","item":"https:\/\/360aestheticsmedspa.com\/"},{"@type":"ListItem","position":2,"name":"PRP capliar"}]},{"@type":"WebSite","@id":"https:\/\/360aestheticsmedspa.com\/#website","url":"https:\/\/360aestheticsmedspa.com\/","name":"360","description":"Aesthetics","potentialAction":[{"@type":"SearchAction","target":{"@type":"EntryPoint","urlTemplate":"https:\/\/360aestheticsmedspa.com\/?s={search_term_string}"},"query-input":{"@type":"PropertyValueSpecification","valueRequired":true,"valueName":"search_term_string"}}],"inLanguage":"es"}]}},"_links":{"self":[{"href":"https:\/\/360aestheticsmedspa.com\/es\/wp-json\/wp\/v2\/pages\/1263","targetHints":{"allow":["GET"]}}],"collection":[{"href":"https:\/\/360aestheticsmedspa.com\/es\/wp-json\/wp\/v2\/pages"}],"about":[{"href":"https:\/\/360aestheticsmedspa.com\/es\/wp-json\/wp\/v2\/types\/page"}],"author":[{"embeddable":true,"href":"https:\/\/360aestheticsmedspa.com\/es\/wp-json\/wp\/v2\/users\/1"}],"replies":[{"embeddable":true,"href":"https:\/\/360aestheticsmedspa.com\/es\/wp-json\/wp\/v2\/comments?post=1263"}],"version-history":[{"count":0,"href":"https:\/\/360aestheticsmedspa.com\/es\/wp-json\/wp\/v2\/pages\/1263\/revisions"}],"wp:attachment":[{"href":"https:\/\/360aestheticsmedspa.com\/es\/wp-json\/wp\/v2\/media?parent=1263"}],"curies":[{"name":"wp","href":"https:\/\/api.w.org\/{rel}","templated":true}]}}